{"id":244,"date":"2026-04-24T06:56:14","date_gmt":"2026-04-24T06:56:14","guid":{"rendered":"https:\/\/www.rome.info\/es\/?page_id=244"},"modified":"2026-04-24T09:48:29","modified_gmt":"2026-04-24T09:48:29","slug":"traslado","status":"publish","type":"page","link":"https:\/\/www.rome.info\/es\/aeropuerto\/traslado\/","title":{"rendered":"Traslados desde el aeropuerto de Roma"},"content":{"rendered":"\n<p class=\"is-style-lead\">Roma tiene dos aeropuertos: <a href=\"https:\/\/www.rome.info\/es\/aeropuerto\/fiumicino\/\">Fiumicino<\/a>, el principal aeropuerto internacional, y <a href=\"https:\/\/www.rome.info\/es\/aeropuerto\/ciampino\/\">Ciampino<\/a>, que es m\u00e1s peque\u00f1o pero m\u00e1s cercano al centro de la ciudad. Hay varias formas de llegar a cualquiera de ellos. Aqu\u00ed hemos elaborado una gu\u00eda detallada para ayudarte a que tu traslado al aeropuerto sea lo m\u00e1s fluido posible.<\/p>\n\n\n\n<div class=\"ms-p ms-rounded ms-mb-last-child-0 ms-mb-children-condensed ms-alert--contrast ms-mb-block\">\n<p><strong>\u2708\ufe0f Reserva el traslado y las principales atracciones juntos<\/strong><\/p>\n\n\n\n<p class=\"gb-text\">La <a href=\"https:\/\/www.rome.info\/es\/pases-turisticos\/rome-tourist-card\/\" data-type=\"link\" data-id=\"https:\/\/www.rome.info\/es\/pases-turisticos\/rome-tourist-card\/\"><strong>Rome Tourist Card<\/strong><\/a> ahora ofrece un complemento opcional de traslado al aeropuerto junto con acceso sin colas al Coliseo, los Museos Vaticanos y la Bas\u00edlica de San Pedro.<\/p>\n<\/div>\n\n\n\n<h2 class=\"wp-block-heading\">Traslados desde el aeropuerto de Fiumicino<\/h2>\n\n\n\n<p>El aeropuerto de Fiumicino est\u00e1 a aproximadamente 30 km del centro de Roma, pero es bastante sencillo llegar hasta all\u00ed. Hay varias formas diferentes de hacerlo, desde trenes hasta traslados privados. Aqu\u00ed est\u00e1n las opciones.<\/p>\n\n\n\n<div data-language=\"es\" data-tiqets-widget=\"discovery\" data-cards-layout=\"responsive\" data-slug-ids=\"pro1114494,pro1114531,pro1052588\" data-partner=\"romeinfo\"><\/div><script defer src=\"https:\/\/widgets.tiqets.com\/loader.js\"><\/script>\n\n\n\n<h3 class=\"wp-block-heading\">Trenes<\/h3>\n\n\n<figure>\n                    <div class=\"ms-credits\"><img decoding=\"async\" class=\"gb-image gb-image-a2e6bb73\" src=\"https:\/\/www.rome.info\/wp-content\/uploads\/f-fiumicino-train-station.jpg\" alt=\"Personas caminando hacia un tren dentro de la estaci\u00f3n de tren del aeropuerto de Fiumicino.\"><span class='ms-credits__info' id='media960'><svg xmlns=\"http:\/\/www.w3.org\/2000\/svg\" width=\"20\" height=\"22\" fill=\"#000000\" viewBox=\"0 0 256 256\"><path d=\"M128,24A104,104,0,1,0,232,128,104.11,104.11,0,0,0,128,24Zm0,192a88,88,0,1,1,88-88A88.1,88.1,0,0,1,128,216ZM96,128a32,32,0,0,0,57.6,19.2,8,8,0,0,1,12.8,9.61,48,48,0,1,1,0-57.62,8,8,0,0,1-12.8,9.61A32,32,0,0,0,96,128Z\"><\/path><\/svg>TKKurikawa\/<a href=https:\/\/depositphotos.com\/309538506\/stock-photo-rome-italy-june-2019-unidentified.html rel='nofollow' target='_blank'>Depositphotos<\/a><\/span><span class='ms-credits__btn' id='btn_media960' onclick='ms_credits_trigger(\"#media960\", this)'><svg xmlns=\"http:\/\/www.w3.org\/2000\/svg\" class=\"info_icon\" width=\"28\" height=\"28\" fill=\"#FFF\" viewBox=\"0 0 256 256\"><path d=\"M128,24A104,104,0,1,0,232,128,104.11,104.11,0,0,0,128,24Zm0,192a88,88,0,1,1,88-88A88.1,88.1,0,0,1,128,216Zm16-40a8,8,0,0,1-8,8,16,16,0,0,1-16-16V128a8,8,0,0,1,0-16,16,16,0,0,1,16,16v40A8,8,0,0,1,144,176ZM112,84a12,12,0,1,1,12,12A12,12,0,0,1,112,84Z\"><\/path><\/svg><svg xmlns=\"http:\/\/www.w3.org\/2000\/svg\" class=\"close_icon\" width=\"28\" height=\"28\" fill=\"#FFF\" viewBox=\"0 0 256 256\"><path d=\"M165.66,101.66,139.31,128l26.35,26.34a8,8,0,0,1-11.32,11.32L128,139.31l-26.34,26.35a8,8,0,0,1-11.32-11.32L116.69,128,90.34,101.66a8,8,0,0,1,11.32-11.32L128,116.69l26.34-26.35a8,8,0,0,1,11.32,11.32ZM232,128A104,104,0,1,1,128,24,104.11,104.11,0,0,1,232,128Zm-16,0a88,88,0,1,0-88,88A88.1,88.1,0,0,0,216,128Z\"><\/path><\/svg><\/span><\/div><\/figure>\n\n\n<p>Si viajas durante el d\u00eda y no tienes mucho equipaje, la forma m\u00e1s r\u00e1pida y <a href=\"https:\/\/www.rome.info\/es\/transporte\/trenes\/\">mejor de llegar a Roma es en tren<\/a>. La estaci\u00f3n de tren est\u00e1 a diez minutos a pie desde la zona de llegadas y tiene dos opciones para llegar al centro de Roma. Hay una tercera opci\u00f3n llamada Frecciargento, pero solo va a otras ciudades de Italia, salt\u00e1ndose Roma.<\/p>\n\n\n\n<h3 class=\"wp-block-heading\">Leonardo Express<\/h3>\n\n\n\n<p>Este tren es un servicio directo sin escalas hasta la estaci\u00f3n de Termini, la principal estaci\u00f3n de tren en el centro de Roma.&nbsp;<\/p>\n\n\n\n<ul class=\"wp-block-list\">\n<li>El tren sale cada 15 minutos y tarda unos 32 minutos en llegar.&nbsp;<\/li>\n\n\n\n<li>El primer tren sale del aeropuerto a las 6:08 y el \u00faltimo a las 23:23 (5:20 y 22:35 desde Termini, respectivamente).<\/li>\n\n\n\n<li>Los billetes cuestan 14 \u20ac para adultos. Los ni\u00f1os menores de 4 a\u00f1os viajan gratis y los de entre 4 y 12 a\u00f1os viajan gratis si van acompa\u00f1ados de un adulto que pague.<\/li>\n<\/ul>\n\n\n\n<h3 class=\"wp-block-heading\">Trenes regionales<\/h3>\n\n\n\n<p>Una alternativa m\u00e1s econ\u00f3mica es coger uno de los trenes regionales FL1. Es una excelente opci\u00f3n si te alojas cerca del barrio de Trastevere, ya que el tren tiene una parada cerca de esa zona.<\/p>\n\n\n\n<ul class=\"wp-block-list\">\n<li>El tren sale cada 15-30 minutos y tarda aproximadamente 50 minutos en llegar a la \u00faltima parada.<\/li>\n\n\n\n<li>El tren para en las estaciones de <a href=\"https:\/\/www.rome.info\/plan\/map\/trastevere\/\">Trastevere<\/a>, Ostiense, Tuscolana y Tiburtina en Roma. No para en Termini.<\/li>\n\n\n\n<li>El primer tren sale a las 5:58 y el \u00faltimo a las 22:28 (6:00 y 23:00, respectivamente, los domingos).<\/li>\n\n\n\n<li>Los billetes cuestan 8 \u20ac para adultos. Los ni\u00f1os menores de 4 a\u00f1os viajan gratis.<\/li>\n<\/ul>\n\n\n\n<p>Puedes comprar tu billete de tren para cualquiera de los trenes en una de las m\u00e1quinas expendedoras fuera del \u00e1rea de recogida de equipajes en el <a href=\"https:\/\/www.rome.info\/es\/aeropuerto\/\">aeropuerto<\/a> o en la m\u00e1quina expendedora o en la ventanilla de la estaci\u00f3n. Alternativamente, puedes comprar un billete online con antelaci\u00f3n.<\/p>\n\n\n\n<p>Recuerda validar el billete en una de las m\u00e1quinas del and\u00e9n antes de subir al tren.<\/p>\n\n\n\n<h3 class=\"wp-block-heading\">Autobuses<\/h3>\n\n\n<figure>\n                    <div class=\"ms-credits\"><img decoding=\"async\" class=\"gb-image gb-image-3494525a\" src=\"https:\/\/www.rome.info\/wp-content\/uploads\/f-airport-bus-shuttle.jpg\" alt=\"Un grupo de personas espera para subir a un autob\u00fas lanzadera del aeropuerto.\"><span class='ms-credits__info' id='media963'><svg xmlns=\"http:\/\/www.w3.org\/2000\/svg\" width=\"20\" height=\"22\" fill=\"#000000\" viewBox=\"0 0 256 256\"><path d=\"M128,24A104,104,0,1,0,232,128,104.11,104.11,0,0,0,128,24Zm0,192a88,88,0,1,1,88-88A88.1,88.1,0,0,1,128,216ZM96,128a32,32,0,0,0,57.6,19.2,8,8,0,0,1,12.8,9.61,48,48,0,1,1,0-57.62,8,8,0,0,1-12.8,9.61A32,32,0,0,0,96,128Z\"><\/path><\/svg><a href=https:\/\/depositphotos.com\/335943772\/stock-photo-rome-termini-station-passengers-board.html rel='nofollow' target='_blank'>Depositphotos<\/a><\/span><span class='ms-credits__btn' id='btn_media963' onclick='ms_credits_trigger(\"#media963\", this)'><svg xmlns=\"http:\/\/www.w3.org\/2000\/svg\" class=\"info_icon\" width=\"28\" height=\"28\" fill=\"#FFF\" viewBox=\"0 0 256 256\"><path d=\"M128,24A104,104,0,1,0,232,128,104.11,104.11,0,0,0,128,24Zm0,192a88,88,0,1,1,88-88A88.1,88.1,0,0,1,128,216Zm16-40a8,8,0,0,1-8,8,16,16,0,0,1-16-16V128a8,8,0,0,1,0-16,16,16,0,0,1,16,16v40A8,8,0,0,1,144,176ZM112,84a12,12,0,1,1,12,12A12,12,0,0,1,112,84Z\"><\/path><\/svg><svg xmlns=\"http:\/\/www.w3.org\/2000\/svg\" class=\"close_icon\" width=\"28\" height=\"28\" fill=\"#FFF\" viewBox=\"0 0 256 256\"><path d=\"M165.66,101.66,139.31,128l26.35,26.34a8,8,0,0,1-11.32,11.32L128,139.31l-26.34,26.35a8,8,0,0,1-11.32-11.32L116.69,128,90.34,101.66a8,8,0,0,1,11.32-11.32L128,116.69l26.34-26.35a8,8,0,0,1,11.32,11.32ZM232,128A104,104,0,1,1,128,24,104.11,104.11,0,0,1,232,128Zm-16,0a88,88,0,1,0-88,88A88.1,88.1,0,0,0,216,128Z\"><\/path><\/svg><\/span><\/div><\/figure>\n\n\n<p>La opci\u00f3n m\u00e1s econ\u00f3mica para llegar a Roma es <a href=\"https:\/\/www.rome.info\/es\/transporte\/transporte-publico\/autobus\/\">coger el autob\u00fas<\/a>. Aunque tarda m\u00e1s que el tren (hasta una hora dependiendo del tr\u00e1fico), algunos autobuses tambi\u00e9n hacen m\u00e1s paradas en el centro de la ciudad, lo que puede facilitar llegar a tu <a href=\"https:\/\/www.rome.info\/accommodation\/\">alojamiento<\/a> antes de llegar a Termini.<\/p>\n\n\n\n<p>Como Fiumicino es t\u00e9cnicamente una ciudad diferente, solo hay un autob\u00fas de transporte p\u00fablico que puede llevarte a Roma. El resto son autobuses de propiedad privada que hacen una ruta m\u00e1s r\u00e1pida. Hay cinco opciones en total para elegir:<\/p>\n\n\n\n<h3 class=\"wp-block-heading\">Terravision<\/h3>\n\n\n\n<ul class=\"wp-block-list\">\n<li>Sale desde: estaci\u00f3n de autobuses (fuera de la Terminal 3, Llegadas) &#8211; puesto 14<\/li>\n\n\n\n<li>Paradas: directo a la Estaci\u00f3n de Termini<\/li>\n\n\n\n<li>Billetes: compra online, en la estaci\u00f3n de autobuses o directamente a bordo del autob\u00fas. 6 \u20ac para adultos. Los ni\u00f1os menores de 4 a\u00f1os viajan gratis.<\/li>\n\n\n\n<li>Horario: el primer autob\u00fas sale del aeropuerto a las 8:30 y el \u00faltimo a la 0:45 (4:30 y 19:20 desde Termini, respectivamente)<\/li>\n<\/ul>\n\n\n\n<h3 class=\"wp-block-heading\">Rome Airport Bus<\/h3>\n\n\n\n<ul class=\"wp-block-list\">\n<li>Sale desde: estaci\u00f3n de autobuses (fuera de la Terminal 3, Llegadas) &#8211; puesto 15<\/li>\n\n\n\n<li>Paradas: directo a la Estaci\u00f3n de Termini<\/li>\n\n\n\n<li>Billetes: compra online, en la estaci\u00f3n de autobuses o directamente a bordo del autob\u00fas. 6,90 \u20ac para adultos. Los ni\u00f1os menores de 5 a\u00f1os viajan gratis.<\/li>\n\n\n\n<li>Horario: el primer autob\u00fas sale del aeropuerto a las 5:40 y el \u00faltimo a la 0:05 (4:25 y 23:00 desde Termini, respectivamente)<\/li>\n<\/ul>\n\n\n\n<h3 class=\"wp-block-heading\">T.A.M.<\/h3>\n\n\n\n<ul class=\"wp-block-list\">\n<li>Sale desde: estaci\u00f3n de autobuses (fuera de la Terminal 3, Llegadas) &#8211; puesto 13<\/li>\n\n\n\n<li>Paradas: Roma Ostiense y Estaci\u00f3n de Termini<\/li>\n\n\n\n<li>Billetes: compra online, en la estaci\u00f3n de autobuses o directamente a bordo del autob\u00fas. 6 \u20ac online, 8 \u20ac en la estaci\u00f3n<\/li>\n\n\n\n<li>Horario: el primer autob\u00fas sale del aeropuerto a las 5:40 y el \u00faltimo a las 2:30 (24 h desde Termini)<\/li>\n<\/ul>\n\n\n\n<h3 class=\"wp-block-heading\">SIT Bus Shuttle<\/h3>\n\n\n\n<ul class=\"wp-block-list\">\n<li>Sale desde: estaci\u00f3n de autobuses (fuera de la Terminal 3, Llegadas) &#8211; puesto 12<\/li>\n\n\n\n<li>Paradas: Via Aurelia, Ciudad del Vaticano y Estaci\u00f3n de Termini<\/li>\n\n\n\n<li>Billetes: compra online o directamente a bordo del autob\u00fas. 7 \u20ac para adultos<\/li>\n\n\n\n<li>Horario: el primer autob\u00fas sale del aeropuerto a las 8:30 y el \u00faltimo a las 21:55 (4:45 y 20:00 desde Termini, respectivamente)<\/li>\n<\/ul>\n\n\n\n<h3 class=\"wp-block-heading\">Cotral<\/h3>\n\n\n\n<ul class=\"wp-block-list\">\n<li>Sale desde: estaci\u00f3n de autobuses regionales en la Terminal 1, zona de Llegadas<\/li>\n\n\n\n<li>Paradas: Piazza del Cinquecento, Estaci\u00f3n Tiburtina, Estaci\u00f3n Termini, Estaci\u00f3n Cornelia, Estaci\u00f3n Eur-Magliana, Ostia-Piazza Sirio y Ostia-Piazza Stazione<\/li>\n\n\n\n<li>Billetes: compra en el quiosco de prensa dentro del aeropuerto o directamente a bordo del autob\u00fas a un precio m\u00e1s alto. 5-7 \u20ac para adultos<\/li>\n\n\n\n<li>Horario: el horario var\u00eda durante la semana.<\/li>\n<\/ul>\n\n\n\n<h3 class=\"wp-block-heading\">Taxis<\/h3>\n\n\n<figure>\n                    <div class=\"ms-credits\"><img decoding=\"async\" class=\"gb-image gb-image-24a82b8b\" src=\"https:\/\/www.rome.info\/wp-content\/uploads\/f-rome-taxis.jpg\" alt=\"Una fila de taxis romanos.\"><span class='ms-credits__info' id='media962'><svg xmlns=\"http:\/\/www.w3.org\/2000\/svg\" width=\"20\" height=\"22\" fill=\"#000000\" viewBox=\"0 0 256 256\"><path d=\"M128,24A104,104,0,1,0,232,128,104.11,104.11,0,0,0,128,24Zm0,192a88,88,0,1,1,88-88A88.1,88.1,0,0,1,128,216ZM96,128a32,32,0,0,0,57.6,19.2,8,8,0,0,1,12.8,9.61,48,48,0,1,1,0-57.62,8,8,0,0,1-12.8,9.61A32,32,0,0,0,96,128Z\"><\/path><\/svg><a href=https:\/\/depositphotos.com\/201933378\/stock-photo-rome-italy-june-2014-taxis.html rel='nofollow' target='_blank'>Depositphotos<\/a><\/span><span class='ms-credits__btn' id='btn_media962' onclick='ms_credits_trigger(\"#media962\", this)'><svg xmlns=\"http:\/\/www.w3.org\/2000\/svg\" class=\"info_icon\" width=\"28\" height=\"28\" fill=\"#FFF\" viewBox=\"0 0 256 256\"><path d=\"M128,24A104,104,0,1,0,232,128,104.11,104.11,0,0,0,128,24Zm0,192a88,88,0,1,1,88-88A88.1,88.1,0,0,1,128,216Zm16-40a8,8,0,0,1-8,8,16,16,0,0,1-16-16V128a8,8,0,0,1,0-16,16,16,0,0,1,16,16v40A8,8,0,0,1,144,176ZM112,84a12,12,0,1,1,12,12A12,12,0,0,1,112,84Z\"><\/path><\/svg><svg xmlns=\"http:\/\/www.w3.org\/2000\/svg\" class=\"close_icon\" width=\"28\" height=\"28\" fill=\"#FFF\" viewBox=\"0 0 256 256\"><path d=\"M165.66,101.66,139.31,128l26.35,26.34a8,8,0,0,1-11.32,11.32L128,139.31l-26.34,26.35a8,8,0,0,1-11.32-11.32L116.69,128,90.34,101.66a8,8,0,0,1,11.32-11.32L128,116.69l26.34-26.35a8,8,0,0,1,11.32,11.32ZM232,128A104,104,0,1,1,128,24,104.11,104.11,0,0,1,232,128Zm-16,0a88,88,0,1,0-88,88A88.1,88.1,0,0,0,216,128Z\"><\/path><\/svg><\/span><\/div><\/figure>\n\n\n<p>Los <a href=\"https:\/\/www.rome.info\/es\/transporte\/taxi\/\">taxis<\/a> puede que no sean la opci\u00f3n m\u00e1s econ\u00f3mica, pero son una de las formas m\u00e1s f\u00e1ciles y fiables de llegar al centro de la ciudad con la mayor rapidez y fluidez posible.<\/p>\n\n\n\n<p>Hay una tarifa fija plana de 48 \u20ac para todos los trayectos que terminen dentro de las Murallas Aurelianas, es decir, pr\u00e1cticamente cualquier lugar dentro del centro de la ciudad. Para los destinos fuera de las murallas, el viaje se cobrar\u00e1 seg\u00fan el tax\u00edmetro. Puedes pagar en efectivo o con tarjeta y aunque las propinas no son obligatorias, se agradecen.<\/p>\n\n\n\n<p>La parada de taxis est\u00e1 justo a la salida de Llegadas, con los taxis en fila. Los taxis en Roma son blancos y tienen un cartel de \u00abTaxi\u00bb en el techo. Cuidado con los conductores no autorizados que intentan acercarse a ti dentro de la zona de llegadas. Te preguntar\u00e1n si quieres un taxi y luego te dirigir\u00e1n a un coche sin licencia donde normalmente acabar\u00e1s pagando mucho m\u00e1s.<\/p>\n\n\n\n<h3 class=\"wp-block-heading\">Traslados privados<\/h3>\n\n\n<figure>\n                    <div class=\"ms-credits\"><img decoding=\"async\" class=\"gb-image gb-image-a8a68db7\" src=\"https:\/\/www.rome.info\/wp-content\/uploads\/f-private-car-tranfers.jpg\" alt=\"Un hombre con traje espera a sus pasajeros frente a un coche de traslado privado fuera de un aeropuerto.\"><span class='ms-credits__info' id='media964'><svg xmlns=\"http:\/\/www.w3.org\/2000\/svg\" width=\"20\" height=\"22\" fill=\"#000000\" viewBox=\"0 0 256 256\"><path d=\"M128,24A104,104,0,1,0,232,128,104.11,104.11,0,0,0,128,24Zm0,192a88,88,0,1,1,88-88A88.1,88.1,0,0,1,128,216ZM96,128a32,32,0,0,0,57.6,19.2,8,8,0,0,1,12.8,9.61,48,48,0,1,1,0-57.62,8,8,0,0,1-12.8,9.61A32,32,0,0,0,96,128Z\"><\/path><\/svg><a href=https:\/\/depositphotos.com\/199708764\/stock-photo-personal-driver-waiting-arrival-boss.html rel='nofollow' target='_blank'>Depositphotos<\/a><\/span><span class='ms-credits__btn' id='btn_media964' onclick='ms_credits_trigger(\"#media964\", this)'><svg xmlns=\"http:\/\/www.w3.org\/2000\/svg\" class=\"info_icon\" width=\"28\" height=\"28\" fill=\"#FFF\" viewBox=\"0 0 256 256\"><path d=\"M128,24A104,104,0,1,0,232,128,104.11,104.11,0,0,0,128,24Zm0,192a88,88,0,1,1,88-88A88.1,88.1,0,0,1,128,216Zm16-40a8,8,0,0,1-8,8,16,16,0,0,1-16-16V128a8,8,0,0,1,0-16,16,16,0,0,1,16,16v40A8,8,0,0,1,144,176ZM112,84a12,12,0,1,1,12,12A12,12,0,0,1,112,84Z\"><\/path><\/svg><svg xmlns=\"http:\/\/www.w3.org\/2000\/svg\" class=\"close_icon\" width=\"28\" height=\"28\" fill=\"#FFF\" viewBox=\"0 0 256 256\"><path d=\"M165.66,101.66,139.31,128l26.35,26.34a8,8,0,0,1-11.32,11.32L128,139.31l-26.34,26.35a8,8,0,0,1-11.32-11.32L116.69,128,90.34,101.66a8,8,0,0,1,11.32-11.32L128,116.69l26.34-26.35a8,8,0,0,1,11.32,11.32ZM232,128A104,104,0,1,1,128,24,104.11,104.11,0,0,1,232,128Zm-16,0a88,88,0,1,0-88,88A88.1,88.1,0,0,0,216,128Z\"><\/path><\/svg><\/span><\/div><\/figure>\n\n\n<p>Si viajas con mucha gente, tienes mucho equipaje o te preocupa que te estafen los taxis, tambi\u00e9n tienes la opci\u00f3n de reservar un traslado privado. Debes hacerlo antes de tu vuelo para que tu conductor dedicado pueda recogerte en Llegadas una vez que hayas llegado.<\/p>\n\n\n\n<p>Al igual que los taxis, los traslados privados tambi\u00e9n tienen una tarifa plana, aunque var\u00eda seg\u00fan la empresa que elijas y tiende a ser bastante m\u00e1s cara.<\/p>\n\n\n\n<h3 class=\"wp-block-heading\">Coches de alquiler<\/h3>\n\n\n<figure>\n                    <div class=\"ms-credits\"><img decoding=\"async\" class=\"gb-image gb-image-d92aa895\" src=\"https:\/\/www.rome.info\/wp-content\/uploads\/f-car-rental-sign.jpg\" alt=\"Un cartel de alquiler de coches en el aeropuerto.\"><span class='ms-credits__info' id='media966'><svg xmlns=\"http:\/\/www.w3.org\/2000\/svg\" width=\"20\" height=\"22\" fill=\"#000000\" viewBox=\"0 0 256 256\"><path d=\"M128,24A104,104,0,1,0,232,128,104.11,104.11,0,0,0,128,24Zm0,192a88,88,0,1,1,88-88A88.1,88.1,0,0,1,128,216ZM96,128a32,32,0,0,0,57.6,19.2,8,8,0,0,1,12.8,9.61,48,48,0,1,1,0-57.62,8,8,0,0,1-12.8,9.61A32,32,0,0,0,96,128Z\"><\/path><\/svg><a href=https:\/\/depositphotos.com\/22996224\/stock-photo-car-rental-information-sign.html rel='nofollow' target='_blank'>Depositphotos<\/a><\/span><span class='ms-credits__btn' id='btn_media966' onclick='ms_credits_trigger(\"#media966\", this)'><svg xmlns=\"http:\/\/www.w3.org\/2000\/svg\" class=\"info_icon\" width=\"28\" height=\"28\" fill=\"#FFF\" viewBox=\"0 0 256 256\"><path d=\"M128,24A104,104,0,1,0,232,128,104.11,104.11,0,0,0,128,24Zm0,192a88,88,0,1,1,88-88A88.1,88.1,0,0,1,128,216Zm16-40a8,8,0,0,1-8,8,16,16,0,0,1-16-16V128a8,8,0,0,1,0-16,16,16,0,0,1,16,16v40A8,8,0,0,1,144,176ZM112,84a12,12,0,1,1,12,12A12,12,0,0,1,112,84Z\"><\/path><\/svg><svg xmlns=\"http:\/\/www.w3.org\/2000\/svg\" class=\"close_icon\" width=\"28\" height=\"28\" fill=\"#FFF\" viewBox=\"0 0 256 256\"><path d=\"M165.66,101.66,139.31,128l26.35,26.34a8,8,0,0,1-11.32,11.32L128,139.31l-26.34,26.35a8,8,0,0,1-11.32-11.32L116.69,128,90.34,101.66a8,8,0,0,1,11.32-11.32L128,116.69l26.34-26.35a8,8,0,0,1,11.32,11.32ZM232,128A104,104,0,1,1,128,24,104.11,104.11,0,0,1,232,128Zm-16,0a88,88,0,1,0-88,88A88.1,88.1,0,0,0,216,128Z\"><\/path><\/svg><\/span><\/div><\/figure>\n\n\n<p>El aeropuerto tambi\u00e9n est\u00e1 lleno de <a href=\"https:\/\/www.rome.info\/transport\/car-rental\/\">empresas de alquiler de coches<\/a> para quienes deseen viajar de forma aut\u00f3noma. Una vez que aterrices, sigue simplemente los carteles hacia los quioscos de alquiler de coches y elige una de las numerosas empresas disponibles.<\/p>\n\n\n\n<p>Hay varias opciones, desde grandes empresas como Europcar y Hertz hasta opciones m\u00e1s econ\u00f3micas, as\u00ed que no deber\u00edas tener problemas para encontrar un coche con el que te sientas c\u00f3modo.<\/p>\n\n\n\n<p>Sin embargo, aunque tener un coche de alquiler puede darte m\u00e1s flexibilidad, tambi\u00e9n tiende a ser mucho m\u00e1s caro a la larga y puede que no sea la mejor opci\u00f3n si solo planeas quedarte en la ciudad, ya que puedes perder mucho tiempo atascado en el tr\u00e1fico y los romanos son conductores notoriamente malos. Te sugerimos alquilar un coche solo si planeas viajar fuera de Roma.<\/p>\n\n\n\n<h2 class=\"wp-block-heading\">Traslados desde el aeropuerto de Ciampino<\/h2>\n\n\n\n<div data-language=\"es\" data-tiqets-widget=\"discovery\" data-cards-layout=\"responsive\" data-slug-ids=\"pro1032544,pro977123,pro1033840\" data-partner=\"romeinfo\"><\/div><script defer src=\"https:\/\/widgets.tiqets.com\/loader.js\"><\/script>\n\n\n\n<p>Aunque Ciampino est\u00e1 t\u00e9cnicamente mucho m\u00e1s cerca del centro de la ciudad que Fiumicino (solo a 15 km de distancia), no tiene tantas opciones de transporte como el aeropuerto m\u00e1s grande. Aqu\u00ed las tienes enumeradas.<\/p>\n\n\n\n<h3 class=\"wp-block-heading\">Autobuses<\/h3>\n\n\n\n<p>Con mucho, la forma m\u00e1s f\u00e1cil y econ\u00f3mica de llegar a Roma desde el aeropuerto de Ciampino es cogiendo uno de los autobuses lanzadera privados. Tardan aproximadamente 45 minutos y te dejan en la Estaci\u00f3n de Termini.<\/p>\n\n\n\n<h3 class=\"wp-block-heading\">Terravision<\/h3>\n\n\n\n<ul class=\"wp-block-list\">\n<li>Sale desde: fuera de la Terminal de Llegadas &#8211; parada de autob\u00fas 1<\/li>\n\n\n\n<li>Paradas: directo a la Estaci\u00f3n de Termini<\/li>\n\n\n\n<li>Billetes: compra online, dentro del aeropuerto o directamente a bordo del autob\u00fas. 6 \u20ac para adultos, los ni\u00f1os menores de 4 a\u00f1os viajan gratis.<\/li>\n\n\n\n<li>Horario: el primer autob\u00fas sale del aeropuerto a las 9:35 y el \u00faltimo a las 23:40 (4:40 y 18:55 desde Termini, respectivamente)<\/li>\n<\/ul>\n\n\n\n<h3 class=\"wp-block-heading\">SIT Bus Shuttle<\/h3>\n\n\n\n<ul class=\"wp-block-list\">\n<li>Sale desde: fuera de la Terminal de Llegadas &#8211; parada de autob\u00fas 2<\/li>\n\n\n\n<li>Paradas: Estaci\u00f3n de Termini, Ciudad del Vaticano y Via Aurelia<\/li>\n\n\n\n<li>Billetes: compra online o directamente a bordo del autob\u00fas. 6 \u20ac para adultos<\/li>\n\n\n\n<li>Horario: el primer autob\u00fas sale del aeropuerto a las 8:30 y el \u00faltimo a las 23:00 (4:30 y 18:30 desde Termini, respectivamente)<\/li>\n<\/ul>\n\n\n\n<h3 class=\"wp-block-heading\">Rome Airport Bus<\/h3>\n\n\n\n<ul class=\"wp-block-list\">\n<li>Sale desde: terminal de autobuses fuera de la Terminal de Llegadas<\/li>\n\n\n\n<li>Paradas: directo a la Estaci\u00f3n de Termini<\/li>\n\n\n\n<li>Billetes: compra online, dentro del aeropuerto o directamente a bordo del autob\u00fas. 6,90 \u20ac para adultos, los ni\u00f1os menores de 5 a\u00f1os viajan gratis.<\/li>\n\n\n\n<li>Horario: el primer autob\u00fas sale del aeropuerto a las 3:30 y el \u00faltimo a las 23:30 (0:05 y 22:00 desde Termini, respectivamente)<\/li>\n<\/ul>\n\n\n\n<h3 class=\"wp-block-heading\">Tren<\/h3>\n\n\n\n<p>Desgraciadamente, no hay ninguna estaci\u00f3n de tren conectada al aeropuerto. Hay una estaci\u00f3n de tren llamada Ciampino, pero est\u00e1 ubicada en la ciudad cercana y no se recomienda porque tendr\u00edas que coger un autob\u00fas para llegar all\u00ed desde el aeropuerto.<\/p>\n\n\n\n<h3 class=\"wp-block-heading\">Taxis<\/h3>\n\n\n\n<p>Una de las opciones m\u00e1s r\u00e1pidas y f\u00e1ciles, por supuesto, es coger un taxi desde el aeropuerto directamente a tu alojamiento.&nbsp;<\/p>\n\n\n\n<p>Hay una tarifa fija de 31 \u20ac para llegar a cualquier lugar dentro de las Murallas Aurelianas, que engloba gran parte del centro de la ciudad. Para cualquier otro lugar, tendr\u00e1s que pagar seg\u00fan el tax\u00edmetro. No hay tarifa adicional por el equipaje.<\/p>\n\n\n\n<p>Ha habido muchos informes de que incluso los taxistas oficiales intentan estafar a turistas desprevenidos, as\u00ed que aseg\u00farate de saber si tu destino final est\u00e1 dentro de las murallas de la ciudad y no pagues m\u00e1s si es as\u00ed.<\/p>\n\n\n\n<h3 class=\"wp-block-heading\">Traslados privados<\/h3>\n\n\n\n<p>Al igual que en Fiumicino, si no quieres tener que discutir con los taxistas o el engorro de tener que esperar el autob\u00fas, tambi\u00e9n tienes la opci\u00f3n de contratar un traslado privado. Esto debe organizarse antes de subir al avi\u00f3n hacia Roma para que tu conductor pueda esperarte despu\u00e9s de la recogida de equipajes cuando llegues.<\/p>\n\n\n\n<p>El precio fijo del traslado privado depende de la empresa que elijas contratar, aunque tienden a ser bastante m\u00e1s caros que los taxis.<\/p>\n\n\n\n<h3 class=\"wp-block-heading\">Coches de alquiler<\/h3>\n\n\n\n<p>El aeropuerto de Ciampino tambi\u00e9n cuenta con una selecci\u00f3n de empresas de alquiler de coches que se pueden encontrar cerca de los aparcamientos P6, P8 y P12, a los que se puede llegar mediante un servicio de lanzadera gratuito hacia y desde la terminal.<\/p>\n\n\n\n<p>Una vez m\u00e1s, no recomendamos alquilar un coche si solo planeas quedarte en Roma, ya que puede ser un engorro conducir por ella; sin embargo, podr\u00eda ser una buena opci\u00f3n si tienes previsto explorar m\u00e1s \u00e1reas de Italia durante tu estancia.<\/p>\n","protected":false},"excerpt":{"rendered":"","protected":false},"author":9,"featured_media":398,"parent":209,"menu_order":0,"comment_status":"closed","ping_status":"closed","template":"","meta":{"_acf_changed":false,"footnotes":"","button_url":"https:\/\/www.tiqets.com\/es\/airport-transfer-rome-tickets-l205409\/?partner=romeinfo","ms_product_id":"","ms_product_name":"","ms_price":"","ms_currency":"","ms_rating_value":"","ms_review_count":"","rank_math_title":"Traslados desde el aeropuerto de Roma: tren, autob\u00fas, taxi y m\u00e1s","rank_math_description":"Todas las formas de llegar desde los aeropuertos de Fiumicino y Ciampino a Roma: trenes r\u00e1pidos, autobuses econ\u00f3micos, taxis, traslados privados y m\u00e1s. Informaci\u00f3n actualizada con tarifas, consejos y horarios."},"post-style":[],"producer":[36],"class_list":["post-244","page","type-page","status-publish","has-post-thumbnail"],"acf":[],"product_schema":{"ms_product_id":"","ms_product_name":"","ms_price":"","ms_currency":"","ms_rating_value":"","ms_review_count":""},"_links":{"self":[{"href":"https:\/\/www.rome.info\/es\/wp-json\/wp\/v2\/pages\/244","targetHints":{"allow":["GET"]}}],"collection":[{"href":"https:\/\/www.rome.info\/es\/wp-json\/wp\/v2\/pages"}],"about":[{"href":"https:\/\/www.rome.info\/es\/wp-json\/wp\/v2\/types\/page"}],"author":[{"embeddable":true,"href":"https:\/\/www.rome.info\/es\/wp-json\/wp\/v2\/users\/9"}],"replies":[{"embeddable":true,"href":"https:\/\/www.rome.info\/es\/wp-json\/wp\/v2\/comments?post=244"}],"version-history":[{"count":1,"href":"https:\/\/www.rome.info\/es\/wp-json\/wp\/v2\/pages\/244\/revisions"}],"predecessor-version":[{"id":276,"href":"https:\/\/www.rome.info\/es\/wp-json\/wp\/v2\/pages\/244\/revisions\/276"}],"up":[{"embeddable":true,"href":"https:\/\/www.rome.info\/es\/wp-json\/wp\/v2\/pages\/209"}],"wp:featuredmedia":[{"embeddable":true,"href":"https:\/\/www.rome.info\/es\/wp-json\/wp\/v2\/media\/398"}],"wp:attachment":[{"href":"https:\/\/www.rome.info\/es\/wp-json\/wp\/v2\/media?parent=244"}],"wp:term":[{"taxonomy":"post-style","embeddable":true,"href":"https:\/\/www.rome.info\/es\/wp-json\/wp\/v2\/post-style?post=244"},{"taxonomy":"producer","embeddable":true,"href":"https:\/\/www.rome.info\/es\/wp-json\/wp\/v2\/producer?post=244"}],"curies":[{"name":"wp","href":"https:\/\/api.w.org\/{rel}","templated":true}]}}