{"id":243,"date":"2026-04-24T06:56:13","date_gmt":"2026-04-24T06:56:13","guid":{"rendered":"https:\/\/www.rome.info\/es\/?page_id=243"},"modified":"2026-04-24T09:48:29","modified_gmt":"2026-04-24T09:48:29","slug":"ciampino","status":"publish","type":"page","link":"https:\/\/www.rome.info\/es\/aeropuerto\/ciampino\/","title":{"rendered":"Aeropuerto de Ciampino"},"content":{"rendered":"\n<p class=\"is-style-lead\">El Aeropuerto Internacional Giovan Battista Pastine, conocido m\u00e1s com\u00fanmente como Ciampino (CIA), es el segundo aeropuerto de Roma y el m\u00e1s peque\u00f1o.<\/p>\n\n\n\n<p>Solo las aerol\u00edneas de bajo coste operan desde Ciampino. Tiene vuelos hacia y desde 51 ciudades en 23 pa\u00edses diferentes, as\u00ed que si vuelas con una aerol\u00ednea de bajo coste desde Europa, lo m\u00e1s probable es que llegues aqu\u00ed.<\/p>\n\n\n<div class=\"ms-credits\">\n<img decoding=\"async\" class=\"gb-media-bc40e107\" src=\"https:\/\/www.rome.info\/wp-content\/uploads\/ciampino-entrance-1745738755.jpg\" alt=\"Viajeros con equipaje en la entrada de salidas del aeropuerto G.B. Pastine de Ciampino bajo un cielo nublado.\" title=\"ciampino-entrance-1745738755\"\/>\n<span class='ms-credits__info' id='media2529'><svg xmlns=\"http:\/\/www.w3.org\/2000\/svg\" width=\"20\" height=\"22\" fill=\"#000000\" viewBox=\"0 0 256 256\"><path d=\"M128,24A104,104,0,1,0,232,128,104.11,104.11,0,0,0,128,24Zm0,192a88,88,0,1,1,88-88A88.1,88.1,0,0,1,128,216ZM96,128a32,32,0,0,0,57.6,19.2,8,8,0,0,1,12.8,9.61,48,48,0,1,1,0-57.62,8,8,0,0,1-12.8,9.61A32,32,0,0,0,96,128Z\"><\/path><\/svg>bestravelvideo\/<a href=https:\/\/depositphotos.com\/editorial\/rome-italy-september-2017-ciampino-airport-terminal-entrance-tourists-sign-359151104.html rel='nofollow' target='_blank'>Depositphotos<\/a><\/span><span class='ms-credits__btn' id='btn_media2529' onclick='ms_credits_trigger(\"#media2529\", this)'><svg xmlns=\"http:\/\/www.w3.org\/2000\/svg\" class=\"info_icon\" width=\"28\" height=\"28\" fill=\"#FFF\" viewBox=\"0 0 256 256\"><path d=\"M128,24A104,104,0,1,0,232,128,104.11,104.11,0,0,0,128,24Zm0,192a88,88,0,1,1,88-88A88.1,88.1,0,0,1,128,216Zm16-40a8,8,0,0,1-8,8,16,16,0,0,1-16-16V128a8,8,0,0,1,0-16,16,16,0,0,1,16,16v40A8,8,0,0,1,144,176ZM112,84a12,12,0,1,1,12,12A12,12,0,0,1,112,84Z\"><\/path><\/svg><svg xmlns=\"http:\/\/www.w3.org\/2000\/svg\" class=\"close_icon\" width=\"28\" height=\"28\" fill=\"#FFF\" viewBox=\"0 0 256 256\"><path d=\"M165.66,101.66,139.31,128l26.35,26.34a8,8,0,0,1-11.32,11.32L128,139.31l-26.34,26.35a8,8,0,0,1-11.32-11.32L116.69,128,90.34,101.66a8,8,0,0,1,11.32-11.32L128,116.69l26.34-26.35a8,8,0,0,1,11.32,11.32ZM232,128A104,104,0,1,1,128,24,104.11,104.11,0,0,1,232,128Zm-16,0a88,88,0,1,0-88,88A88.1,88.1,0,0,0,216,128Z\"><\/path><\/svg><\/span><\/div>\n\n\n<h2 class=\"wp-block-heading\"><strong>Todo lo que necesitas saber<\/strong><\/h2>\n\n\n\n<p>Accesible en <a href=\"https:\/\/www.rome.info\/es\/transporte\/\">transporte p\u00fablico<\/a>, el aeropuerto de Ciampino (pronunciado chiam-PI-no) est\u00e1 al sureste de Roma y a aproximadamente 18 km del centro de la ciudad.<\/p>\n\n\n\n<p>Su nombre oficial es \u00abAeroporto di Ciampino, G.B Pastine\u00bb, en honor a un h\u00e9roe de guerra ca\u00eddo en la Segunda Guerra Mundial. As\u00ed que si es la primera vez que sales desde este aeropuerto, no te alarmes cuando veas este nombre escrito en la entrada sin ninguna menci\u00f3n de Ciampino. (Quien haya llegado al aeropuerto equivocado por confusi\u00f3n entre el nombre oficial y el local conoce bien este tipo de trauma).&nbsp;<\/p>\n\n\n\n<p>Antes de los d\u00edas de los vuelos de bajo coste, el aeropuerto de Ciampino era una base militar y solo relativamente recientemente se ha comercializado. Esto lo convierte realmente en un aeropuerto en ciernes, lo cual tiene muchas ventajas.&nbsp;<\/p>\n\n\n\n<p>Peque\u00f1o de tama\u00f1o, especialmente comparado con el gigante <a href=\"https:\/\/www.rome.info\/es\/aeropuerto\/fiumicino\/\">Fiumicino<\/a>; el CIA es muy manejable. Sin largas caminatas hasta la puerta de embarque o el control de pasaportes, sin abrumadores laber\u00ednticos recorridos por el Duty-Free. Es un asunto verdaderamente modesto.&nbsp;<\/p>\n\n\n\n<p>As\u00ed que tanto si vuelas a Ciampino por primera vez como si te dispones a salir para alguna aventura intercontinental de bajo coste, sigue leyendo para consejos de transporte, qu\u00e9 esperar y las atracciones cercanas.&nbsp;<\/p>\n\n\n\n<h2 class=\"wp-block-heading\"><strong>C\u00f3mo llegar a Roma desde Ciampino<\/strong><\/h2>\n\n\n\n<h3 class=\"wp-block-heading\">1. Autob\u00fas y metro: la forma m\u00e1s f\u00e1cil y barata<\/h3>\n\n\n\n<p>El aeropuerto de Ciampino est\u00e1 atendido por la red de transporte romano (ATAC). Hay dos autobuses locales que te dejar\u00e1n en una estaci\u00f3n de <a href=\"https:\/\/www.rome.info\/es\/transporte\/transporte-publico\/metro\/\">metro<\/a>. Un billete individual es v\u00e1lido para 100 minutos, as\u00ed que puedes usar el mismo billete para el <a href=\"https:\/\/www.rome.info\/es\/transporte\/transporte-publico\/autobus\/\">autob\u00fas<\/a> y el metro.&nbsp;<\/p>\n\n\n\n<figure><div class=\"ms-credits\">\n<img decoding=\"async\" class=\"gb-media-db5c189f\" src=\"https:\/\/www.rome.info\/wp-content\/uploads\/ciampino-terminal-bus-stop-1745739369.jpg\" alt=\"Viajeros con maletas haciendo cola para subir a los autobuses lanzadera fuera del aeropuerto de Ciampino bajo un cielo nublado, cerca de las paradas de autob\u00fas se\u00f1alizadas.\" title=\"ciampino-terminal-bus-stop-1745739369\"\/>\n<span class='ms-credits__info' id='media2531'><svg xmlns=\"http:\/\/www.w3.org\/2000\/svg\" width=\"20\" height=\"22\" fill=\"#000000\" viewBox=\"0 0 256 256\"><path d=\"M128,24A104,104,0,1,0,232,128,104.11,104.11,0,0,0,128,24Zm0,192a88,88,0,1,1,88-88A88.1,88.1,0,0,1,128,216ZM96,128a32,32,0,0,0,57.6,19.2,8,8,0,0,1,12.8,9.61,48,48,0,1,1,0-57.62,8,8,0,0,1-12.8,9.61A32,32,0,0,0,96,128Z\"><\/path><\/svg>bestravelvideo\/<a href=https:\/\/depositphotos.com\/editorial\/rome-italy-september-2017-ciampino-airport-terminal-bus-stop-crowd-360108800.html rel='nofollow' target='_blank'>Depositphotos<\/a><\/span><span class='ms-credits__btn' id='btn_media2531' onclick='ms_credits_trigger(\"#media2531\", this)'><svg xmlns=\"http:\/\/www.w3.org\/2000\/svg\" class=\"info_icon\" width=\"28\" height=\"28\" fill=\"#FFF\" viewBox=\"0 0 256 256\"><path d=\"M128,24A104,104,0,1,0,232,128,104.11,104.11,0,0,0,128,24Zm0,192a88,88,0,1,1,88-88A88.1,88.1,0,0,1,128,216Zm16-40a8,8,0,0,1-8,8,16,16,0,0,1-16-16V128a8,8,0,0,1,0-16,16,16,0,0,1,16,16v40A8,8,0,0,1,144,176ZM112,84a12,12,0,1,1,12,12A12,12,0,0,1,112,84Z\"><\/path><\/svg><svg xmlns=\"http:\/\/www.w3.org\/2000\/svg\" class=\"close_icon\" width=\"28\" height=\"28\" fill=\"#FFF\" viewBox=\"0 0 256 256\"><path d=\"M165.66,101.66,139.31,128l26.35,26.34a8,8,0,0,1-11.32,11.32L128,139.31l-26.34,26.35a8,8,0,0,1-11.32-11.32L116.69,128,90.34,101.66a8,8,0,0,1,11.32-11.32L128,116.69l26.34-26.35a8,8,0,0,1,11.32,11.32ZM232,128A104,104,0,1,1,128,24,104.11,104.11,0,0,1,232,128Zm-16,0a88,88,0,1,0-88,88A88.1,88.1,0,0,0,216,128Z\"><\/path><\/svg><\/span><\/div>\n\n\n<figcaption class=\"gb-text gb-text-1d7cbf3a\">Los pasajeros hacen cola con el equipaje para subir a los autobuses lanzadera fuera del aeropuerto de Ciampino.<\/figcaption>\n<\/figure>\n\n\n\n<p>Los pasajeros hacen cola con el equipaje para subir a los autobuses lanzadera fuera del aeropuerto de Ciampino<\/p>\n\n\n\n<p>Suponiendo que vayas a estar en el centro de Roma, el trayecto tardar\u00e1 menos de una hora, as\u00ed que es con mucho la forma m\u00e1s econ\u00f3mica de llegar a la ciudad.<\/p>\n\n\n\n<h4 class=\"wp-block-heading\"><strong>C\u00f3mo hacerlo:<\/strong>&nbsp;<\/h4>\n\n\n\n<p>En llegadas, ver\u00e1s a tu derecha una fila de taquillas de billetes de autob\u00fas.&nbsp;<\/p>\n\n\n\n<p>La \u00faltima es un mostrador oficial de Informaci\u00f3n Tur\u00edstica de Roma donde puedes comprar billetes de transporte p\u00fablico. Si planeas pasar dos d\u00edas completos en Roma, considera un <a href=\"https:\/\/www.rome.info\/es\/pases-turisticos\/\">abono de viaje de 48 horas<\/a>, v\u00e1lido en autobuses y metro.<\/p>\n\n\n\n<p>Tambi\u00e9n puedes pagar con tarjeta de cr\u00e9dito sin contacto (o la aplicaci\u00f3n en el m\u00f3vil) en el metro y en la mayor\u00eda de los autobuses.&nbsp;<\/p>\n\n\n\n<p>No es posible comprar billetes a bordo del autob\u00fas.&nbsp;<\/p>\n\n\n\n<p><strong>Consejo extra<\/strong>: Lleva siempre un billete f\u00edsico de autob\u00fas contigo, por si acaso.<\/p>\n\n\n\n<h4 class=\"wp-block-heading\"><strong>Ruta recomendada&nbsp;<\/strong><\/h4>\n\n\n\n<p>Hay dos autobuses locales que te llevar\u00e1n a una estaci\u00f3n de metro. El 520 te llevar\u00e1 a Cinecitt\u00e0, que est\u00e1 en la l\u00ednea A (naranja). El 720 te llevar\u00e1 a la Estaci\u00f3n de Metro de Laurentina, que est\u00e1 en la l\u00ednea B (azul). Te recomiendo la ruta 720, as\u00ed que aqu\u00ed tienes mi gu\u00eda paso a paso:<\/p>\n\n\n\n<p>Al salir de la sala de llegadas, te dirigir\u00e1n hacia las paradas de autob\u00fas. Los autobuses locales, as\u00ed como los autobuses directos m\u00e1s grandes (autocares), salen de varias paradas de autob\u00fas a la izquierda.<\/p>\n\n\n\n<p>Ver\u00e1s informaci\u00f3n como esta repartida por el aeropuerto y junto a las paradas de autob\u00fas. Solo son realmente \u00fatiles si sabes ad\u00f3nde vas y se supone que tienes conocimientos previos b\u00e1sicos de geograf\u00eda romana.<\/p>\n\n\n\n<p>Espera en la parada de autob\u00fas (la \u00fanica) para el 720. Los autobuses romanos locales son de color rojo rub\u00ed.&nbsp;<\/p>\n\n\n\n<p>Sube al autob\u00fas por las puertas del medio y de atr\u00e1s, no por la delantera.&nbsp;<\/p>\n\n\n\n<p>Los conductores tienen una mampara que los separa de los pasajeros. Estar\u00e1n ah\u00ed dentro, en su propio mundo, y habr\u00e1 carteles en italiano que dicen \u00abPor favor, no hable con el conductor\u00bb. Sin embargo, algunos conductores estar\u00e1n m\u00e1s que dispuestos a hablar contigo.<\/p>\n\n\n\n<p>La mayor\u00eda de los autobuses ya tienen (afortunadamente) dos formas de validar el billete: la antigua, donde el billete va a la m\u00e1quina amarilla y queda sellado con la hora, y la nueva del siglo XXI, donde simplemente acercas la tarjeta sin contacto.&nbsp;<\/p>\n\n\n\n<p><strong>Consejo extra:<\/strong> Es una buena pr\u00e1ctica llevar un billete de papel encima por si tienes la doble desgracia de que la m\u00e1quina est\u00e9 averiada y un revisor malhumorado insista en que debes tener un billete v\u00e1lido y luego te multe en el acto por no tenerlo.&nbsp;<\/p>\n\n\n\n<p>Esto es Italia. Espera dramatismo.&nbsp;&nbsp;<\/p>\n\n\n\n<p>El autob\u00fas 720 te llevar\u00e1 a trav\u00e9s de prados, verdes vi\u00f1edos y caminos semirurales con baches hasta llegar a esto. Laurentina. Una especie de centro de transporte posmoderno de los a\u00f1os 80 que necesita algo de cari\u00f1o y una mano de pintura. No puedo prometerte que ser\u00e1 el comienzo (o el final) m\u00e1s glamoroso de tus Vacaciones Romanas, pero te llevar\u00e1 a donde necesitas estar.&nbsp;<\/p>\n\n\n\n<p>Laurentina es la \u00faltima parada de la ruta del autob\u00fas, as\u00ed que no hay peligro de que pierdas la parada. Al bajar, cruza hacia las grandes columnas azules. Camina hacia la parte amarilla del edificio y la entrada a la estaci\u00f3n de metro estar\u00e1 a tu derecha.<\/p>\n\n\n\n<p>Laurentina, en la l\u00ednea B, es tambi\u00e9n la \u00faltima parada de la l\u00ednea, as\u00ed que tampoco hay peligro de ir en la direcci\u00f3n equivocada. Todos los trenes van a Termini.<\/p>\n\n\n\n<p>El destino final del tren ser\u00e1 Rebibbia o Jonio; si te quedas en el centro de Roma y no vas m\u00e1s all\u00e1 de Bologna en la l\u00ednea B, no importa qu\u00e9 tren cojas. Si tienes un billete de papel del autob\u00fas, usa el mismo para pasar por los torniquetes del metro. Si no, puedes volver a acercar la tarjeta sin contacto.&nbsp;<\/p>\n\n\n\n<p>La otra opci\u00f3n de autob\u00fas local es coger el 520 hasta Cinecitt\u00e0 en su lugar. Ten en cuenta que Cinecitt\u00e0 no es el final de la l\u00ednea, as\u00ed que comprueba con otro pasajero en qu\u00e9 parada debes bajar.&nbsp;<\/p>\n\n\n\n<p>A los italianos les encanta ayudar a los turistas, especialmente a los mayores. Cualquier excusa para charlar. La parada de autob\u00fas est\u00e1 junto a la entrada del metro (hay escalones que bajan). Puede que prefieras coger directamente la l\u00ednea A si tu alojamiento est\u00e1 m\u00e1s cerca de una parada de la A.&nbsp;<\/p>\n\n\n\n<h3 class=\"wp-block-heading\">2. <strong>Autobuses directos (autocares)<\/strong><\/h3>\n\n\n\n<p>Empresas de autob\u00fas como Terravision y Roma Airport Bus operan servicios directos a la <a href=\"https:\/\/www.rome.info\/es\/transporte\/trenes\/\">estaci\u00f3n de tren de Termini<\/a> y los billetes se pueden comprar en la sala de llegadas. El tiempo de viaje es de unos 50 minutos.<\/p>\n\n\n\n<p>Las paradas de autob\u00fas est\u00e1n a la izquierda de la parada de autob\u00fas local, justo delante de ti cuando sales del aeropuerto. No puedes perd\u00e9rtelas.&nbsp;<\/p>\n\n\n\n<h3 class=\"wp-block-heading\">3. <strong>Tren<\/strong><\/h3>\n\n\n\n<p>Ten en cuenta que no hay servicio de tren directo a este aeropuerto: el Ciampino que ves en el mapa de trenes es la ciudad real, que opera un servicio de lanzadera desde la estaci\u00f3n de tren llamado Ciampino Airlink.&nbsp;<\/p>\n\n\n\n<p>Puedes comprar el billete del autob\u00fas lanzadera en la taquilla de Llegadas. Es un trayecto corto hasta la Estaci\u00f3n de Tren de Ciampino, desde donde puedes tomar un tren regional hasta <a href=\"https:\/\/www.rome.info\/es\/transporte\/trenes\/\">Termini<\/a>.&nbsp;<\/p>\n\n\n\n<p><strong>Consejo<\/strong>: Si vuelas desde Ciampino y est\u00e1s pensando en coger el tren regional desde Termini, una advertencia:<\/p>\n\n\n\n<ul class=\"wp-block-list\">\n<li>Los trenes a Ciampino suelen salir desde el and\u00e9n 20 o 20 B, que est\u00e1 a bastante distancia de los torniquetes y es un poco dif\u00edcil de localizar entre la avalancha de gente en temporada alta. Termini es enorme.&nbsp;<\/li>\n\n\n\n<li>El autob\u00fas lanzadera puede venir o no. En teor\u00eda llegar\u00e1, pero puede que no se atenga al horario. Para mayor tranquilidad, optar\u00eda por algo un poco m\u00e1s sencillo.&nbsp;<\/li>\n<\/ul>\n\n\n\n<p>Hay autobuses directos regulares que salen desde Termini por la Via Giovanni Giolitti (a la derecha si est\u00e1s mirando hacia Termini, justo despu\u00e9s del Mercato Centrale Roma). Puedes pagar al conductor a bordo del autob\u00fas.&nbsp;<\/p>\n\n\n\n<h3 class=\"wp-block-heading\">4. <strong>Taxi y Uber<\/strong><\/h3>\n\n\n\n<p>La parada de taxis del aeropuerto de Roma est\u00e1 justo despu\u00e9s de la parada de autob\u00fas local. Son los taxis blancos locales de Roma, que todos tienen carteles de tarifas fijas pegados en la puerta. Puedes esperar pagar alrededor de 30 euros para llegar al centro de Roma.&nbsp;<\/p>\n\n\n\n<p>Los fans de Uber estar\u00e1n encantados de saber que la aplicaci\u00f3n funciona bastante bien, pero no necesariamente ahorrar\u00e1s tiempo ni dinero us\u00e1ndola. Los taxis locales aceptan pagos con tarjeta y generalmente hay suficientes para todos.&nbsp;<\/p>\n\n\n\n<h2 class=\"wp-block-heading\"><strong>Llegadas<\/strong><\/h2>\n\n\n\n<p>Al ser un aeropuerto tan peque\u00f1o, tendr\u00e1s que salir del avi\u00f3n usando las escaleras.&nbsp;<\/p>\n\n\n\n<p>No habr\u00e1 ning\u00fan puente que te conecte con la terminal. Si t\u00fa o alguien con quien viajas tiene problemas de movilidad, ten esto en cuenta. Es un paseo corto hasta el edificio de la terminal principal.&nbsp;<\/p>\n\n\n\n<p>El control de pasaportes est\u00e1 dividido entre los nacionales de la UE con pasaportes biom\u00e9tricos y todas las dem\u00e1s nacionalidades, que tendr\u00e1n el pasaporte revisado por la polic\u00eda local.&nbsp;<\/p>\n\n\n\n<p>Luego pasar\u00e1s a la recogida de equipajes y luego a una sala de llegadas muy peque\u00f1a con las se\u00f1ales de salida claramente indicadas. A tu derecha habr\u00e1 tres taquillas desde las que puedes comprar billetes de autob\u00fas a Roma.&nbsp;<\/p>\n\n\n\n<h2 class=\"wp-block-heading\"><strong>Salidas<\/strong><\/h2>\n\n\n\n<p>Los mostradores de facturaci\u00f3n est\u00e1n directamente frente a la entrada cuando subes las escaleras o la rampa. No necesitar\u00e1s preocuparte por estar en la terminal equivocada o en el \u00e1rea de facturaci\u00f3n correcta.&nbsp;<\/p>\n\n\n\n<p>Todo est\u00e1 en el mismo lugar.&nbsp;<\/p>\n\n\n\n<p>El control de seguridad est\u00e1 directamente hacia la derecha al entrar.&nbsp;<\/p>\n\n\n\n<p>Hay un carril r\u00e1pido, pero qu\u00e9 necesidad hay de usarlo, dado el tama\u00f1o del aeropuerto, es un misterio para m\u00ed.<\/p>\n\n\n\n<h2 class=\"wp-block-heading\"><strong>Servicios<\/strong><\/h2>\n\n\n\n<p>Antes de los controles de seguridad, encontrar\u00e1s aseos, un McDonald&#8217;s, una cafeter\u00eda, un WH Smith (para libros, souvenirs y art\u00edculos de tocador en general) y dos m\u00e1quinas expendedoras.&nbsp;<\/p>\n\n\n\n<p>Y eso es literalmente todo.<\/p>\n\n\n\n<p>Una vez que pases por los detectores de metales, encontrar\u00e1s una cafeter\u00eda y la posibilidad de pedir McDonald&#8217;s a trav\u00e9s de una aplicaci\u00f3n que te traen en bolsas de papel para llevar desde el otro lado. Era peculiar, pero la gente lo hac\u00eda.&nbsp;<\/p>\n\n\n\n<p>Las compras libres de impuestos y los regalos o souvenirs de \u00faltima hora son extremadamente limitados en Ciampino, as\u00ed que haz esas compras antes de llegar o te llevar\u00e1s una gran decepci\u00f3n.&nbsp;<\/p>\n\n\n\n<p>No tendr\u00e1s la experiencia de compras de lujo ni la deslumbrante variedad de cosm\u00e9ticos, perfumes y bebidas disponibles en el FCO.&nbsp;<\/p>\n\n\n\n<h2 class=\"wp-block-heading\"><strong>Alojamiento<\/strong><\/h2>\n\n\n\n<p>No hay hoteles aeroportuarios como tal, pero encontrar\u00e1s una amplia variedad cerca en la peque\u00f1a ciudad de Ciampino.&nbsp;<\/p>\n\n\n\n<p>Dos me llamaron la atenci\u00f3n:<\/p>\n\n\n\n<p>El <a href=\"https:\/\/villa-giulia-ciampino.worhot.com\/\" rel=\"noopener\">Hotel Villa Giulia<\/a> est\u00e1 a distancia a pie de la estaci\u00f3n de tren de Ciampino (ciudad) (muy \u00fatil si llegas desde Termini), ofrece entradas tard\u00edas y est\u00e1 cerca de la parada del autob\u00fas lanzadera del aeropuerto de Roma.&nbsp;<\/p>\n\n\n\n<p>Las <a href=\"https:\/\/en.plazaroomsciampino.com\/\" rel=\"noopener\">Plaza Rooms Ciampino<\/a> igualmente est\u00e1n completamente equipadas, ofreciendo desayuno gratuito y Wi-Fi, a f\u00e1cil distancia a pie de la parada del autob\u00fas lanzadera del aeropuerto.&nbsp;<\/p>\n\n\n\n<h3 class=\"wp-block-heading\"><strong>Pero, \u00bfpuedo dormir en el aeropuerto?&nbsp;<\/strong><\/h3>\n\n\n\n<p>Si tienes un vuelo especialmente temprano, ahora se te permite pasar la noche en la zona de espera muy limitada justo antes del control de seguridad. Hay Wi-Fi y un par de m\u00e1quinas expendedoras, y uno o dos carabinieri rondando para asegurarse de que todo est\u00e9 seguro.&nbsp;<\/p>\n\n\n\n<p>Hace un par de a\u00f1os, durante la pandemia, no era as\u00ed. Algunos conductores de autob\u00fas y taxistas (por no mencionar muchos sitios web por ah\u00ed) todav\u00eda no han recibido el mensaje y pueden decirte en tono muy grave que el aeropuerto est\u00e1 cerrado desde medianoche hasta las 4 de la ma\u00f1ana. Aprend\u00ed por las malas que estaban equivocados. Lo atribu\u00ed a un caso de \u00abdesinformaci\u00f3n benevolente\u00bb, que ocurre bastante en Italia. Pero todo es parte de la diversi\u00f3n.&nbsp;<\/p>\n\n\n\n<h2 class=\"wp-block-heading\"><strong>Atracciones cercanas<\/strong><\/h2>\n\n\n\n<p>Esto es Italia, as\u00ed que no deber\u00eda sorprenderte saber que siempre est\u00e1s cerca de algo maravilloso: \u00a1el problema es llegar! Este es \u00abterritorio de coches\u00bb, pero no desesperes. He buscado algunas opciones.&nbsp;<\/p>\n\n\n\n<p>As\u00ed que si tienes una escala inc\u00f3moda en Ciampino que no justifica otro d\u00eda en Roma, prueba estas.<\/p>\n\n\n\n<h3 class=\"wp-block-heading\"><strong>Castel Gandolfo<\/strong><\/h3>\n\n\n\n<h4 class=\"wp-block-heading\"><strong>\u00bfPor qu\u00e9 ir?<\/strong><\/h4>\n\n\n\n<p>Bueno, si es bueno para el Papa&#8230; Castel Gandolfo, a orillas del Lago Albano, es una verdadera delicia. Desde la estaci\u00f3n hay un corto paseo hasta el lago, donde encontrar\u00e1s encantadoras vistas y cantidad de peque\u00f1os lugares para comer algo.<\/p>\n\n\n\n<h4 class=\"wp-block-heading\"><strong>\u00bfC\u00f3mo llego?&nbsp;<\/strong><\/h4>\n\n\n\n<p>Coge el autob\u00fas Ciampino Airlink hasta la estaci\u00f3n de tren de Ciampino.<\/p>\n\n\n\n<p>Coge el tren regional hasta Castel Gandolfo.<\/p>\n\n\n\n<p>Tiempo de viaje: menos de una hora.<\/p>\n\n\n\n<h3 class=\"wp-block-heading\"><strong>Frascati<\/strong><\/h3>\n\n\n\n<h4 class=\"wp-block-heading\"><strong>\u00bfPor qu\u00e9 ir?<\/strong><\/h4>\n\n\n\n<p>Frascati es famoso por su vino.&nbsp;<\/p>\n\n\n\n<p>\u00bfNecesitas m\u00e1s razones? Bien, tambi\u00e9n es una ciudad peque\u00f1a y hermosa por derecho propio, con mucha historia, buenos restaurantes, iglesias y plazas. Me parece que estoy diciendo lo obvio, \u00a1pero todo es verdad!<\/p>\n\n\n\n<h4 class=\"wp-block-heading\"><strong>\u00bfC\u00f3mo llego?<\/strong><\/h4>\n\n\n\n<p>Dos opciones:&nbsp;<\/p>\n\n\n\n<ol class=\"wp-block-list\">\n<li>Coge el autob\u00fas Ciampino Airlink hasta la estaci\u00f3n de tren de Ciampino. Coge el tren regional hasta Frascati.<\/li>\n\n\n\n<li>Coge el autob\u00fas local 520 hasta la Estaci\u00f3n de Tren de Capannelle. Coge el tren regional hasta Frascati.<\/li>\n<\/ol>\n\n\n\n<p>Tiempo de viaje: menos de una hora.<\/p>\n","protected":false},"excerpt":{"rendered":"","protected":false},"author":9,"featured_media":397,"parent":209,"menu_order":0,"comment_status":"closed","ping_status":"closed","template":"","meta":{"_acf_changed":false,"footnotes":"","button_url":"https:\/\/www.tiqets.com\/es\/airport-transfer-rome-ciampino-l205408\/?partner=romeinfo","ms_product_id":"","ms_product_name":"","ms_price":"","ms_currency":"","ms_rating_value":"","ms_review_count":"","rank_math_title":"Aeropuerto de Ciampino (CIA) Roma: lo que debes saber antes de aterrizar","rank_math_description":"\u00bfLlegas a Ciampino? Descubre c\u00f3mo llegar r\u00e1pido a Roma, d\u00f3nde coger el autob\u00fas y qu\u00e9 esperar en este peque\u00f1o pero transitado aeropuerto."},"post-style":[],"producer":[32],"class_list":["post-243","page","type-page","status-publish","has-post-thumbnail"],"acf":[],"product_schema":{"ms_product_id":"","ms_product_name":"","ms_price":"","ms_currency":"","ms_rating_value":"","ms_review_count":""},"_links":{"self":[{"href":"https:\/\/www.rome.info\/es\/wp-json\/wp\/v2\/pages\/243","targetHints":{"allow":["GET"]}}],"collection":[{"href":"https:\/\/www.rome.info\/es\/wp-json\/wp\/v2\/pages"}],"about":[{"href":"https:\/\/www.rome.info\/es\/wp-json\/wp\/v2\/types\/page"}],"author":[{"embeddable":true,"href":"https:\/\/www.rome.info\/es\/wp-json\/wp\/v2\/users\/9"}],"replies":[{"embeddable":true,"href":"https:\/\/www.rome.info\/es\/wp-json\/wp\/v2\/comments?post=243"}],"version-history":[{"count":1,"href":"https:\/\/www.rome.info\/es\/wp-json\/wp\/v2\/pages\/243\/revisions"}],"predecessor-version":[{"id":275,"href":"https:\/\/www.rome.info\/es\/wp-json\/wp\/v2\/pages\/243\/revisions\/275"}],"up":[{"embeddable":true,"href":"https:\/\/www.rome.info\/es\/wp-json\/wp\/v2\/pages\/209"}],"wp:featuredmedia":[{"embeddable":true,"href":"https:\/\/www.rome.info\/es\/wp-json\/wp\/v2\/media\/397"}],"wp:attachment":[{"href":"https:\/\/www.rome.info\/es\/wp-json\/wp\/v2\/media?parent=243"}],"wp:term":[{"taxonomy":"post-style","embeddable":true,"href":"https:\/\/www.rome.info\/es\/wp-json\/wp\/v2\/post-style?post=243"},{"taxonomy":"producer","embeddable":true,"href":"https:\/\/www.rome.info\/es\/wp-json\/wp\/v2\/producer?post=243"}],"curies":[{"name":"wp","href":"https:\/\/api.w.org\/{rel}","templated":true}]}}