{"id":241,"date":"2026-04-24T06:56:10","date_gmt":"2026-04-24T06:56:10","guid":{"rendered":"https:\/\/www.rome.info\/es\/?page_id=241"},"modified":"2026-04-24T11:13:47","modified_gmt":"2026-04-24T11:13:47","slug":"abonos-transporte","status":"publish","type":"page","link":"https:\/\/www.rome.info\/es\/transporte\/abonos-transporte\/","title":{"rendered":"Abonos de transporte en Roma"},"content":{"rendered":"\n<p class=\"is-style-lead\">\u00bfBuscas sacar el m\u00e1ximo partido a tus billetes de <a href=\"https:\/\/www.rome.info\/es\/transporte\/transporte-publico\/\">transporte p\u00fablico<\/a> en Roma? Te explicaremos los <a href=\"https:\/\/www.rome.info\/es\/pases-turisticos\/\">diferentes abonos disponibles<\/a>, analizando el precio, la validez y c\u00f3mo usarlos para ayudarte a encontrar el billete adecuado para tu viaje.<\/p>\n\n\n\n<div data-language=\"es\" data-tiqets-widget=\"discovery\" data-cards-layout=\"responsive\" data-slug-ids=\"pro974091,pro975066,pro975058\" data-partner=\"romeinfo\"><\/div>\n\n\n\n<h2 class=\"wp-block-heading\">Tipos de abonos de transporte en Roma<\/h2>\n\n\n\n<h3 class=\"wp-block-heading\">Abono semanal ATAC<\/h3>\n\n\n\n<p>Si quieres un uso ilimitado del sistema de <a href=\"https:\/\/www.rome.info\/es\/transporte\/transporte-publico\/\">transporte<\/a> p\u00fablico de la Ciudad Eterna (incluido el <a href=\"https:\/\/www.rome.info\/es\/transporte\/transporte-publico\/metro\/\">metro<\/a>, los <a href=\"https:\/\/www.rome.info\/es\/transporte\/transporte-publico\/autobus\/\">autobuses<\/a>, los <a href=\"https:\/\/www.rome.info\/es\/transporte\/transporte-publico\/tranvia\/\">tranv\u00edas<\/a> y algunos <a href=\"https:\/\/www.rome.info\/es\/transporte\/trenes\/\">trenes<\/a> urbanos) durante una semana completa, este abono ATAC te dar\u00e1 exactamente lo que buscas.<\/p>\n\n\n\n<p>Una vez validado, puedes usar el abono durante siete d\u00edas completos (hasta medianoche del \u00faltimo d\u00eda). Con este abono, puedes usar el metro y los autobuses sin preocuparte por comprar varios billetes ni correr a comprar uno antes de salir.<\/p>\n\n\n\n<p>Ten en cuenta que necesitar\u00edas usar bastante el transporte p\u00fablico para que tenga un buen valor. Con este billete \u00fanico y con gran parte del centro hist\u00f3rico de Roma muy caminable, es poco habitual que el abono semanal compense su coste.<\/p>\n\n\n\n<h3 class=\"wp-block-heading\"><a href=\"https:\/\/www.rome.info\/es\/pases-turisticos\/roma-pass\/\" data-type=\"link\" data-id=\"https:\/\/www.rome.info\/es\/pases-turisticos\/roma-pass\/\">Roma Pass<\/a><\/h3>\n\n\n\n<img decoding=\"async\" class=\"gb-media-b35be23e\" alt=\"\" src=\"https:\/\/www.rome.info\/wp-content\/uploads\/roma-pass-1747300131.jpg\" title=\"roma-pass-1747300131\"\/>\n\n\n\n<p>El abono tur\u00edstico de mejor relaci\u00f3n calidad-precio de Roma tiene el uso ilimitado de transporte p\u00fablico incluido en su precio. Aunque solo puedes elegir entre un abono de dos o tres d\u00edas, puedes hacer mucho en esos d\u00edas. Si solo est\u00e1s en Roma un fin de semana, es el tiempo perfecto.<\/p>\n\n\n\n<p>El Roma Pass te concede entrada a dos lugares principales, as\u00ed como precios reducidos en muchas otras <a href=\"https:\/\/www.rome.info\/es\/atracciones\/\">atracciones<\/a> y <a href=\"https:\/\/www.rome.info\/es\/atracciones\/t\/museos\/\">museos<\/a>. El mejor valor es el Roma Pass de 48 horas.<\/p>\n\n\n\n<p>Si de todas formas planeas visitar las <a href=\"https:\/\/www.rome.info\/es\/atracciones\/\">atracciones<\/a> incluidas en el Roma Pass, es una decisi\u00f3n obvia. Puedes comprar el abono online, pero es m\u00e1s f\u00e1cil conseguirlo en una oficina de turismo de la ciudad.<\/p>\n\n\n\n<p><a href=\"https:\/\/www.rome.info\/es\/pases-turisticos\/roma-pass\/\" data-type=\"link\" data-id=\"https:\/\/www.rome.info\/es\/pases-turisticos\/roma-pass\/\">Descubre m\u00e1s ventajas del Roma Pass -><\/a><\/p>\n\n\n\n<h3 class=\"wp-block-heading\">MetroBus<\/h3>\n\n\n\n<p>Si el abono semanal es demasiado largo, pero sigues queriendo la comodidad del uso ilimitado, un abono MetroBus puede ofrecer la soluci\u00f3n perfecta.<\/p>\n\n\n\n<p>Puedes comprar un abono MetroBus de un d\u00eda, dos d\u00edas o tres d\u00edas, todos los cuales te conceden uso ilimitado de <a href=\"https:\/\/www.rome.info\/es\/transporte\/transporte-publico\/autobus\/\">autobuses<\/a>, <a href=\"https:\/\/www.rome.info\/es\/transporte\/transporte-publico\/tranvia\/\">tranv\u00edas<\/a> y <a href=\"https:\/\/www.rome.info\/es\/transporte\/transporte-publico\/metro\/\">l\u00edneas de metro<\/a>, as\u00ed como algunas l\u00edneas de tren urbanas durante la validez del billete.<\/p>\n\n\n\n<p>Al igual que el abono semanal, a menos que uses bastante el transporte p\u00fablico (si, por ejemplo, te alojas fuera del centro), estos a menudo no representan un buen valor por el dinero.<\/p>\n\n\n\n<h3 class=\"wp-block-heading\">BIT<\/h3>\n\n\n\n<p>Un billete de un solo uso BIT es suficiente para cubrir la mayor\u00eda de los trayectos en Roma, ya que dura 100 minutos despu\u00e9s de la validaci\u00f3n (y muy pocos trayectos por la ciudad durar\u00e1n m\u00e1s que eso). Incluso puedes cambiar de l\u00ednea de autob\u00fas con el mismo billete siempre que te quedes dentro del per\u00edodo de 100 minutos.<\/p>\n\n\n\n<p>Si el trayecto lo requiriera, podr\u00edas coger el metro y luego un autob\u00fas, aunque es importante recordar que una vez que sales del sistema de metro por completo, no puedes volver a entrar por la puerta, aunque todav\u00eda est\u00e9s dentro del per\u00edodo de validez.<\/p>\n\n\n\n<p>El billete BIT tiene una gran relaci\u00f3n calidad-precio. Puedes usarlo en autobuses, tranv\u00edas, el metro y algunos trenes urbanos. Como los principales lugares tur\u00edsticos est\u00e1n muy cerca a pie, muchos visitantes descubrir\u00e1n que usan el sistema de transporte solo una o dos veces al d\u00eda como m\u00e1ximo; para estas personas, el billete BIT es f\u00e1cilmente el mejor valor.<\/p>\n\n\n\n<p>Sin embargo, es un poco m\u00e1s inconveniente que tener un abono de varios d\u00edas, ya que tendr\u00e1s que comprar varios billetes, lo que puede significar salir del camino para encontrar una tienda Tabacchi, algo inc\u00f3modo si tienes prisa para coger un autob\u00fas.<\/p>\n\n\n\n<h2 class=\"wp-block-heading\">Informaci\u00f3n general<\/h2>\n\n\n\n<h3 class=\"wp-block-heading\">\u00bfD\u00f3nde comprar?<\/h3>\n\n\n\n<p>Como se mencion\u00f3, las estaciones de metro, las paradas de autob\u00fas m\u00e1s grandes y las tiendas Tabacchi son buenos lugares para comprar billetes. Las tiendas Tabacchi son esencialmente estancos marcados con una se\u00f1al \u00abT\u00bb. En las estaciones de metro, puedes usar una m\u00e1quina de billetes o, si hay una disponible, ir a la ventanilla de billetes.<\/p>\n\n\n\n<p>Es importante recordar que no puedes comprar billetes a bordo.<\/p>\n\n\n\n<p>Para el <a href=\"https:\/\/www.tiqets.com\/es\/rome-attractions-c71631\/tickets-for-roma-pass-p974091\/?partner=romeinfo\" rel=\"noopener\">Roma Pass<\/a>, busca cualquier punto de informaci\u00f3n tur\u00edstica. Puedes comprar un billete online, pero hace que conseguir el billete f\u00edsico sea un poco m\u00e1s complicado.<\/p>\n\n\n\n<h3 class=\"wp-block-heading\">\u00bfQu\u00e9 medios de transporte est\u00e1n incluidos?<\/h3>\n\n\n\n<p>Los autobuses, tranv\u00edas, el metro y algunas l\u00edneas urbanas forman parte de la red de transporte p\u00fablico. Consulta el sitio web de Atac para confirmar si viajas fuera del centro.<\/p>\n\n\n\n<h3 class=\"wp-block-heading\">\u00bfPuedo pagar sin contacto o conseguir billetes en el m\u00f3vil?<\/h3>\n\n\n\n<p>Los pagos sin contacto son cada vez m\u00e1s comunes en las grandes ciudades. Desafortunadamente, esta tendencia no ha llegado del todo a Roma, \u00a1al fin y al cabo es una ciudad antigua! Aunque no tienes que pagar en aureos de oro, no puedes comprar billetes en autobuses y tranv\u00edas tocando la tarjeta. Sin embargo, es una opci\u00f3n en el metro; solo no olvides tocar de nuevo en la puerta al salir.&nbsp;<\/p>\n\n\n\n<p>Los billetes electr\u00f3nicos son otra opci\u00f3n, ya que puedes comprar billetes y abonos a trav\u00e9s de una aplicaci\u00f3n B+ como <a href=\"http:\/\/www.mycicero.eu\/trasporto\/index.html\" rel=\"noopener\">myCicero<\/a>. Esto te ahorra la preocupaci\u00f3n de tener que correr a comprar un billete, \u00a1y es m\u00e1s f\u00e1cil de llevar el control que una versi\u00f3n en papel!<\/p>\n\n\n\n<h2 class=\"wp-block-heading\">C\u00f3mo usar<\/h2>\n\n\n\n<p>Para la mayor\u00eda de los visitantes en Roma, no es tan simple como tocar una tarjeta al entrar y salir; donde hay validez de billete, hay margen para la confusi\u00f3n.<\/p>\n\n\n\n<h3 class=\"wp-block-heading\">\u00bfC\u00f3mo activar y validar el billete?<\/h3>\n\n\n\n<p>Nos centraremos primero en el billete m\u00e1s utilizado, el BIT. Una vez validado, puedes viajar en transporte p\u00fablico durante 100 minutos.&nbsp;<\/p>\n\n\n\n<p>Es m\u00e1s f\u00e1cil en el metro, donde simplemente pasar por uno de los torniquetes validar\u00e1 el billete. En los autobuses y tranv\u00edas, busca una peque\u00f1a m\u00e1quina amarilla a bordo; introduce el billete y quedar\u00e1 estampado con una hora, lo que significa que el billete ya est\u00e1 validado. Si tienes un billete electr\u00f3nico, un billete individual para el autob\u00fas debe validarse leyendo un c\u00f3digo QR.<\/p>\n\n\n\n<p>Para otros abonos de varios d\u00edas, tambi\u00e9n necesitar\u00e1s estamparlos (o pasarlos por una puerta del metro) para activar el abono. Una vez que un abono est\u00e1 validado, no necesitas volver a validarlo cada vez que subas; solo lleva el abono contigo, listo para mostrarlo a los revisores si suben.<\/p>\n\n\n\n<p>El Roma Pass es v\u00e1lido desde su primer uso (puede ser la primera atracci\u00f3n si ocurri\u00f3 antes de que usaras el transporte p\u00fablico) y debe llevarse siempre encima, al igual que los abonos de varios d\u00edas.&nbsp;<\/p>\n\n\n\n<h2 class=\"wp-block-heading\">Consejos para usar los abonos de transporte de Roma<\/h2>\n\n\n\n<p>Aqu\u00ed tienes algunos consejos sobre c\u00f3mo sacar el m\u00e1ximo partido al billete que elijas:<\/p>\n\n\n\n<ul class=\"wp-block-list\">\n<li><strong>No sobreestimes la cantidad que lo usar\u00e1s.<\/strong> Gran parte de Roma es caminable, especialmente si planeas quedarte en el centro hist\u00f3rico. No asumas que el abono semanal ser\u00e1 el mejor valor si solo planeas ver los principales monumentos; \u00a1puede que lo uses mucho menos de lo que esperas!&nbsp;<\/li>\n\n\n\n<li><strong>Recuerda siempre validar.<\/strong> No revisar\u00e1n el billete en cada viaje, pero las inspecciones ocurren regularmente. Solo tener un billete no es suficiente para evitar una multa elevada: tambi\u00e9n tienes que validarlo.<\/li>\n\n\n\n<li><strong>Guarda el abono en un lugar seguro.<\/strong> Puede parecer obvio, pero es f\u00e1cil que un peque\u00f1o billete de papel se caiga de la bolsa o dejarlo accidentalmente en el hotel si usas un abono durante varios d\u00edas. Un peque\u00f1o bolso cruzado siempre es una buena idea, ya que es m\u00e1s seguro ante los carteristas.<\/li>\n\n\n\n<li><strong>Compra varios billetes individuales a la vez.<\/strong> Si solo planeas usar billetes BIT (que es la opci\u00f3n de mejor valor para la mayor\u00eda de los visitantes), compra varios a la vez. Tener algunos billetes listos te ahorrar\u00e1 buscar una tienda Tabacchi si est\u00e1s corriendo para coger el autob\u00fas.<\/li>\n\n\n\n<li><strong>Roma Pass para los nuevos visitantes.<\/strong> Si nunca has estado en Roma y planeas visitar los principales lugares, considera el Roma Pass. Puede que no merezca la pena para algunos visitantes habituales, pero tiene un gran valor si de todas formas planeas ir a las atracciones.<\/li>\n<\/ul>\n","protected":false},"excerpt":{"rendered":"","protected":false},"author":9,"featured_media":395,"parent":208,"menu_order":0,"comment_status":"closed","ping_status":"closed","template":"","meta":{"_acf_changed":false,"footnotes":"","button_url":"https:\/\/www.tiqets.com\/es\/rome-city-cards-l201350\/?partner=romeinfo","ms_product_id":"","ms_product_name":"","ms_price":"","ms_currency":"","ms_rating_value":"","ms_review_count":"","rank_math_title":"Abonos y billetes de transporte en Roma: \u00bfcu\u00e1l te conviene comprar?","rank_math_description":"Descubre los mejores abonos de transporte p\u00fablico en Roma. Compara los billetes ATAC, Roma Pass, MetroBus y BIT para encontrar la opci\u00f3n perfecta para tu viaje."},"post-style":[],"producer":[37],"class_list":["post-241","page","type-page","status-publish","has-post-thumbnail"],"acf":[],"product_schema":{"ms_product_id":"","ms_product_name":"","ms_price":"","ms_currency":"","ms_rating_value":"","ms_review_count":""},"_links":{"self":[{"href":"https:\/\/www.rome.info\/es\/wp-json\/wp\/v2\/pages\/241","targetHints":{"allow":["GET"]}}],"collection":[{"href":"https:\/\/www.rome.info\/es\/wp-json\/wp\/v2\/pages"}],"about":[{"href":"https:\/\/www.rome.info\/es\/wp-json\/wp\/v2\/types\/page"}],"author":[{"embeddable":true,"href":"https:\/\/www.rome.info\/es\/wp-json\/wp\/v2\/users\/9"}],"replies":[{"embeddable":true,"href":"https:\/\/www.rome.info\/es\/wp-json\/wp\/v2\/comments?post=241"}],"version-history":[{"count":4,"href":"https:\/\/www.rome.info\/es\/wp-json\/wp\/v2\/pages\/241\/revisions"}],"predecessor-version":[{"id":571,"href":"https:\/\/www.rome.info\/es\/wp-json\/wp\/v2\/pages\/241\/revisions\/571"}],"up":[{"embeddable":true,"href":"https:\/\/www.rome.info\/es\/wp-json\/wp\/v2\/pages\/208"}],"wp:featuredmedia":[{"embeddable":true,"href":"https:\/\/www.rome.info\/es\/wp-json\/wp\/v2\/media\/395"}],"wp:attachment":[{"href":"https:\/\/www.rome.info\/es\/wp-json\/wp\/v2\/media?parent=241"}],"wp:term":[{"taxonomy":"post-style","embeddable":true,"href":"https:\/\/www.rome.info\/es\/wp-json\/wp\/v2\/post-style?post=241"},{"taxonomy":"producer","embeddable":true,"href":"https:\/\/www.rome.info\/es\/wp-json\/wp\/v2\/producer?post=241"}],"curies":[{"name":"wp","href":"https:\/\/api.w.org\/{rel}","templated":true}]}}