{"id":240,"date":"2026-04-24T06:56:08","date_gmt":"2026-04-24T06:56:08","guid":{"rendered":"https:\/\/www.rome.info\/es\/?page_id=240"},"modified":"2026-04-24T09:48:25","modified_gmt":"2026-04-24T09:48:25","slug":"trenes","status":"publish","type":"page","link":"https:\/\/www.rome.info\/es\/transporte\/trenes\/","title":{"rendered":"Trenes en Roma"},"content":{"rendered":"\n<figure><div class=\"ms-credits\">\n<img decoding=\"async\" class=\"gb-media-541fa23f\" alt=\"Multitud entrando a la estaci\u00f3n de Roma Termini.\" src=\"https:\/\/www.rome.info\/wp-content\/uploads\/rome-termini-station-entrance-1747627223.jpg\" title=\"rome-termini-station-entrance-1747627223\" \/>\n<span class='ms-credits__info' id='media2912'><svg xmlns=\"http:\/\/www.w3.org\/2000\/svg\" width=\"20\" height=\"22\" fill=\"#000000\" viewBox=\"0 0 256 256\"><path d=\"M128,24A104,104,0,1,0,232,128,104.11,104.11,0,0,0,128,24Zm0,192a88,88,0,1,1,88-88A88.1,88.1,0,0,1,128,216ZM96,128a32,32,0,0,0,57.6,19.2,8,8,0,0,1,12.8,9.61,48,48,0,1,1,0-57.62,8,8,0,0,1-12.8,9.61A32,32,0,0,0,96,128Z\"><\/path><\/svg>a_medvedkov\/<a href=https:\/\/depositphotos.com\/editorial\/roma-termini-station-181774346.html rel='nofollow' target='_blank'>Depositphotos<\/a><\/span><span class='ms-credits__btn' id='btn_media2912' onclick='ms_credits_trigger(\"#media2912\", this)'><svg xmlns=\"http:\/\/www.w3.org\/2000\/svg\" class=\"info_icon\" width=\"28\" height=\"28\" fill=\"#FFF\" viewBox=\"0 0 256 256\"><path d=\"M128,24A104,104,0,1,0,232,128,104.11,104.11,0,0,0,128,24Zm0,192a88,88,0,1,1,88-88A88.1,88.1,0,0,1,128,216Zm16-40a8,8,0,0,1-8,8,16,16,0,0,1-16-16V128a8,8,0,0,1,0-16,16,16,0,0,1,16,16v40A8,8,0,0,1,144,176ZM112,84a12,12,0,1,1,12,12A12,12,0,0,1,112,84Z\"><\/path><\/svg><svg xmlns=\"http:\/\/www.w3.org\/2000\/svg\" class=\"close_icon\" width=\"28\" height=\"28\" fill=\"#FFF\" viewBox=\"0 0 256 256\"><path d=\"M165.66,101.66,139.31,128l26.35,26.34a8,8,0,0,1-11.32,11.32L128,139.31l-26.34,26.35a8,8,0,0,1-11.32-11.32L116.69,128,90.34,101.66a8,8,0,0,1,11.32-11.32L128,116.69l26.34-26.35a8,8,0,0,1,11.32,11.32ZM232,128A104,104,0,1,1,128,24,104.11,104.11,0,0,1,232,128Zm-16,0a88,88,0,1,0-88,88A88.1,88.1,0,0,0,216,128Z\"><\/path><\/svg><\/span><\/div>\n\n\n<figcaption class=\"gb-text\">La principal terminal de trenes de Roma, la Estaci\u00f3n de Termini.<\/figcaption>\n<\/figure>\n\n\n\n<p class=\"is-style-lead\">Es posible que los trenes no sean tu medio de transporte m\u00e1s usado en Roma, pero sigue valiendo la pena familiarizarse con el sistema.&nbsp;<\/p>\n\n\n\n<p class=\"is-style-default\">Tanto si quieres viajar m\u00e1s lejos por Italia como si simplemente quieres llegar al centro desde el aeropuerto, es \u00fatil saber m\u00e1s sobre la red ferroviaria de la ciudad.<\/p>\n\n\n\n<h2 class=\"wp-block-heading\">Estaciones de tren en Roma<\/h2>\n\n\n\n<p>No es de extra\u00f1ar que las estaciones de tren normales en Roma no sean tan omnipresentes como las estaciones de <a href=\"https:\/\/www.rome.info\/es\/transporte\/transporte-publico\/metro\/\">metro<\/a>. Solo hay un pu\u00f1ado en el centro de Roma y a\u00fan menos que sean relevantes para los turistas.<\/p>\n\n\n\n<ul class=\"wp-block-list\">\n<li><strong>La Estaci\u00f3n de Termini<\/strong> es la principal estaci\u00f3n de tren de Roma: hablaremos m\u00e1s sobre ella en breve. Es la que la mayor\u00eda de los visitantes conocer\u00e1n, pero hay algunas otras con las que te puedes encontrar.<\/li>\n\n\n\n<li><strong>Estaci\u00f3n de Trastevere.<\/strong> El barrio frondoso y bohemio de Trastevere en Roma tiene su propia estaci\u00f3n, que principalmente opera servicios de tren regionales y de cercan\u00edas. Es \u00fatil para llegar a este popular barrio, al que no se puede acceder por metro, y est\u00e1 en la l\u00ednea FL1 desde el aeropuerto de Fiumicino.<\/li>\n\n\n\n<li><strong>Estaci\u00f3n Ostiense.<\/strong> Cerca est\u00e1 Ostiense, a poca distancia al otro lado del r\u00edo desde Trastevere. Otra estaci\u00f3n, San Paolo, est\u00e1 a la vuelta de la esquina. Ambas operan l\u00edneas regionales y est\u00e1n cerca de Testaccio y las Termas de Caracalla.&nbsp;<\/li>\n\n\n\n<li><strong>Estaci\u00f3n Tiburtina.<\/strong> Tiburtina es una de las estaciones de tren m\u00e1s grandes de Roma, pero probablemente no estar\u00e1 en el radar de la mayor\u00eda de los visitantes. Est\u00e1 ubicada un poco m\u00e1s lejos del centro de lo que la mayor\u00eda de la gente se aventura, aunque desde aqu\u00ed salen trenes de alta velocidad y l\u00edneas nacionales; es m\u00e1s probable que viajes desde Termini.<\/li>\n\n\n\n<li><strong>Porta San Pietro.<\/strong> Esta es una estaci\u00f3n m\u00e1s peque\u00f1a que las otras aqu\u00ed mencionadas, pero San Pietro tiene algunos enlaces de transporte \u00fatiles. Es m\u00e1s notable por su ubicaci\u00f3n cerca del Vaticano, pero tambi\u00e9n es conocida por su conexi\u00f3n con el puerto de Civitavecchia.<\/li>\n\n\n\n<li><strong>Ostia Antica.<\/strong> Esta peque\u00f1a estaci\u00f3n no est\u00e1 t\u00e9cnicamente dentro de los l\u00edmites de la ciudad de Roma, pero est\u00e1 a solo 30 minutos en tren desde Ostiense. Ostia es una antigua ciudad portuaria y fue un importante centro comercial en la sociedad de la Roma antigua. Vale mucho la pena el corto trayecto.<\/li>\n<\/ul>\n\n\n\n<h2 class=\"wp-block-heading\">Estaci\u00f3n de Termini<\/h2>\n\n\n\n<p>La Estaci\u00f3n de Termini es la mayor estaci\u00f3n de tren de Roma y el principal centro de transporte de la ciudad. Si todos los caminos llevan a Roma, entonces todas las l\u00edneas de tren llevan a la Estaci\u00f3n de Termini (bueno, m\u00e1s o menos).<\/p>\n\n\n\n<figure><div class=\"ms-credits\">\n<img decoding=\"async\" class=\"gb-media-59c22d4a\" alt=\"Viajeros caminando por la zona de compras y restauraci\u00f3n de la estaci\u00f3n de Roma Termini.\" src=\"https:\/\/www.rome.info\/wp-content\/uploads\/rome-termini-shopping-dining-area-1747645636.jpg\" title=\"rome-termini-shopping-dining-area-1747645636\" \/>\n<span class='ms-credits__info' id='media2939'><svg xmlns=\"http:\/\/www.w3.org\/2000\/svg\" width=\"20\" height=\"22\" fill=\"#000000\" viewBox=\"0 0 256 256\"><path d=\"M128,24A104,104,0,1,0,232,128,104.11,104.11,0,0,0,128,24Zm0,192a88,88,0,1,1,88-88A88.1,88.1,0,0,1,128,216ZM96,128a32,32,0,0,0,57.6,19.2,8,8,0,0,1,12.8,9.61,48,48,0,1,1,0-57.62,8,8,0,0,1-12.8,9.61A32,32,0,0,0,96,128Z\"><\/path><\/svg> Polifoto\/<a href=https:\/\/depositphotos.com\/editorial\/rome-italy-june-2023-new-commercial-spaces-have-been-opened-662630218.html rel='nofollow' target='_blank'>Depositphotos<\/a><\/span><span class='ms-credits__btn' id='btn_media2939' onclick='ms_credits_trigger(\"#media2939\", this)'><svg xmlns=\"http:\/\/www.w3.org\/2000\/svg\" class=\"info_icon\" width=\"28\" height=\"28\" fill=\"#FFF\" viewBox=\"0 0 256 256\"><path d=\"M128,24A104,104,0,1,0,232,128,104.11,104.11,0,0,0,128,24Zm0,192a88,88,0,1,1,88-88A88.1,88.1,0,0,1,128,216Zm16-40a8,8,0,0,1-8,8,16,16,0,0,1-16-16V128a8,8,0,0,1,0-16,16,16,0,0,1,16,16v40A8,8,0,0,1,144,176ZM112,84a12,12,0,1,1,12,12A12,12,0,0,1,112,84Z\"><\/path><\/svg><svg xmlns=\"http:\/\/www.w3.org\/2000\/svg\" class=\"close_icon\" width=\"28\" height=\"28\" fill=\"#FFF\" viewBox=\"0 0 256 256\"><path d=\"M165.66,101.66,139.31,128l26.35,26.34a8,8,0,0,1-11.32,11.32L128,139.31l-26.34,26.35a8,8,0,0,1-11.32-11.32L116.69,128,90.34,101.66a8,8,0,0,1,11.32-11.32L128,116.69l26.34-26.35a8,8,0,0,1,11.32,11.32ZM232,128A104,104,0,1,1,128,24,104.11,104.11,0,0,1,232,128Zm-16,0a88,88,0,1,0-88,88A88.1,88.1,0,0,0,216,128Z\"><\/path><\/svg><\/span><\/div>\n\n\n<figcaption class=\"gb-text\">La Estaci\u00f3n de Termini es mucho m\u00e1s que una estaci\u00f3n. Tiendas, caf\u00e9s y restaurantes llenan sus tres plantas.<\/figcaption>\n<\/figure>\n\n\n\n<p>Es una estaci\u00f3n enorme, y se te perdonar\u00e1 si a primera vista piensas que es un centro comercial. Hay tres plantas, aunque la tercera es principalmente para comer; puedes ir de compras, sentarte en una cafeter\u00eda o comer bien: hay mucho que hacer mientras esperas el tren.<\/p>\n\n\n\n<h3 class=\"wp-block-heading\">C\u00f3mo llegar a Termini desde el aeropuerto<\/h3>\n\n\n\n<p>Aunque tiene conexiones dentro de la capital, en general, para los visitantes, la Estaci\u00f3n de Termini es adonde ir\u00e1n para viajar a otras partes de Italia o al aeropuerto.<\/p>\n\n\n\n<figure><div class=\"ms-credits\">\n<img decoding=\"async\" class=\"gb-media-64fa6042\" alt=\"Tren Leonardo Express de Trenitalia tipo Jazz Alstom Coradia Meridian en la estaci\u00f3n ferroviaria de Roma Fiumicino Aeroporto.\" src=\"https:\/\/www.rome.info\/wp-content\/uploads\/rome-leonardo-express-train-1747627220.jpg\" title=\"rome-leonardo-express-train-1747627220\" \/>\n<span class='ms-credits__info' id='media2911'><svg xmlns=\"http:\/\/www.w3.org\/2000\/svg\" width=\"20\" height=\"22\" fill=\"#000000\" viewBox=\"0 0 256 256\"><path d=\"M128,24A104,104,0,1,0,232,128,104.11,104.11,0,0,0,128,24Zm0,192a88,88,0,1,1,88-88A88.1,88.1,0,0,1,128,216ZM96,128a32,32,0,0,0,57.6,19.2,8,8,0,0,1,12.8,9.61,48,48,0,1,1,0-57.62,8,8,0,0,1-12.8,9.61A32,32,0,0,0,96,128Z\"><\/path><\/svg>Boarding2Now\/<a href=https:\/\/depositphotos.com\/editorial\/rome-italy-march-2025-leonardo-express-train-trenitalia-type-jazz-809198202.html rel='nofollow' target='_blank'>Depositphotos<\/a><\/span><span class='ms-credits__btn' id='btn_media2911' onclick='ms_credits_trigger(\"#media2911\", this)'><svg xmlns=\"http:\/\/www.w3.org\/2000\/svg\" class=\"info_icon\" width=\"28\" height=\"28\" fill=\"#FFF\" viewBox=\"0 0 256 256\"><path d=\"M128,24A104,104,0,1,0,232,128,104.11,104.11,0,0,0,128,24Zm0,192a88,88,0,1,1,88-88A88.1,88.1,0,0,1,128,216Zm16-40a8,8,0,0,1-8,8,16,16,0,0,1-16-16V128a8,8,0,0,1,0-16,16,16,0,0,1,16,16v40A8,8,0,0,1,144,176ZM112,84a12,12,0,1,1,12,12A12,12,0,0,1,112,84Z\"><\/path><\/svg><svg xmlns=\"http:\/\/www.w3.org\/2000\/svg\" class=\"close_icon\" width=\"28\" height=\"28\" fill=\"#FFF\" viewBox=\"0 0 256 256\"><path d=\"M165.66,101.66,139.31,128l26.35,26.34a8,8,0,0,1-11.32,11.32L128,139.31l-26.34,26.35a8,8,0,0,1-11.32-11.32L116.69,128,90.34,101.66a8,8,0,0,1,11.32-11.32L128,116.69l26.34-26.35a8,8,0,0,1,11.32,11.32ZM232,128A104,104,0,1,1,128,24,104.11,104.11,0,0,1,232,128Zm-16,0a88,88,0,1,0-88,88A88.1,88.1,0,0,0,216,128Z\"><\/path><\/svg><\/span><\/div>\n\n\n<figcaption class=\"gb-text\">El Leonardo Express en el aeropuerto de Fiumicino es el enlace de tren m\u00e1s r\u00e1pido entre el aeropuerto y la Estaci\u00f3n de Termini.<\/figcaption>\n<\/figure>\n\n\n\n<p>Est\u00e1 a 35 km del <a href=\"https:\/\/www.rome.info\/es\/aeropuerto\/fiumicino\/\">aeropuerto de Fiumicino<\/a> y son unos 30 minutos en tren. Puedes llegar a Termini desde Fiumicino a trav\u00e9s del tren Leonardo Express; es la forma m\u00e1s r\u00e1pida de llegar a la estaci\u00f3n desde el aeropuerto, pero es el doble de cara que otras opciones. A menos que tengas prisa, personalmente no creo que merezca la pena.<\/p>\n\n\n\n<p>Aunque el tren regional FL1 no te llevar\u00e1 directamente a Termini, s\u00ed llega al centro de Roma. Puedes bajarte en Trastevere, por ejemplo, y pasear hacia el centro desde all\u00ed (o coger un taxi).<\/p>\n\n\n\n<h3 class=\"wp-block-heading\">Llega pronto<\/h3>\n\n\n\n<p>Si sales desde la Estaci\u00f3n de Termini, merece la pena llegar unos 15-20 minutos antes de que salga tu tren. Esta es una de las estaciones de tren m\u00e1s grandes de Europa: si tu and\u00e9n resulta estar al otro lado de la estaci\u00f3n, necesitar\u00e1s esos minutos extra para llegar.<\/p>\n\n\n\n<p>Tambi\u00e9n har\u00e1 que todo resulte menos estresante; necesitas ese tiempo extra para orientarte, revisar los paneles de salidas y encontrar tu and\u00e9n. Si necesitas conseguir el billete al llegar, a\u00f1ade otros cinco minutos.<\/p>\n\n\n\n<h2 class=\"wp-block-heading\">Tipos de trenes&nbsp;<\/h2>\n\n\n\n<p>Adem\u00e1s del metro, hay varios tipos diferentes de trenes en Roma. Puede parecer una lista intimidante, pero en realidad las diferencias son m\u00ednimas; se reduce principalmente a la velocidad y el \u00e1rea cubierta.<\/p>\n\n\n\n<ul class=\"wp-block-list\">\n<li><strong>Nacional.<\/strong> Para viajes de larga distancia, como ir de Roma a N\u00e1poles.<\/li>\n\n\n\n<li><strong>Trenes de alta velocidad.<\/strong> Roma es un importante centro para los servicios de trenes de alta velocidad en Italia. Trenes como el Frecciarossa, el Frecciargento e Italo operan desde las principales estaciones de tren de Roma.<\/li>\n\n\n\n<li><strong>Trenes urbanos y de cercan\u00edas.<\/strong> Roma tiene varias l\u00edneas de tren urbanas que conectan la ciudad con sus suburbios y pueblos cercanos. Estos trenes son utilizados principalmente por los trabajadores que viajan entre las zonas residenciales y los centros de la ciudad o por los pasajeros que viajan distancias m\u00e1s cortas dentro de la ciudad. Hay muchas paradas en estos trenes, as\u00ed que no son los m\u00e1s r\u00e1pidos.<\/li>\n\n\n\n<li><strong>Trenes regionales.<\/strong> Los trenes regionales son realmente una combinaci\u00f3n de trenes locales y de cercan\u00edas y l\u00edneas que van un poco m\u00e1s lejos: no son solo para los trabajadores. La mayor\u00eda de estos trenes son operados por Trenitalia.<\/li>\n\n\n\n<li><strong>Trenes Intercity.<\/strong> Los trenes Intercity cubren distancias medias a largas, conectando las principales ciudades y pueblos. Ofrecen una alternativa ligeramente m\u00e1s lenta pero m\u00e1s asequible a los trenes de alta velocidad.<\/li>\n<\/ul>\n\n\n\n<figure><div class=\"ms-credits\">\n<img decoding=\"async\" class=\"gb-media-2a404882\" alt=\"Tren de alta velocidad Frecciarossa de Trenitalia en un and\u00e9n de Roma.\" src=\"https:\/\/www.rome.info\/wp-content\/uploads\/rome-frecciarossa-high-speed-train-1747640457.jpg\" title=\"rome-frecciarossa-high-speed-train-1747640457\" \/>\n<span class='ms-credits__info' id='media2927'><svg xmlns=\"http:\/\/www.w3.org\/2000\/svg\" width=\"20\" height=\"22\" fill=\"#000000\" viewBox=\"0 0 256 256\"><path d=\"M128,24A104,104,0,1,0,232,128,104.11,104.11,0,0,0,128,24Zm0,192a88,88,0,1,1,88-88A88.1,88.1,0,0,1,128,216ZM96,128a32,32,0,0,0,57.6,19.2,8,8,0,0,1,12.8,9.61,48,48,0,1,1,0-57.62,8,8,0,0,1-12.8,9.61A32,32,0,0,0,96,128Z\"><\/path><\/svg>erix2005\/<a href=https:\/\/depositphotos.com\/editorial\/modern-train-in-rome-train-station-161757442.html rel='nofollow' target='_blank'>Depositphotos<\/a><\/span><span class='ms-credits__btn' id='btn_media2927' onclick='ms_credits_trigger(\"#media2927\", this)'><svg xmlns=\"http:\/\/www.w3.org\/2000\/svg\" class=\"info_icon\" width=\"28\" height=\"28\" fill=\"#FFF\" viewBox=\"0 0 256 256\"><path d=\"M128,24A104,104,0,1,0,232,128,104.11,104.11,0,0,0,128,24Zm0,192a88,88,0,1,1,88-88A88.1,88.1,0,0,1,128,216Zm16-40a8,8,0,0,1-8,8,16,16,0,0,1-16-16V128a8,8,0,0,1,0-16,16,16,0,0,1,16,16v40A8,8,0,0,1,144,176ZM112,84a12,12,0,1,1,12,12A12,12,0,0,1,112,84Z\"><\/path><\/svg><svg xmlns=\"http:\/\/www.w3.org\/2000\/svg\" class=\"close_icon\" width=\"28\" height=\"28\" fill=\"#FFF\" viewBox=\"0 0 256 256\"><path d=\"M165.66,101.66,139.31,128l26.35,26.34a8,8,0,0,1-11.32,11.32L128,139.31l-26.34,26.35a8,8,0,0,1-11.32-11.32L116.69,128,90.34,101.66a8,8,0,0,1,11.32-11.32L128,116.69l26.34-26.35a8,8,0,0,1,11.32,11.32ZM232,128A104,104,0,1,1,128,24,104.11,104.11,0,0,1,232,128Zm-16,0a88,88,0,1,0-88,88A88.1,88.1,0,0,0,216,128Z\"><\/path><\/svg><\/span><\/div>\n\n\n<figcaption class=\"gb-text\">Este es un Frecciarossa, uno de los trenes m\u00e1s r\u00e1pidos de Italia. Ideal si viajas lejos, como a Venecia o N\u00e1poles.<\/figcaption>\n<\/figure>\n\n\n\n<h2 class=\"wp-block-heading\">Billetes de tren y tarifas<\/h2>\n\n\n\n<p>Al igual que los otros billetes de transporte p\u00fablico, las tarifas de los trenes en Roma son muy razonables. Tambi\u00e9n son f\u00e1ciles de comprar: puedes comprar billetes en la estaci\u00f3n, en una m\u00e1quina o, en las estaciones m\u00e1s grandes, en el mostrador. Pero podr\u00eda decirse que es m\u00e1s f\u00e1cil comprar los billetes online de antemano.&nbsp;<\/p>\n\n\n\n<p>La mayor\u00eda de los trenes son operados por <a href=\"https:\/\/www.trenitalia.com\/it.html\" rel=\"noopener\">Trenitalia<\/a>; puedes descargar la aplicaci\u00f3n y mostrar el billete en el m\u00f3vil. Visita el sitio web de <a href=\"https:\/\/www.italotreno.it\/en\" rel=\"noopener\">Italo<\/a> para billetes de tren de alta velocidad. Si planeas un viaje m\u00e1s largo, puede ser m\u00e1s f\u00e1cil reservar a trav\u00e9s de <a href=\"https:\/\/www.raileurope.com\/\" rel=\"noopener\">Rail Europe<\/a> o <a href=\"https:\/\/www.italiarail.com\/\" rel=\"noopener\">ItaliaRail<\/a>.<\/p>\n\n\n\n<p>En cuanto a las opciones de billetes, depender\u00e1 de la duraci\u00f3n de tu viaje. Para trenes de larga distancia, como un viaje de Roma a Mil\u00e1n o N\u00e1poles, deber\u00edas comprar los billetes con antelaci\u00f3n, tanto por el precio como por la disponibilidad.<\/p>\n\n\n\n<p>Hay descuentos disponibles para personas menores de 26 a\u00f1os, personas mayores y estudiantes, y ofertas para familias que viajan juntas. Consulta el sitio web de la empresa de trenes para obtener detalles y precios exactos, ya que est\u00e1n sujetos a cambios.<\/p>\n\n\n\n<p>Un billete de ida o de ida y vuelta comprado el mismo d\u00eda ser\u00e1 habitual para viajes de corta a media distancia. Y aunque la mayor\u00eda de los destinos fuera de la ciudad no lo incluyen, para los viajes que s\u00ed entran en los par\u00e1metros correctos, el cl\u00e1sico B.I.T., o billete de 100 minutos, funcionar\u00e1. A solo 1,50 \u20ac, es una forma muy econ\u00f3mica de viajar a corta distancia.<\/p>\n\n\n\n<p>Algunos ejemplos de destinos incluidos en esta cobertura son Lido di Ostia, Viterbo y Giardinetti.<\/p>\n\n\n\n<h2 class=\"wp-block-heading\">Abonos de tren<\/h2>\n\n\n\n<p>Como se mencion\u00f3, un n\u00famero limitado de l\u00edneas de tren est\u00e1n incluidas en la red de transporte p\u00fablico de la ciudad de Roma (Atac).&nbsp;<\/p>\n\n\n\n<p>La mayor\u00eda de las l\u00edneas de tren no est\u00e1n incluidas en los principales <a href=\"https:\/\/www.rome.info\/es\/pases-turisticos\/\">pases tur\u00edsticos<\/a>, a excepci\u00f3n de algunos trayectos m\u00e1s cortos a los suburbios; si est\u00e1n dentro de la red de transporte de la ciudad de Roma, <em>deber\u00edan<\/em> estar incluidas. Sin embargo, siempre vale la pena comprobarlo antes de emprender cualquier viaje.<\/p>\n\n\n\n<p>Para las l\u00edneas elegibles, un <a href=\"https:\/\/www.rome.info\/es\/pases-turisticos\/roma-pass\/\">Roma Pass<\/a> te permitir\u00e1 viajar ilimitadamente. Esta tarjeta tur\u00edstica concede acceso a varios lugares tur\u00edsticos y te da acceso ilimitado a la red de transporte p\u00fablico de Roma (autobuses, tranv\u00edas, metro y algunos trenes). El pase de tres d\u00edas cuesta 52 \u20ac, mientras que el Roma Pass de 42 horas est\u00e1 disponible por 32 \u20ac.<\/p>\n\n\n\n<p>Los visitantes que quieran explorar m\u00e1s all\u00e1 de Roma y viajar por el pa\u00eds en tren pueden estar interesados en el Pase Eurail Italy. Este pase solo es v\u00e1lido en la red de Trenitalia, pero ofrece viajes ferroviarios ilimitados en Italia durante 3, 4, 5 u 8 d\u00edas, que se pueden usar a lo largo de un mes.<\/p>\n\n\n\n<p>Un Pase Trenitalia est\u00e1 destinado a los visitantes extranjeros que viajan por Italia; los precios empiezan desde 129 \u20ac. El pase exacto se puede seleccionar para adaptarse a tus necesidades; elige entre las opciones Easy, Comfort y Executive, selecciona el n\u00famero de viajes (3, 4, 7 o 10) y el tipo de pasajero (adulto, senior o joven). Puedes viajar en trenes Frecce, FrecciaLink, Intercity, Intercity Night y EuroCity Italia-Suiza (solo en rutas nacionales dentro de Italia).&nbsp;&nbsp;&nbsp;<\/p>\n\n\n\n<h2 class=\"wp-block-heading\">Accesibilidad&nbsp;<\/h2>\n\n\n\n<p>Roma no tiene el mejor historial en lo que respecta a la accesibilidad, aunque est\u00e1 mejorando.<\/p>\n\n\n\n<p>Pr\u00e1cticamente todos los trenes de media y larga distancia son accesibles, incluidas las l\u00edneas Intercity. Las cosas son un poco menos predecibles para las l\u00edneas locales y regionales. La mayor\u00eda de los trenes tienen espacios designados para sillas de ruedas, pero debes notificar a la empresa de trenes con 24 horas de antelaci\u00f3n para reservar uno. Los viajes de \u00faltima hora no son realmente una opci\u00f3n.<\/p>\n\n\n\n<p>Las l\u00edneas de tren tienen l\u00edneas telef\u00f3nicas para que los pasajeros con necesidades de accesibilidad llamen con cualquier consulta. Ponerse en contacto con antelaci\u00f3n para garantizar la accesibilidad y permitirles hacer los arreglos necesarios es tu mejor opci\u00f3n.<\/p>\n\n\n\n<p>Hay ascensores para sillas de ruedas en muchas estaciones y aseos accesibles en muchos trenes. Se puede encontrar braille en toda la se\u00f1alizaci\u00f3n de los trenes accesibles, y las estaciones toman medidas adicionales para asegurarse de que son adecuadas para personas con discapacidad auditiva o visual. Aunque la red ferroviaria en Roma e Italia no es perfecta, es mucho mejor de lo que era.<\/p>\n\n\n\n<h2 class=\"wp-block-heading\">Preguntas frecuentes<\/h2>\n\n\n\n<h3 class=\"wp-block-heading\">\u00bfC\u00f3mo se llama el sistema de trenes de Roma?<\/h3>\n\n\n\n<p>No hay que confundirlo con el sistema de metro de Roma, que es simplemente el metro; el sistema de trenes no tiene nombre como tal. Las l\u00edneas de tren tendr\u00e1n nombres, como FL1, o se denominan \u00ablocales\u00bb o \u00abregionales\u00bb: la mayor\u00eda son operadas por Trenitalia, por lo que algunos pueden referirse a ellas por el nombre de la empresa.<\/p>\n\n\n\n<h3 class=\"wp-block-heading\">\u00bfCu\u00e1l es la mejor estaci\u00f3n de tren de Roma?<\/h3>\n\n\n\n<p>\u00abMejor\u00bb es subjetivo, pero la estaci\u00f3n m\u00e1s grande es Termini, y tiene la mayor cantidad de servicios con bastante diferencia.<\/p>\n\n\n\n<h3 class=\"wp-block-heading\">\u00bfC\u00f3mo se paga el tren en Roma?<\/h3>\n\n\n\n<p>Puedes comprar billetes en la estaci\u00f3n, ya sea en una m\u00e1quina de billetes o en el mostrador. Tambi\u00e9n puedes comprar el billete en la aplicaci\u00f3n, lo que es f\u00e1cil y generalmente m\u00e1s barato si se compra con antelaci\u00f3n.<\/p>\n\n\n\n<h3 class=\"wp-block-heading\">\u00bfCu\u00e1les son las diferentes estaciones de tren de Roma?<\/h3>\n\n\n\n<p>Para ver todas las estaciones de tren de Roma, echa un vistazo a un mapa en el sitio web de una de las empresas de trenes. Las estaciones de tren m\u00e1s relevantes para los turistas en Roma son Termini (con mucho la m\u00e1s grande), y Trastevere, Ostiense y San Pietro.<\/p>\n\n","protected":false},"excerpt":{"rendered":"","protected":false},"author":9,"featured_media":394,"parent":208,"menu_order":0,"comment_status":"closed","ping_status":"closed","template":"","meta":{"_acf_changed":false,"footnotes":"","button_url":"https:\/\/www.tiqets.com\/es\/rome-city-cards-l201350\/?partner=romeinfo","ms_product_id":"","ms_product_name":"","ms_price":"","ms_currency":"","ms_rating_value":"","ms_review_count":"","rank_math_title":"Trenes en Roma: estaciones, billetes, rutas y abonos de viaje","rank_math_description":"Explora el sistema de trenes de Roma: rutas, estaciones principales, opciones de abono, consejos de viaje y c\u00f3mo llegar desde el aeropuerto a estaciones como Termini."},"post-style":[],"producer":[37],"class_list":["post-240","page","type-page","status-publish","has-post-thumbnail"],"acf":[],"product_schema":{"ms_product_id":"","ms_product_name":"","ms_price":"","ms_currency":"","ms_rating_value":"","ms_review_count":""},"_links":{"self":[{"href":"https:\/\/www.rome.info\/es\/wp-json\/wp\/v2\/pages\/240","targetHints":{"allow":["GET"]}}],"collection":[{"href":"https:\/\/www.rome.info\/es\/wp-json\/wp\/v2\/pages"}],"about":[{"href":"https:\/\/www.rome.info\/es\/wp-json\/wp\/v2\/types\/page"}],"author":[{"embeddable":true,"href":"https:\/\/www.rome.info\/es\/wp-json\/wp\/v2\/users\/9"}],"replies":[{"embeddable":true,"href":"https:\/\/www.rome.info\/es\/wp-json\/wp\/v2\/comments?post=240"}],"version-history":[{"count":1,"href":"https:\/\/www.rome.info\/es\/wp-json\/wp\/v2\/pages\/240\/revisions"}],"predecessor-version":[{"id":272,"href":"https:\/\/www.rome.info\/es\/wp-json\/wp\/v2\/pages\/240\/revisions\/272"}],"up":[{"embeddable":true,"href":"https:\/\/www.rome.info\/es\/wp-json\/wp\/v2\/pages\/208"}],"wp:featuredmedia":[{"embeddable":true,"href":"https:\/\/www.rome.info\/es\/wp-json\/wp\/v2\/media\/394"}],"wp:attachment":[{"href":"https:\/\/www.rome.info\/es\/wp-json\/wp\/v2\/media?parent=240"}],"wp:term":[{"taxonomy":"post-style","embeddable":true,"href":"https:\/\/www.rome.info\/es\/wp-json\/wp\/v2\/post-style?post=240"},{"taxonomy":"producer","embeddable":true,"href":"https:\/\/www.rome.info\/es\/wp-json\/wp\/v2\/producer?post=240"}],"curies":[{"name":"wp","href":"https:\/\/api.w.org\/{rel}","templated":true}]}}