{"id":239,"date":"2026-04-24T06:56:07","date_gmt":"2026-04-24T06:56:07","guid":{"rendered":"https:\/\/www.rome.info\/es\/?page_id=239"},"modified":"2026-04-24T10:20:29","modified_gmt":"2026-04-24T10:20:29","slug":"taxi","status":"publish","type":"page","link":"https:\/\/www.rome.info\/es\/transporte\/taxi\/","title":{"rendered":"Taxis en Roma"},"content":{"rendered":"<div class=\"ms-credits\">\n<img decoding=\"async\" class=\"gb-media-20bed321\" alt=\"Taxis blancos y autobuses en un tr\u00e1fico intenso en una calle concurrida del centro de Roma.\" src=\"https:\/\/www.rome.info\/wp-content\/uploads\/rome-taxi-1747631807.jpg\" title=\"rome-taxi-1747631807\" \/>\n<span class='ms-credits__info' id='media2922'><svg xmlns=\"http:\/\/www.w3.org\/2000\/svg\" width=\"20\" height=\"22\" fill=\"#000000\" viewBox=\"0 0 256 256\"><path d=\"M128,24A104,104,0,1,0,232,128,104.11,104.11,0,0,0,128,24Zm0,192a88,88,0,1,1,88-88A88.1,88.1,0,0,1,128,216ZM96,128a32,32,0,0,0,57.6,19.2,8,8,0,0,1,12.8,9.61,48,48,0,1,1,0-57.62,8,8,0,0,1-12.8,9.61A32,32,0,0,0,96,128Z\"><\/path><\/svg>BalkansCat\/<a href=https:\/\/depositphotos.com\/editorial\/rome-italy-june-2024-line-taxis-waiting-rome-city-center-766954600.html rel='nofollow' target='_blank'>Depositphotos<\/a><\/span><span class='ms-credits__btn' id='btn_media2922' onclick='ms_credits_trigger(\"#media2922\", this)'><svg xmlns=\"http:\/\/www.w3.org\/2000\/svg\" class=\"info_icon\" width=\"28\" height=\"28\" fill=\"#FFF\" viewBox=\"0 0 256 256\"><path d=\"M128,24A104,104,0,1,0,232,128,104.11,104.11,0,0,0,128,24Zm0,192a88,88,0,1,1,88-88A88.1,88.1,0,0,1,128,216Zm16-40a8,8,0,0,1-8,8,16,16,0,0,1-16-16V128a8,8,0,0,1,0-16,16,16,0,0,1,16,16v40A8,8,0,0,1,144,176ZM112,84a12,12,0,1,1,12,12A12,12,0,0,1,112,84Z\"><\/path><\/svg><svg xmlns=\"http:\/\/www.w3.org\/2000\/svg\" class=\"close_icon\" width=\"28\" height=\"28\" fill=\"#FFF\" viewBox=\"0 0 256 256\"><path d=\"M165.66,101.66,139.31,128l26.35,26.34a8,8,0,0,1-11.32,11.32L128,139.31l-26.34,26.35a8,8,0,0,1-11.32-11.32L116.69,128,90.34,101.66a8,8,0,0,1,11.32-11.32L128,116.69l26.34-26.35a8,8,0,0,1,11.32,11.32ZM232,128A104,104,0,1,1,128,24,104.11,104.11,0,0,1,232,128Zm-16,0a88,88,0,1,0-88,88A88.1,88.1,0,0,0,216,128Z\"><\/path><\/svg><\/span><\/div>\n\n\n<p class=\"is-style-lead\">Intentar usar taxis en un pa\u00eds nuevo, especialmente cuando no hablas el idioma, puede resultar intimidante. Pero usar taxis en Roma es en realidad muy sencillo y puede ser una forma m\u00e1s c\u00f3moda de <a href=\"https:\/\/www.rome.info\/es\/transporte\/\">llegar a tu destino<\/a>.<\/p>\n\n\n\n<p><strong>Consejo:<\/strong> Si vas o vienes del aeropuerto, un <a href=\"https:\/\/www.rome.info\/es\/aeropuerto\/traslado\/\">traslado al aeropuerto prereservado<\/a> puede ahorrarte tiempo y evitar la cola del taxi. Para moverte por la ciudad, el <a href=\"https:\/\/www.rome.info\/es\/pases-turisticos\/roma-pass\/\">Roma Pass<\/a> incluye transporte p\u00fablico ilimitado y entradas a atracciones.<\/p>\n\n\n\n<p>Los taxis de la ciudad de Roma suelen ser blancos y son f\u00e1cilmente identificables con el cartel \u00abTAXI\u00bb en el techo. Tambi\u00e9n hay aplicaciones de taxi como FreeNow, Uber y appTaxi, entre otras.<\/p>\n\n\n\n<p>Te explicaremos c\u00f3mo usar los taxis en Roma, incluido el proceso de pararlos, reservarlos, entender las tarifas, la etiqueta de las propinas y los consejos de seguridad.<\/p>\n\n\n\n<h2 class=\"wp-block-heading\">Tipos de taxis disponibles<\/h2>\n\n\n\n<p>Si buscas coger un taxi en Roma, probablemente ser\u00e1 uno de los taxis blancos oficiales o alternativas como Uber. Hay varias empresas que son taxis con licencia oficial pero que son pr\u00e1cticamente indistinguibles entre s\u00ed; Radiotaxi y Pronto Taxi son solo algunos ejemplos.<\/p>\n\n\n\n<p>La mayor\u00eda de los taxis en Roma son coches t\u00edpicos de 5 plazas (incluido el conductor), pero hay algunos veh\u00edculos m\u00e1s grandes. Si buscas un taxi que pueda llevar a 6 pasajeros, deber\u00edas llamar con antelaci\u00f3n o usar una aplicaci\u00f3n: no esperes que haya uno en la parada de taxis, ya que no son tan comunes.<\/p>\n\n\n\n<h2 class=\"wp-block-heading\">C\u00f3mo conseguir un taxi en Roma<\/h2>\n\n\n\n<p>Hay varias formas de usar taxis en Roma, incluido pararlo en la calle, usar una parada de taxis y aplicaciones de servicio. Al parar un taxi en la calle, busca los taxis blancos con el cartel \u00abTAXI\u00bb en el techo.&nbsp;<\/p>\n\n\n\n<p>Ten cuidado con los taxis sin licencia o los coches particulares, ya que pueden cobrarte de m\u00e1s y no est\u00e1n autorizados para este servicio a menos que trabajen a trav\u00e9s de una aplicaci\u00f3n.&nbsp;<\/p>\n\n\n\n<h2 class=\"wp-block-heading\"><strong>Parada de taxis<\/strong><\/h2>\n\n\n<div class=\"ms-credits\">\n<img decoding=\"async\" class=\"gb-media-4ecfb3cb\" alt=\"Larga cola de personas esperando en una parada de taxis en el centro de Roma.\" src=\"https:\/\/www.rome.info\/wp-content\/uploads\/rome-taxi-queue-1747642635.jpg\" title=\"rome-taxi-queue-1747642635\" \/>\n<span class='ms-credits__info' id='media2931'><svg xmlns=\"http:\/\/www.w3.org\/2000\/svg\" width=\"20\" height=\"22\" fill=\"#000000\" viewBox=\"0 0 256 256\"><path d=\"M128,24A104,104,0,1,0,232,128,104.11,104.11,0,0,0,128,24Zm0,192a88,88,0,1,1,88-88A88.1,88.1,0,0,1,128,216ZM96,128a32,32,0,0,0,57.6,19.2,8,8,0,0,1,12.8,9.61,48,48,0,1,1,0-57.62,8,8,0,0,1-12.8,9.61A32,32,0,0,0,96,128Z\"><\/path><\/svg>TKKurikawa\/<a href=https:\/\/depositphotos.com\/editorial\/rome-italy-june-2019-unidentified-people-queue-take-taxi-termini-310215932.html rel='nofollow' target='_blank'>Depositphotos<\/a><\/span><span class='ms-credits__btn' id='btn_media2931' onclick='ms_credits_trigger(\"#media2931\", this)'><svg xmlns=\"http:\/\/www.w3.org\/2000\/svg\" class=\"info_icon\" width=\"28\" height=\"28\" fill=\"#FFF\" viewBox=\"0 0 256 256\"><path d=\"M128,24A104,104,0,1,0,232,128,104.11,104.11,0,0,0,128,24Zm0,192a88,88,0,1,1,88-88A88.1,88.1,0,0,1,128,216Zm16-40a8,8,0,0,1-8,8,16,16,0,0,1-16-16V128a8,8,0,0,1,0-16,16,16,0,0,1,16,16v40A8,8,0,0,1,144,176ZM112,84a12,12,0,1,1,12,12A12,12,0,0,1,112,84Z\"><\/path><\/svg><svg xmlns=\"http:\/\/www.w3.org\/2000\/svg\" class=\"close_icon\" width=\"28\" height=\"28\" fill=\"#FFF\" viewBox=\"0 0 256 256\"><path d=\"M165.66,101.66,139.31,128l26.35,26.34a8,8,0,0,1-11.32,11.32L128,139.31l-26.34,26.35a8,8,0,0,1-11.32-11.32L116.69,128,90.34,101.66a8,8,0,0,1,11.32-11.32L128,116.69l26.34-26.35a8,8,0,0,1,11.32,11.32ZM232,128A104,104,0,1,1,128,24,104.11,104.11,0,0,1,232,128Zm-16,0a88,88,0,1,0-88,88A88.1,88.1,0,0,0,216,128Z\"><\/path><\/svg><\/span><\/div>\n\n\n<p>Para encontrar paradas de taxis en Roma, busca las \u00e1reas designadas con el cartel \u00abTaxi\u00bb, que normalmente es naranja. Estas paradas suelen estar cerca de las <a href=\"https:\/\/www.rome.info\/es\/atracciones\/\">principales atracciones tur\u00edsticas<\/a>, las <a href=\"https:\/\/www.rome.info\/es\/transporte\/trenes\/\">estaciones de tren<\/a> y los <a href=\"https:\/\/www.rome.info\/es\/aeropuerto\/\">aeropuertos<\/a>. Si no hay ning\u00fan taxi, espera unos minutos porque uno llegar\u00e1 m\u00e1s tarde o m\u00e1s temprano, incluso en horas tard\u00edas.<\/p>\n\n\n\n<p>A veces hay esperas largas durante la hora punta, pero los taxis vienen con m\u00e1s frecuencia, as\u00ed que la espera no es larga; no te intimides.<\/p>\n\n\n\n<h2 class=\"wp-block-heading\">Parar uno en la calle<\/h2>\n\n\n\n<p>Parar taxis en la calle no es tan habitual como en otras grandes ciudades. Si tienes suerte, encontrar\u00e1s un taxi vac\u00edo en la calle, lejos de la parada. Esto no es lo habitual, ya que todos los conductores procuran ir a las paradas. Sin embargo, no es imposible, as\u00ed que si ocurre, adelante y sube.<\/p>\n\n\n\n<h2 class=\"wp-block-heading\">Llamar para reservar<\/h2>\n\n\n\n<p>Tambi\u00e9n puedes reservar por tel\u00e9fono. Una empresa popular es Roma Capitale Taxi; tendr\u00e1s que llamar desde tu <a href=\"https:\/\/www.rome.info\/accommodation\/\">alojamiento<\/a> y desde una l\u00ednea italiana, ya que es un n\u00famero local, o puedes enviarles un mensaje por Whatsapp.&nbsp;<\/p>\n\n\n\n<h3 class=\"wp-block-heading\">Otras empresas<\/h3>\n\n\n\n<ul class=\"wp-block-list\">\n<li>Radiotaxi<\/li>\n\n\n\n<li>Chiama Taxi<\/li>\n\n\n\n<li>Prontotaxi<\/li>\n\n\n\n<li>Tevere<\/li>\n<\/ul>\n\n\n\n<h2 class=\"wp-block-heading\">Tarifas y rutas<\/h2>\n\n\n\n<p>Las tarifas en Roma son generalmente razonables, pero pueden variar seg\u00fan la hora del d\u00eda y la distancia recorrida.<\/p>\n\n\n\n<p>Es importante entender la estructura de tarifas antes de coger un taxi en Roma. Las tarifas est\u00e1n reguladas por la ciudad y se basan en la distancia recorrida y la hora del d\u00eda. Hay una tarifa base fija, que var\u00eda seg\u00fan la hora del d\u00eda y el d\u00eda de la semana.<\/p>\n\n\n\n<p>Tambi\u00e9n hay un cargo por kil\u00f3metro, que se a\u00f1ade a la tarifa base. Adem\u00e1s, puede haber cargos adicionales por equipaje, suplemento nocturno y tarifas de reserva.<\/p>\n\n\n\n<p>Si quieres un precio fijo, te recomendamos usar Uber, que a veces puede ofrecer una tarifa m\u00e1s alta pero, independientemente de los desv\u00edos, el equipaje y los retrasos, la tarifa prometida permanecer\u00e1 sin cambios.<\/p>\n\n\n\n<p>El precio final del trayecto es el que aparece en el tax\u00edmetro; pueden a\u00f1adirse cargos adicionales por 4 o m\u00e1s pasajeros, equipaje o solicitudes adicionales.&nbsp;<\/p>\n\n\n\n<h2 class=\"wp-block-heading\">\u00bfSe da propina a los taxistas en Roma?<\/h2>\n\n\n\n<p>Las propinas no son obligatorias en Roma; los conductores no esperan que dejes una propina, pero es costumbre redondear la tarifa al euro m\u00e1s cercano o dejar una peque\u00f1a propina, especialmente si est\u00e1s satisfecho con el servicio. Las propinas, por supuesto, siempre son bienvenidas si quieres mostrar tu agradecimiento por el servicio. La mayor\u00eda de las aplicaciones tambi\u00e9n te permiten dar propina a trav\u00e9s de la aplicaci\u00f3n.<\/p>\n\n\n\n<p>La mayor\u00eda de los taxis tienen tax\u00edmetros modernos. En el lado izquierdo del espejo retrovisor puedes ver el coste del servicio.<\/p>\n\n\n\n<h2 class=\"wp-block-heading\">Taxis hacia y desde el aeropuerto<\/h2>\n\n\n<div class=\"ms-credits\">\n<img decoding=\"async\" class=\"gb-media-f01215f8\" alt=\"Pasajeros y taxis fuera de la Terminal 3 del aeropuerto de Roma Fiumicino.\" src=\"https:\/\/www.rome.info\/wp-content\/uploads\/rome-fiumicino-airport-taxi-area-1747642638.jpg\" title=\"rome-fiumicino-airport-taxi-area-1747642638\" \/>\n<span class='ms-credits__info' id='media2932'><svg xmlns=\"http:\/\/www.w3.org\/2000\/svg\" width=\"20\" height=\"22\" fill=\"#000000\" viewBox=\"0 0 256 256\"><path d=\"M128,24A104,104,0,1,0,232,128,104.11,104.11,0,0,0,128,24Zm0,192a88,88,0,1,1,88-88A88.1,88.1,0,0,1,128,216ZM96,128a32,32,0,0,0,57.6,19.2,8,8,0,0,1,12.8,9.61,48,48,0,1,1,0-57.62,8,8,0,0,1-12.8,9.61A32,32,0,0,0,96,128Z\"><\/path><\/svg>TKKurikawa\/<a href=https:\/\/depositphotos.com\/editorial\/rome-italy-june-2019-unidentified-people-travel-leonardo-vinci-fiumicino-310228486.html rel='nofollow' target='_blank'>Depositphotos<\/a><\/span><span class='ms-credits__btn' id='btn_media2932' onclick='ms_credits_trigger(\"#media2932\", this)'><svg xmlns=\"http:\/\/www.w3.org\/2000\/svg\" class=\"info_icon\" width=\"28\" height=\"28\" fill=\"#FFF\" viewBox=\"0 0 256 256\"><path d=\"M128,24A104,104,0,1,0,232,128,104.11,104.11,0,0,0,128,24Zm0,192a88,88,0,1,1,88-88A88.1,88.1,0,0,1,128,216Zm16-40a8,8,0,0,1-8,8,16,16,0,0,1-16-16V128a8,8,0,0,1,0-16,16,16,0,0,1,16,16v40A8,8,0,0,1,144,176ZM112,84a12,12,0,1,1,12,12A12,12,0,0,1,112,84Z\"><\/path><\/svg><svg xmlns=\"http:\/\/www.w3.org\/2000\/svg\" class=\"close_icon\" width=\"28\" height=\"28\" fill=\"#FFF\" viewBox=\"0 0 256 256\"><path d=\"M165.66,101.66,139.31,128l26.35,26.34a8,8,0,0,1-11.32,11.32L128,139.31l-26.34,26.35a8,8,0,0,1-11.32-11.32L116.69,128,90.34,101.66a8,8,0,0,1,11.32-11.32L128,116.69l26.34-26.35a8,8,0,0,1,11.32,11.32ZM232,128A104,104,0,1,1,128,24,104.11,104.11,0,0,1,232,128Zm-16,0a88,88,0,1,0-88,88A88.1,88.1,0,0,0,216,128Z\"><\/path><\/svg><\/span><\/div>\n\n\n<p>Tanto los aeropuertos de <a href=\"https:\/\/www.rome.info\/es\/aeropuerto\/fiumicino\/\">Fiumicino<\/a> como de <a href=\"https:\/\/www.rome.info\/es\/aeropuerto\/ciampino\/\">Ciampino<\/a> tienen paradas de taxi ubicadas fuera del \u00e1rea de llegadas de la terminal.<\/p>\n\n\n\n<p>Los taxis son blancos y tienen el cartel \u00abTAXI\u00bb en el techo. Se recomienda usar solo taxis con licencia en las paradas de taxi del aeropuerto para evitar posibles estafas.<\/p>\n\n\n\n<p>Los taxis sin licencia o los coches particulares, normalmente furgonetas negras, esperan fuera de la recogida de equipajes y justo al lado de las paradas de taxi oficiales. Sus tarifas suelen ser mucho m\u00e1s altas que el precio fijo. Si decides coger uno de estos, te recomiendo preguntar por el precio final antes de subir al coche; intentar\u00e1n estafarte.<\/p>\n\n\n\n<p>Las tarifas desde el aeropuerto hasta el centro de Roma est\u00e1n reguladas por la ciudad y se basan en una tarifa fija.&nbsp;<\/p>\n\n\n\n<p>Si prefieres una opci\u00f3n sin complicaciones, considera reservar un <a href=\"https:\/\/www.rome.info\/es\/aeropuerto\/traslado\/\">traslado privado desde el aeropuerto<\/a> con antelaci\u00f3n. Tendr\u00e1s a un conductor esper\u00e1ndote en llegadas: sin colas, sin tax\u00edmetro y con un precio fijo que sabes antes de aterrizar.<\/p>\n\n\n\n<h2 class=\"wp-block-heading\">Taxis desde la Estaci\u00f3n de Termini<\/h2>\n\n\n\n<p>Al igual que los aeropuertos, la <a href=\"https:\/\/www.rome.info\/es\/transporte\/trenes\/\">Estaci\u00f3n de Termini<\/a> tiene su propia parada de taxis; los taxis oficiales hacen cola frente a la entrada principal, as\u00ed que no son dif\u00edciles de localizar. Al igual que en el aeropuerto, puede haber algunos estafadores que intenten llevarte a un taxi sin licencia: ign\u00f3ralos y ve directamente a la parada de taxis.<\/p>\n\n\n\n<h2 class=\"wp-block-heading\">Accesibilidad<\/h2>\n\n\n\n<p>Roma ha hecho progresos significativos en los \u00faltimos a\u00f1os para mejorar la accesibilidad para las personas con discapacidad, incluidas las que usan silla de ruedas. Es importante se\u00f1alar que la mayor\u00eda de los taxis son espaciosos y c\u00f3modos, pero generalmente no est\u00e1n equipados para solicitudes m\u00e1s espec\u00edficas.<\/p>\n\n\n\n<p>No todos los taxis en Roma son accesibles para sillas de ruedas. Hay algunos que est\u00e1n especialmente dise\u00f1ados para acomodar a personas con discapacidad. Estos taxis tienen rampa para sillas de ruedas y otras caracter\u00edsticas para que el viaje sea m\u00e1s c\u00f3modo para los pasajeros con discapacidad.<\/p>\n\n\n\n<p>Te recomendamos llamar a una empresa de taxis con antelaci\u00f3n si necesitas este servicio. Tambi\u00e9n puedes arriesgarte con una furgoneta de Uber, tienen suficiente espacio para guardar la silla de ruedas, pero la persona tendr\u00e1 que sentarse en el coche y guardar la silla de ruedas.<\/p>\n\n\n\n<h2 class=\"wp-block-heading\">C\u00f3mo comunicarse con el conductor<\/h2>\n\n\n\n<p>Los taxistas en Roma est\u00e1n muy c\u00f3modos con su trabajo; no te sorprendas si tu conductor intenta entablar una conversaci\u00f3n contigo. Es una excelente manera de obtener informaci\u00f3n sobre <a href=\"https:\/\/www.rome.info\/restaurants\/\">d\u00f3nde cenar<\/a> o lugares que quiz\u00e1s te hayas perdido <a href=\"https:\/\/www.rome.info\/es\/que-hacer\/\">y que merecen la pena<\/a>.<\/p>\n\n\n\n<p>La mayor\u00eda de los taxistas hablar\u00e1n suficiente ingl\u00e9s para comunicarse, pero si quieres repasar el italiano, aqu\u00ed tienes algunas frases \u00fatiles:<\/p>\n\n\n\n<ul class=\"wp-block-list\">\n<li><strong>Devo andare all&#8217;aeroporto di Fiumicino<\/strong>: Tengo que ir al aeropuerto de Fiumicino. Cambia la \u00faltima parte seg\u00fan tu destino; por ejemplo, <em>devo andare alla stazione centrale<\/em>.<\/li>\n\n\n\n<li><strong>Posso pagare con carta<\/strong>: \u00bfpuedo pagar con tarjeta?<\/li>\n\n\n\n<li><strong>Pu\u00f2 andare pi\u00f9 piano\/veloce<\/strong>: \u00bfpodr\u00eda ir m\u00e1s despacio\/r\u00e1pido?<\/li>\n\n\n\n<li><strong>Si pu\u00f2 accostare qui<\/strong>: \u00bfpuede parar aqu\u00ed?<\/li>\n\n\n\n<li><strong>Quanto le devo<\/strong>: \u00bfcu\u00e1nto le debo?<\/li>\n<\/ul>\n\n\n\n<p>En caso de duda, el Traductor de Google o mostrar una direcci\u00f3n en Google Maps puede funcionar en un apuro.<\/p>\n\n\n\n<h2 class=\"wp-block-heading\">M\u00e9todos de pago&nbsp;<\/h2>\n\n\n\n<p>T\u00e9cnicamente, todos los taxis en Roma deben aceptar pagos con tarjeta y est\u00e1n equipados con tecnolog\u00eda sin contacto. Sin embargo, en la pr\u00e1ctica, a veces los taxis dir\u00e1n que su m\u00e1quina de tarjetas est\u00e1 averiada y que solo aceptan efectivo.<\/p>\n\n\n\n<p>Es mejor llevar efectivo cuando cojas un taxi por si acaso, pero si no lo tienes, aseg\u00farate de preguntar si puedes pagar con tarjeta antes de empezar el viaje o pide y paga a trav\u00e9s de una aplicaci\u00f3n.<\/p>\n\n\n\n<h2 class=\"wp-block-heading\">C\u00f3mo evitar que te estafen<\/h2>\n\n\n\n<p>Los temores de ser estafado en Roma por los taxis est\u00e1n en gran medida exagerados. Una vez que hayas encontrado una parada de taxis oficial y evitado a las personas que intenten llevarte a un taxi sin licencia, deber\u00edas estar bien. Dicho esto, siempre es mejor tomar precauciones por si te topas con alguien sin escr\u00fapulos.<\/p>\n\n\n\n<p>Estas son algunas cosas que puedes hacer para evitar que te estafen:<\/p>\n\n\n\n<ul class=\"wp-block-list\">\n<li><strong>Sube a un taxi oficial.<\/strong> Las personas en el aeropuerto o en la estaci\u00f3n de Termini pueden acercarse gritando \u00abtaxi\u00bb: ign\u00f3ralos, no son conductores con licencia. Dir\u00edgete a la parada de taxis o llama a uno.<\/li>\n\n\n\n<li><strong>Aseg\u00farate de que el tax\u00edmetro est\u00e9 encendido desde el inicio del trayecto.<\/strong> Algunos pueden fingir que se olvidan para poder cobrar una tarifa m\u00e1s alta al final del viaje; ev\u00edtalo comprobando que est\u00e1 encendido de inmediato.<\/li>\n\n\n\n<li><strong>\u00bfSin tax\u00edmetro? Pregunta por el coste de antemano.<\/strong> Si est\u00e1s en un taxi sin tax\u00edmetro, debes acordar una tarifa antes de subir. Tambi\u00e9n debes preguntar si aceptan pagos con tarjeta si no tienes efectivo.<\/li>\n\n\n\n<li><strong>Aseg\u00farate de que el tax\u00edmetro marque Tariffa 1 al viajar por Roma.<\/strong> La <em>Tariffa 2<\/em> es una tarifa m\u00e1s cara y no deber\u00eda aplicarse hasta que la tarifa alcance un m\u00ednimo de 14 \u20ac.<\/li>\n\n\n\n<li><strong>No pagues hasta que tu equipaje haya salido del coche.<\/strong> M\u00e1s vale prevenir que curar.<\/li>\n\n\n\n<li><strong>Pide un recibo.<\/strong> Si te preocupa que te est\u00e9n estafando, pide un recibo. Tendr\u00e1 todos los detalles que necesitas, incluido el nombre del conductor y el n\u00famero de licencia, para cuando te pongas en contacto con la empresa de taxis.<\/li>\n<\/ul>\n\n\n\n<h2 class=\"wp-block-heading\">Uber, Lyft, etc., en Roma<\/h2>\n\n\n\n<p>Hay leyes estrictas en Italia para proteger a los taxistas de la \u00abcompetencia desleal\u00bb, lo que incluye a empresas como Uber y Lyft.<\/p>\n\n\n\n<h3 class=\"wp-block-heading\">\u00bfEs Uber m\u00e1s barato que el taxi en Roma?<\/h3>\n\n\n\n<p>Mientras que Lyft no tiene presencia alguna en Roma, hay un servicio de Uber reducido: Uber Black y Uber Vans. Sin embargo, es un servicio algo premium y tiende a ser m\u00e1s caro que los taxis.<\/p>\n\n\n\n<p>Hay algunos servicios de transporte compartido, pero nada que opere a la escala de Uber. Scooterino te permite subirte a la parte de atr\u00e1s de una Vespa para un viaje r\u00e1pido por la ciudad, pero obviamente no es adecuado para la mayor\u00eda de las situaciones.<\/p>\n\n\n\n<h2 class=\"wp-block-heading\">Ventajas de usar taxis en Roma&nbsp;<\/h2>\n\n\n\n<p>Los taxis son una forma segura y familiar de viajar por una ciudad y ofrecen una alternativa c\u00f3moda al <a href=\"https:\/\/www.rome.info\/es\/transporte\/transporte-publico\/\">transporte p\u00fablico<\/a>. Si tienes equipaje o vas a un destino lejos de los enlaces de transporte p\u00fablico, los taxis son mucho m\u00e1s convenientes. Es la forma m\u00e1s f\u00e1cil de viajar: no tienes el estr\u00e9s de correr o de encontrar tu propio camino por la ciudad.<\/p>\n\n\n\n<p>Incluso puede resultar un precio bastante razonable si compartes el coste entre varios pasajeros.&nbsp;<\/p>\n\n\n\n<h2 class=\"wp-block-heading\">Preguntas frecuentes<\/h2>\n\n\n\n<h3 class=\"wp-block-heading\"><strong>\u00bfSon caros los taxis en Roma?<\/strong><\/h3>\n\n\n\n<p>Desde luego no son la forma m\u00e1s barata de viajar. Los taxis de Roma son m\u00e1s caros que los de muchas otras capitales europeas. Si buscas rentabilidad, usa el transporte p\u00fablico.<\/p>\n\n\n\n<h3 class=\"wp-block-heading\"><strong>\u00bfEst\u00e1 bien usar Uber en Roma?<\/strong><\/h3>\n\n\n\n<p>Solo los servicios premium de Uber funcionan en Roma, ya que su servicio habitual est\u00e1 prohibido. Puedes coger un Uber desde el aeropuerto a trav\u00e9s de Uber Black, pero los taxis suelen ser m\u00e1s baratos.<\/p>\n\n\n\n<h3 class=\"wp-block-heading\"><strong>\u00bfHay Uber o Lyft en Roma?<\/strong><\/h3>\n\n\n\n<p>Lyft no est\u00e1 disponible en Roma, y Uber solo puede ofrecer sus servicios premium, Uber Black y Uber Vans, en la ciudad.<\/p>\n\n\n\n<h3 class=\"wp-block-heading\"><strong>\u00bfCu\u00e1l es la mejor aplicaci\u00f3n de taxi en Roma?<\/strong><\/h3>\n\n\n\n<p>Hay varias, pero las aplicaciones de taxi m\u00e1s populares son FREENOW y Wetaxi.<\/p>\n\n","protected":false},"excerpt":{"rendered":"","protected":false},"author":9,"featured_media":393,"parent":208,"menu_order":0,"comment_status":"closed","ping_status":"closed","template":"","meta":{"_acf_changed":false,"footnotes":"","button_url":"https:\/\/www.tiqets.com\/es\/rome-attractions-c71631\/?partner=romeinfo","ms_product_id":"","ms_product_name":"","ms_price":"","ms_currency":"","ms_rating_value":"","ms_review_count":"","rank_math_title":"Taxi en Roma: c\u00f3mo pedir uno, tarifas y consejos para viajeros","rank_math_description":"Descubre c\u00f3mo coger un taxi en Roma, entiende las tarifas, evita estafas y viaja con seguridad con nuestra gu\u00eda completa."},"post-style":[],"producer":[35],"class_list":["post-239","page","type-page","status-publish","has-post-thumbnail"],"acf":[],"product_schema":{"ms_product_id":"","ms_product_name":"","ms_price":"","ms_currency":"","ms_rating_value":"","ms_review_count":""},"_links":{"self":[{"href":"https:\/\/www.rome.info\/es\/wp-json\/wp\/v2\/pages\/239","targetHints":{"allow":["GET"]}}],"collection":[{"href":"https:\/\/www.rome.info\/es\/wp-json\/wp\/v2\/pages"}],"about":[{"href":"https:\/\/www.rome.info\/es\/wp-json\/wp\/v2\/types\/page"}],"author":[{"embeddable":true,"href":"https:\/\/www.rome.info\/es\/wp-json\/wp\/v2\/users\/9"}],"replies":[{"embeddable":true,"href":"https:\/\/www.rome.info\/es\/wp-json\/wp\/v2\/comments?post=239"}],"version-history":[{"count":3,"href":"https:\/\/www.rome.info\/es\/wp-json\/wp\/v2\/pages\/239\/revisions"}],"predecessor-version":[{"id":491,"href":"https:\/\/www.rome.info\/es\/wp-json\/wp\/v2\/pages\/239\/revisions\/491"}],"up":[{"embeddable":true,"href":"https:\/\/www.rome.info\/es\/wp-json\/wp\/v2\/pages\/208"}],"wp:featuredmedia":[{"embeddable":true,"href":"https:\/\/www.rome.info\/es\/wp-json\/wp\/v2\/media\/393"}],"wp:attachment":[{"href":"https:\/\/www.rome.info\/es\/wp-json\/wp\/v2\/media?parent=239"}],"wp:term":[{"taxonomy":"post-style","embeddable":true,"href":"https:\/\/www.rome.info\/es\/wp-json\/wp\/v2\/post-style?post=239"},{"taxonomy":"producer","embeddable":true,"href":"https:\/\/www.rome.info\/es\/wp-json\/wp\/v2\/producer?post=239"}],"curies":[{"name":"wp","href":"https:\/\/api.w.org\/{rel}","templated":true}]}}