{"id":216,"date":"2026-04-24T06:55:30","date_gmt":"2026-04-24T06:55:30","guid":{"rendered":"https:\/\/www.rome.info\/es\/?page_id=216"},"modified":"2026-04-24T11:13:35","modified_gmt":"2026-04-24T11:13:35","slug":"omnia-card","status":"publish","type":"page","link":"https:\/\/www.rome.info\/es\/pases-turisticos\/omnia-card\/","title":{"rendered":"Omnia Card"},"content":{"rendered":"\n<p class=\"is-style-lead\">La Omnia Card es un pase tur\u00edstico que ofrece a los visitantes acceso a algunas de las principales atracciones de Roma y la Ciudad del Vaticano.<\/p>\n\n\n\n<a href=\"https:\/\/www.tiqets.com\/es\/rome-attractions-c71631\/tickets-for-omnia-card-vatican-open-bus-24-h-p974743?partner=romeinfo\" rel=\"nofollow noopener\"><img decoding=\"async\" class=\"gb-media-f5d2bb1d ms-mb-block\" alt=\"\" src=\"https:\/\/www.rome.info\/wp-content\/uploads\/omnia-card-1754973489.jpg\" title=\"omnia-card-1754973489\"\/><\/a>\n\n\n\n<h2 class=\"wp-block-heading\"><strong>\u00bfQu\u00e9 es la Omnia Card?<\/strong><\/h2>\n\n\n\n<p class=\"is-style-default\">Es una <a href=\"https:\/\/www.rome.info\/es\/pases-turisticos\/\">tarjeta tur\u00edstica<\/a> completa de Roma que incluye entrada gratuita a m\u00e1s de 30 <a href=\"https:\/\/www.rome.info\/es\/atracciones\/\">atracciones<\/a>, acceso sin colas a algunos de los lugares m\u00e1s populares y uso ilimitado de los c\u00f3modos y pr\u00e1cticos <a href=\"https:\/\/www.rome.info\/es\/tours\/hop-on-hop-off\/\">autobuses hop-on hop-off<\/a>.<\/p>\n\n\n\n<p>La tarjeta tambi\u00e9n incluye un abono de <a href=\"https:\/\/www.rome.info\/es\/transporte\/transporte-publico\/\">transporte p\u00fablico en Roma<\/a>, lo que permite a los visitantes moverse f\u00e1cilmente por la ciudad en <a href=\"https:\/\/www.rome.info\/es\/transporte\/transporte-publico\/autobus\/\">autob\u00fas<\/a> o <a href=\"https:\/\/www.rome.info\/es\/transporte\/transporte-publico\/metro\/\">metro<\/a>.<\/p>\n\n\n\n<p>La tarjeta existe en dos formatos, de 24 horas y 72 horas, seg\u00fan tus necesidades. A continuaci\u00f3n he detallado y resumido los puntos m\u00e1s importantes para ayudarte a decidir si vale la pena comprarla.<\/p>\n\n\n\n<h2 class=\"wp-block-heading\"><strong>C\u00f3mo usar la Omnia Card y sus principales ventajas<\/strong><\/h2>\n\n\n\n<ul class=\"wp-block-list\">\n<li><strong>Entrada gratuita:<\/strong> usar la Omnia Card es sencillo. Una vez comprada, puedes usarla para entrar en m\u00e1s de 30 atracciones; consulta todas <a href=\"https:\/\/www.romevaticancard.com\/rome-vatican-attractions\/\" rel=\"noopener\"> aqu\u00ed.<\/a><\/li>\n\n\n\n<li><strong>Sin esperar en cola:<\/strong> adem\u00e1s, puedes saltarte las colas en algunos de los lugares m\u00e1s concurridos, como el <a href=\"https:\/\/www.rome.info\/es\/atracciones\/coliseo\/\">Coliseo<\/a>, el <a href=\"https:\/\/www.rome.info\/es\/atracciones\/foro-romano\/\">Foro Romano<\/a>, las <a href=\"https:\/\/www.rome.info\/attractions\/catacombs-of-callixtus\/\">Catacumbas de San Calixto<\/a>, los <a href=\"https:\/\/www.rome.info\/es\/atracciones\/museos-vaticanos\/\">Museos Vaticanos<\/a> y la <a href=\"https:\/\/www.rome.info\/es\/atracciones\/capilla-sixtina\/\">Capilla Sixtina<\/a>.<\/li>\n\n\n\n<li><strong>Uso ilimitado de los autobuses hop-on hop-off:<\/strong> esto facilita moverse por la ciudad y ver todas las atracciones principales. Puedes usar tres rutas de tour en autob\u00fas para desplazarte.<\/li>\n\n\n\n<li><strong>Transporte p\u00fablico gratuito:<\/strong> la tarjeta tambi\u00e9n incluye un abono de transporte p\u00fablico para Roma al comprar el pase de 72 horas, que permite usar autobuses, tranv\u00edas y metro.<\/li>\n\n\n\n<li><strong>Comodidad:<\/strong> con la tarjeta en mano, puedes evitar las largas colas en algunas de las atracciones m\u00e1s populares y ahorrar tiempo. Eso significa m\u00e1s tiempo para explorar y menos tiempo perdido en colas, sin contar el esfuerzo de estar de pie bajo el calor romano.<\/li>\n\n\n\n<li><strong>Audiogu\u00eda<\/strong>: descarga la app y accede a audiogu\u00edas de varios lugares populares.<\/li>\n\n\n\n<li><strong>Ahorro significativo:<\/strong> al comprar la tarjeta, puedes ahorrar en entradas y transporte. El coste de la tarjeta es m\u00e1s o menos equivalente a una entrada con acceso preferente o tour en cualquier atracci\u00f3n popular. Adem\u00e1s, la tarjeta viene con una gu\u00eda y un mapa con informaci\u00f3n \u00fatil y consejos para aprovechar la visita al m\u00e1ximo.<\/li>\n<\/ul>\n\n\n\n<h2 class=\"wp-block-heading\"><strong>Principales atracciones cubiertas por la Omnia Card<\/strong><\/h2>\n\n\n\n<p>La Omnia Card ofrece entradas gratuitas a atracciones de Roma y la <a href=\"https:\/\/www.rome.info\/es\/atracciones\/t\/vaticano\/\">Ciudad del Vaticano<\/a>, incluyendo algunos de los lugares m\u00e1s ic\u00f3nicos y populares. Estas son algunas de las principales:<\/p>\n\n\n\n<ul class=\"wp-block-list\">\n<li><strong>Acceso sin colas<\/strong> al Coliseo, el Foro Romano y el <a href=\"https:\/\/www.rome.info\/es\/atracciones\/monte-palatino\/\">Monte Palatino<\/a>.<\/li>\n<\/ul>\n\n\n<div class=\"ms-credits\">\n<img decoding=\"async\" class=\"gb-media-07458ff0\" alt=\"El Coliseo al amanecer.\" src=\"https:\/\/www.rome.info\/wp-content\/uploads\/f-colosseum.jpg\" title=\"The Colosseum\"\/>\n<span class='ms-credits__info' id='media896'><svg xmlns=\"http:\/\/www.w3.org\/2000\/svg\" width=\"20\" height=\"22\" fill=\"#000000\" viewBox=\"0 0 256 256\"><path d=\"M128,24A104,104,0,1,0,232,128,104.11,104.11,0,0,0,128,24Zm0,192a88,88,0,1,1,88-88A88.1,88.1,0,0,1,128,216ZM96,128a32,32,0,0,0,57.6,19.2,8,8,0,0,1,12.8,9.61,48,48,0,1,1,0-57.62,8,8,0,0,1-12.8,9.61A32,32,0,0,0,96,128Z\"><\/path><\/svg>Givaga\/<a href=https:\/\/depositphotos.com\/121809612\/stock-photo-colosseum-in-rome.html rel='nofollow' target='_blank'>Depositphotos<\/a><\/span><span class='ms-credits__btn' id='btn_media896' onclick='ms_credits_trigger(\"#media896\", this)'><svg xmlns=\"http:\/\/www.w3.org\/2000\/svg\" class=\"info_icon\" width=\"28\" height=\"28\" fill=\"#FFF\" viewBox=\"0 0 256 256\"><path d=\"M128,24A104,104,0,1,0,232,128,104.11,104.11,0,0,0,128,24Zm0,192a88,88,0,1,1,88-88A88.1,88.1,0,0,1,128,216Zm16-40a8,8,0,0,1-8,8,16,16,0,0,1-16-16V128a8,8,0,0,1,0-16,16,16,0,0,1,16,16v40A8,8,0,0,1,144,176ZM112,84a12,12,0,1,1,12,12A12,12,0,0,1,112,84Z\"><\/path><\/svg><svg xmlns=\"http:\/\/www.w3.org\/2000\/svg\" class=\"close_icon\" width=\"28\" height=\"28\" fill=\"#FFF\" viewBox=\"0 0 256 256\"><path d=\"M165.66,101.66,139.31,128l26.35,26.34a8,8,0,0,1-11.32,11.32L128,139.31l-26.34,26.35a8,8,0,0,1-11.32-11.32L116.69,128,90.34,101.66a8,8,0,0,1,11.32-11.32L128,116.69l26.34-26.35a8,8,0,0,1,11.32,11.32ZM232,128A104,104,0,1,1,128,24,104.11,104.11,0,0,1,232,128Zm-16,0a88,88,0,1,0-88,88A88.1,88.1,0,0,0,216,128Z\"><\/path><\/svg><\/span><\/div>\n\n\n<ul class=\"wp-block-list\">\n<li><strong>El Coliseo<\/strong>: una de las estructuras antiguas m\u00e1s impresionantes del mundo, mientras que el Foro Romano y el Monte Palatino ofrecen una visi\u00f3n de la vida cotidiana de la Roma antigua.<\/li>\n<\/ul>\n\n\n\n<p><a href=\"https:\/\/www.rome.info\/es\/atracciones\/coliseo\/entradas\/\" data-type=\"link\" data-id=\"https:\/\/www.rome.info\/es\/atracciones\/coliseo\/entradas\/\">Ver gu\u00eda de entradas al Coliseo \u2192<\/a><\/p>\n\n\n<div class=\"ms-credits\">\n<img decoding=\"async\" class=\"gb-media-f1b56746\" alt=\"La Bas\u00edlica de San Pedro en Roma al atardecer\" src=\"https:\/\/www.rome.info\/wp-content\/uploads\/f-st-peters-basilica.jpg\" title=\"f-st-peters-basilica\"\/>\n<span class='ms-credits__info' id='media685'><svg xmlns=\"http:\/\/www.w3.org\/2000\/svg\" width=\"20\" height=\"22\" fill=\"#000000\" viewBox=\"0 0 256 256\"><path d=\"M128,24A104,104,0,1,0,232,128,104.11,104.11,0,0,0,128,24Zm0,192a88,88,0,1,1,88-88A88.1,88.1,0,0,1,128,216ZM96,128a32,32,0,0,0,57.6,19.2,8,8,0,0,1,12.8,9.61,48,48,0,1,1,0-57.62,8,8,0,0,1-12.8,9.61A32,32,0,0,0,96,128Z\"><\/path><\/svg>TTstudio\/<a href=https:\/\/sp.depositphotos.com\/48760351\/stock-photo-vatican-rome-st-peters-basilica.html rel='nofollow' target='_blank'>Depositphotos<\/a><\/span><span class='ms-credits__btn' id='btn_media685' onclick='ms_credits_trigger(\"#media685\", this)'><svg xmlns=\"http:\/\/www.w3.org\/2000\/svg\" class=\"info_icon\" width=\"28\" height=\"28\" fill=\"#FFF\" viewBox=\"0 0 256 256\"><path d=\"M128,24A104,104,0,1,0,232,128,104.11,104.11,0,0,0,128,24Zm0,192a88,88,0,1,1,88-88A88.1,88.1,0,0,1,128,216Zm16-40a8,8,0,0,1-8,8,16,16,0,0,1-16-16V128a8,8,0,0,1,0-16,16,16,0,0,1,16,16v40A8,8,0,0,1,144,176ZM112,84a12,12,0,1,1,12,12A12,12,0,0,1,112,84Z\"><\/path><\/svg><svg xmlns=\"http:\/\/www.w3.org\/2000\/svg\" class=\"close_icon\" width=\"28\" height=\"28\" fill=\"#FFF\" viewBox=\"0 0 256 256\"><path d=\"M165.66,101.66,139.31,128l26.35,26.34a8,8,0,0,1-11.32,11.32L128,139.31l-26.34,26.35a8,8,0,0,1-11.32-11.32L116.69,128,90.34,101.66a8,8,0,0,1,11.32-11.32L128,116.69l26.34-26.35a8,8,0,0,1,11.32,11.32ZM232,128A104,104,0,1,1,128,24,104.11,104.11,0,0,1,232,128Zm-16,0a88,88,0,1,0-88,88A88.1,88.1,0,0,0,216,128Z\"><\/path><\/svg><\/span><\/div>\n\n\n<ul class=\"wp-block-list\">\n<li><strong>La Bas\u00edlica de San Pedro<\/strong>: <a href=\"https:\/\/www.rome.info\/es\/atracciones\/basilica-de-san-pedro\/\">esta espectacular iglesia<\/a> est\u00e1 en la Ciudad del Vaticano y es una de las m\u00e1s grandes del mundo. La Omnia Card ofrece acceso sin colas a la bas\u00edlica.<\/li>\n<\/ul>\n\n\n<div class=\"ms-credits\">\n<img decoding=\"async\" class=\"gb-media-8e47f72a\" alt=\"Escultura Esfera dentro de esfera de Arnaldo Pomodoro en el Patio de la Pi\u00f1a de los Museos Vaticanos.\" src=\"https:\/\/www.rome.info\/wp-content\/uploads\/vatican-museums-sphere-within-sphere-1747202871.jpg\" title=\"vatican-museums-sphere-within-sphere-1747202871\"\/>\n<span class='ms-credits__info' id='media2758'><svg viewBox=\"0 0 24 24\" fill=\"none\" xmlns=\"http:\/\/www.w3.org\/2000\/svg\" width=\"20\" height=\"22\"><g stroke-width=\"0\"><\/g><g stroke-linecap=\"round\" stroke-linejoin=\"round\"><\/g><g id=\"SVGRepo_iconCarrier\"> <path d=\"M12 22C6.48 22 2 17.52 2 12C2 6.48 6.48 2 12 2C17.52 2 22 6.48 22 12C22 17.52 17.52 22 12 22Z\" stroke=\"#000\" stroke-width=\"1.5\" stroke-linecap=\"round\" stroke-linejoin=\"round\"><\/path> <path d=\"M10.88 14.1499C10.37 14.5899 9.70999 14.8699 8.98999 14.8699C7.40999 14.8699 6.12 13.5899 6.12 11.9999C6.12 10.4099 7.39999 9.12988 8.98999 9.12988C9.71999 9.12988 10.38 9.39985 10.88 9.84985\" stroke=\"#000\" stroke-width=\"1.5\" stroke-linecap=\"round\" stroke-linejoin=\"round\"><\/path> <path d=\"M17.88 14.1499C17.37 14.5899 16.71 14.8699 15.99 14.8699C14.41 14.8699 13.12 13.5899 13.12 11.9999C13.12 10.4099 14.4 9.12988 15.99 9.12988C16.72 9.12988 17.38 9.39985 17.88 9.84985\" stroke=\"#000\" stroke-width=\"1.5\" stroke-linecap=\"round\" stroke-linejoin=\"round\"><\/path> <\/g><\/svg> BY-SA 2.0 Genericdaryl_mitchell\/<a href=https:\/\/www.flickr.com\/photos\/daryl_mitchell\/15427429147 rel='nofollow' target='_blank'>Flickr<\/a><\/span><span class='ms-credits__btn' id='btn_media2758' onclick='ms_credits_trigger(\"#media2758\", this)'><svg xmlns=\"http:\/\/www.w3.org\/2000\/svg\" class=\"info_icon\" width=\"28\" height=\"28\" fill=\"#FFF\" viewBox=\"0 0 256 256\"><path d=\"M128,24A104,104,0,1,0,232,128,104.11,104.11,0,0,0,128,24Zm0,192a88,88,0,1,1,88-88A88.1,88.1,0,0,1,128,216Zm16-40a8,8,0,0,1-8,8,16,16,0,0,1-16-16V128a8,8,0,0,1,0-16,16,16,0,0,1,16,16v40A8,8,0,0,1,144,176ZM112,84a12,12,0,1,1,12,12A12,12,0,0,1,112,84Z\"><\/path><\/svg><svg xmlns=\"http:\/\/www.w3.org\/2000\/svg\" class=\"close_icon\" width=\"28\" height=\"28\" fill=\"#FFF\" viewBox=\"0 0 256 256\"><path d=\"M165.66,101.66,139.31,128l26.35,26.34a8,8,0,0,1-11.32,11.32L128,139.31l-26.34,26.35a8,8,0,0,1-11.32-11.32L116.69,128,90.34,101.66a8,8,0,0,1,11.32-11.32L128,116.69l26.34-26.35a8,8,0,0,1,11.32,11.32ZM232,128A104,104,0,1,1,128,24,104.11,104.11,0,0,1,232,128Zm-16,0a88,88,0,1,0-88,88A88.1,88.1,0,0,0,216,128Z\"><\/path><\/svg><\/span><\/div>\n\n\n<ul class=\"wp-block-list\">\n<li><strong>Los Museos Vaticanos y la Capilla Sixtina<\/strong>: los Museos Vaticanos albergan algunas de las colecciones de arte m\u00e1s famosas del mundo, incluida la Capilla Sixtina. La Omnia Card ofrece acceso sin colas tanto a los Museos Vaticanos como a la Capilla Sixtina. Recomiendo reservar esta atracci\u00f3n con antelaci\u00f3n, especialmente en temporada alta.<\/li>\n<\/ul>\n\n\n<div class=\"ms-credits\">\n<img decoding=\"async\" class=\"gb-media-2ee8504c\" alt=\"Vista de Castel Sant'Angelo desde el puente que lleva a la entrada del castillo.\" src=\"https:\/\/www.rome.info\/wp-content\/uploads\/f-castel-sant-angelo-bridge.jpg\" title=\"Castel Sant'Angelo - Bridge View\"\/>\n<span class='ms-credits__info' id='media696'><svg xmlns=\"http:\/\/www.w3.org\/2000\/svg\" width=\"20\" height=\"22\" fill=\"#000000\" viewBox=\"0 0 256 256\"><path d=\"M128,24A104,104,0,1,0,232,128,104.11,104.11,0,0,0,128,24Zm0,192a88,88,0,1,1,88-88A88.1,88.1,0,0,1,128,216ZM96,128a32,32,0,0,0,57.6,19.2,8,8,0,0,1,12.8,9.61,48,48,0,1,1,0-57.62,8,8,0,0,1-12.8,9.61A32,32,0,0,0,96,128Z\"><\/path><\/svg>natursports\/<a href=https:\/\/depositphotos.com\/25540505\/stock-photo-castel-sant-angelo-rome.html rel='nofollow' target='_blank'>Depositphotos<\/a><\/span><span class='ms-credits__btn' id='btn_media696' onclick='ms_credits_trigger(\"#media696\", this)'><svg xmlns=\"http:\/\/www.w3.org\/2000\/svg\" class=\"info_icon\" width=\"28\" height=\"28\" fill=\"#FFF\" viewBox=\"0 0 256 256\"><path d=\"M128,24A104,104,0,1,0,232,128,104.11,104.11,0,0,0,128,24Zm0,192a88,88,0,1,1,88-88A88.1,88.1,0,0,1,128,216Zm16-40a8,8,0,0,1-8,8,16,16,0,0,1-16-16V128a8,8,0,0,1,0-16,16,16,0,0,1,16,16v40A8,8,0,0,1,144,176ZM112,84a12,12,0,1,1,12,12A12,12,0,0,1,112,84Z\"><\/path><\/svg><svg xmlns=\"http:\/\/www.w3.org\/2000\/svg\" class=\"close_icon\" width=\"28\" height=\"28\" fill=\"#FFF\" viewBox=\"0 0 256 256\"><path d=\"M165.66,101.66,139.31,128l26.35,26.34a8,8,0,0,1-11.32,11.32L128,139.31l-26.34,26.35a8,8,0,0,1-11.32-11.32L116.69,128,90.34,101.66a8,8,0,0,1,11.32-11.32L128,116.69l26.34-26.35a8,8,0,0,1,11.32,11.32ZM232,128A104,104,0,1,1,128,24,104.11,104.11,0,0,1,232,128Zm-16,0a88,88,0,1,0-88,88A88.1,88.1,0,0,0,216,128Z\"><\/path><\/svg><\/span><\/div>\n\n\n<ul class=\"wp-block-list\">\n<li><strong>Castel Sant&#8217;Angelo<\/strong>: <a href=\"https:\/\/www.rome.info\/es\/atracciones\/castel-sant-angelo\/\">esta impresionante fortaleza<\/a> est\u00e1 a unos pasos del Vaticano y fue construida originalmente como mausoleo del emperador romano Adriano. Tambi\u00e9n puedes tomarte algo y descansar en la fila intermedia de \u00abventanas\u00bb del castillo; tienen una cafeter\u00eda muy agradable.<\/li>\n<\/ul>\n\n\n<div class=\"ms-credits\">\n<img decoding=\"async\" class=\"gb-media-3a579474\" alt=\"Turistas reunidos frente al Pante\u00f3n de Roma, admirando sus grandes columnas y su arquitectura hist\u00f3rica en un d\u00eda soleado.\" src=\"https:\/\/www.rome.info\/wp-content\/uploads\/pantheon-rome-tours-1742367391.jpg\" title=\"pantheon-rome-tours\"\/>\n<span class='ms-credits__info' id='media2315'>Pexels LicenseGriffin Wooldridge\/<a href=https:\/\/www.pexels.com\/photo\/photo-of-people-walking-in-front-of-pantheon-roman-temple-in-rome-italy-2676602\/ rel='nofollow' target='_blank'>Pexels<\/a><\/span><span class='ms-credits__btn' id='btn_media2315' onclick='ms_credits_trigger(\"#media2315\", this)'><svg xmlns=\"http:\/\/www.w3.org\/2000\/svg\" class=\"info_icon\" width=\"28\" height=\"28\" fill=\"#FFF\" viewBox=\"0 0 256 256\"><path d=\"M128,24A104,104,0,1,0,232,128,104.11,104.11,0,0,0,128,24Zm0,192a88,88,0,1,1,88-88A88.1,88.1,0,0,1,128,216Zm16-40a8,8,0,0,1-8,8,16,16,0,0,1-16-16V128a8,8,0,0,1,0-16,16,16,0,0,1,16,16v40A8,8,0,0,1,144,176ZM112,84a12,12,0,1,1,12,12A12,12,0,0,1,112,84Z\"><\/path><\/svg><svg xmlns=\"http:\/\/www.w3.org\/2000\/svg\" class=\"close_icon\" width=\"28\" height=\"28\" fill=\"#FFF\" viewBox=\"0 0 256 256\"><path d=\"M165.66,101.66,139.31,128l26.35,26.34a8,8,0,0,1-11.32,11.32L128,139.31l-26.34,26.35a8,8,0,0,1-11.32-11.32L116.69,128,90.34,101.66a8,8,0,0,1,11.32-11.32L128,116.69l26.34-26.35a8,8,0,0,1,11.32,11.32ZM232,128A104,104,0,1,1,128,24,104.11,104.11,0,0,1,232,128Zm-16,0a88,88,0,1,0-88,88A88.1,88.1,0,0,0,216,128Z\"><\/path><\/svg><\/span><\/div>\n\n\n<ul class=\"wp-block-list\">\n<li><strong>El Pante\u00f3n<\/strong>: <a href=\"https:\/\/www.rome.info\/es\/atracciones\/panteon\/\">este antiguo templo<\/a> es una de las estructuras mejor conservadas de la <a href=\"https:\/\/www.rome.info\/ancient\/\">Roma antigua<\/a>.<\/li>\n<\/ul>\n\n\n\n<h2 class=\"wp-block-heading\"><strong>Por qu\u00e9 comprar la Omnia Card y c\u00f3mo adquirirla<\/strong><\/h2>\n\n\n\n<p>Aunque hay varias razones por las que deber\u00edas considerar la Omnia Card, las m\u00e1s evidentes son la comodidad que ofrece y la forma rentable de ver las atracciones m\u00e1s reconocidas. Al comprar la tarjeta, puedes ahorrar en entradas y transporte, y aun as\u00ed visitar todas las atracciones.<\/p>\n\n\n\n<p>Cualquiera de las Omnia Cards puede comprarse <a href=\"https:\/\/www.omniavaticanrome.org\/en\" rel=\"noopener\"> online<\/a> o en <a href=\"https:\/\/www.omniavaticanrome.org\/en\/contacts\/new\" rel=\"noopener\"> varios puntos<\/a> de la ciudad, incluido el <a href=\"https:\/\/www.rome.info\/es\/aeropuerto\/\">aeropuerto<\/a>, las estaciones de tren y otros mostradores cerca de las atracciones principales. La tarjeta est\u00e1 disponible en varias duraciones, desde 24 hasta 72 horas, seg\u00fan tus necesidades y el tiempo que te quedes.<\/p>\n\n\n\n<p>Una vez que compres la tarjeta, puedes recogerla en uno de sus numerosos <a href=\"https:\/\/www.omniavaticanrome.org\/en\/contacts\/new\" rel=\"noopener\"> puntos de recogida<\/a>, o puedes imprimir f\u00e1cilmente el c\u00f3digo QR que recibir\u00e1s por correo electr\u00f3nico.<\/p>\n\n\n\n<h2 class=\"wp-block-heading\"><strong>Comparativa con otras tarjetas tur\u00edsticas<\/strong><\/h2>\n\n\n\n<p>Existen otras tarjetas tur\u00edsticas y paquetes de visitas en Roma, como el <a href=\"https:\/\/www.rome.info\/es\/pases-turisticos\/roma-pass\/\">Roma Pass<\/a> y el <a href=\"https:\/\/www.rome.info\/es\/pases-turisticos\/vatican-city-pass\/\">Vatican Pass<\/a>. Aunque cada tarjeta ofrece ventajas y beneficios distintos, la Omnia Card destaca por su amplia cobertura, su precio conveniente y sus opciones estrat\u00e9gicas.<\/p>\n\n\n\n<ul class=\"wp-block-list\">\n<li><strong>El Roma Pass<\/strong> ofrece entrada gratuita a dos atracciones, acceso sin colas a algunos lugares y descuentos en atracciones adicionales. Tambi\u00e9n incluye transporte p\u00fablico gratuito los dos primeros d\u00edas. Sin embargo, la tarjeta no ofrece entrada gratuita a algunas de las atracciones m\u00e1s populares de Roma, como el Coliseo y los Museos Vaticanos. Yo dir\u00eda que esta tarjeta es pr\u00e1ctica si no te interesa visitar muchos lugares; de lo contrario, tendr\u00edas que gastar m\u00e1s.<\/li>\n\n\n\n<li><strong>El Vatican Pass<\/strong> ofrece acceso sin colas a los Museos Vaticanos y la Capilla Sixtina, adem\u00e1s de entrada gratuita a otras atracciones vaticanas. Sin embargo, no incluye acceso a ninguna atracci\u00f3n de Roma fuera de la Ciudad del Vaticano. De nuevo, no lo recomendar\u00eda si vienes a Roma para una experiencia completa; este pase es pr\u00e1ctico si solo quieres visitar todo lo relacionado con el Vaticano.<\/li>\n<\/ul>\n\n\n\n<p>En comparaci\u00f3n con estas tarjetas, la Omnia Card ofrece el mayor n\u00famero de atracciones, lo que te da m\u00e1s flexibilidad y opciones durante el d\u00eda. El acceso sin colas a algunos de los lugares m\u00e1s concurridos y el uso ilimitado de los autobuses hop-on hop-off son tambi\u00e9n grandes ventajas. En mi opini\u00f3n, con las altas temperaturas y las calles llenas de gente, solo los autobuses ya son una ganga.<\/p>\n\n\n\n<h2 class=\"wp-block-heading\"><strong>Consejos<\/strong> para usar la tarjeta tur\u00edstica de Roma<\/h2>\n\n\n\n<p>El factor m\u00e1s comentado de la Omnia Card es su comodidad y el ahorro que supone. Yo dir\u00eda que es imprescindible, especialmente si solo te quedas unos d\u00edas en la ciudad. Te da flexibilidad y te permite ver todas las atracciones principales en poco tiempo.<\/p>\n\n\n\n<ul class=\"wp-block-list\">\n<li>Antes de comenzar tu <a href=\"https:\/\/www.rome.info\/es\/que-hacer\/\">tour por Roma<\/a>, descarga la app Vatican&amp;Rome y no olvides unos auriculares c\u00f3modos. La app est\u00e1 disponible para Apple y Android, y con ella puedes usar la audiogu\u00eda Vox City Guide.<\/li>\n\n\n\n<li>Consulta los precios; los ni\u00f1os y j\u00f3venes menores de 17 a\u00f1os obtienen una tarifa reducida.<\/li>\n\n\n\n<li>Algunos lugares solicitan una tasa de reserva que no est\u00e1 cubierta por la tarjeta. Aseg\u00farate de leer qu\u00e9 lugares lo requieren y reserva con antelaci\u00f3n.<\/li>\n\n\n\n<li>Cuando subas al autob\u00fas por primera vez, te dar\u00e1n un papel que deber\u00e1s presentar cada vez que subas; no lo tires porque no podr\u00e1s subir al autob\u00fas sin \u00e9l.<\/li>\n<\/ul>\n","protected":false},"excerpt":{"rendered":"<p>Acceso r\u00e1pido al Vaticano, autobuses hop-on hop-off y mucho m\u00e1s: elige 24h o 72h con ventajas adicionales.<\/p>\n","protected":false},"author":9,"featured_media":371,"parent":206,"menu_order":0,"comment_status":"closed","ping_status":"closed","template":"","meta":{"_acf_changed":false,"footnotes":"","button_url":"https:\/\/www.tiqets.com\/es\/rome-attractions-c71631\/tickets-for-omnia-card-vatican-open-bus-24-h-p974743\/?partner=romeinfo","ms_product_id":"","ms_product_name":"","ms_price":"","ms_currency":"","ms_rating_value":"","ms_review_count":"","rank_math_title":"Omnia Card: el pase todo incluido para Roma y el Vaticano","rank_math_description":"Visita los Museos Vaticanos, la Capilla Sixtina y los principales monumentos de Roma con la Omnia Card. Elige entre 24 h o 72 h: acceso sin colas, museos gratuitos y tours en autob\u00fas."},"post-style":[],"producer":[35],"class_list":["post-216","page","type-page","status-publish","has-post-thumbnail"],"acf":[],"product_schema":{"ms_product_id":"","ms_product_name":"","ms_price":"","ms_currency":"","ms_rating_value":"","ms_review_count":""},"_links":{"self":[{"href":"https:\/\/www.rome.info\/es\/wp-json\/wp\/v2\/pages\/216","targetHints":{"allow":["GET"]}}],"collection":[{"href":"https:\/\/www.rome.info\/es\/wp-json\/wp\/v2\/pages"}],"about":[{"href":"https:\/\/www.rome.info\/es\/wp-json\/wp\/v2\/types\/page"}],"author":[{"embeddable":true,"href":"https:\/\/www.rome.info\/es\/wp-json\/wp\/v2\/users\/9"}],"replies":[{"embeddable":true,"href":"https:\/\/www.rome.info\/es\/wp-json\/wp\/v2\/comments?post=216"}],"version-history":[{"count":4,"href":"https:\/\/www.rome.info\/es\/wp-json\/wp\/v2\/pages\/216\/revisions"}],"predecessor-version":[{"id":569,"href":"https:\/\/www.rome.info\/es\/wp-json\/wp\/v2\/pages\/216\/revisions\/569"}],"up":[{"embeddable":true,"href":"https:\/\/www.rome.info\/es\/wp-json\/wp\/v2\/pages\/206"}],"wp:featuredmedia":[{"embeddable":true,"href":"https:\/\/www.rome.info\/es\/wp-json\/wp\/v2\/media\/371"}],"wp:attachment":[{"href":"https:\/\/www.rome.info\/es\/wp-json\/wp\/v2\/media?parent=216"}],"wp:term":[{"taxonomy":"post-style","embeddable":true,"href":"https:\/\/www.rome.info\/es\/wp-json\/wp\/v2\/post-style?post=216"},{"taxonomy":"producer","embeddable":true,"href":"https:\/\/www.rome.info\/es\/wp-json\/wp\/v2\/producer?post=216"}],"curies":[{"name":"wp","href":"https:\/\/api.w.org\/{rel}","templated":true}]}}