{"id":213,"date":"2026-04-24T06:55:25","date_gmt":"2026-04-24T06:55:25","guid":{"rendered":"https:\/\/www.rome.info\/es\/?page_id=213"},"modified":"2026-04-24T10:19:33","modified_gmt":"2026-04-24T10:19:33","slug":"vatican-city-pass","status":"publish","type":"page","link":"https:\/\/www.rome.info\/es\/pases-turisticos\/vatican-city-pass\/","title":{"rendered":"Vatican City Pass"},"content":{"rendered":"\n<p class=\"is-style-lead\">Descubre el pa\u00eds m\u00e1s peque\u00f1o del mundo con este pr\u00e1ctico pase tur\u00edstico de Roma.<\/p>\n\n\n\n<p>La Ciudad del Vaticano es un peque\u00f1o microestado repleto de atracciones de primer nivel. El Vatican City Pass es tu entrada para descubrir todo lo que hay que ver y hacer en este Patrimonio Mundial de la UNESCO.<\/p>\n\n\n\n<div class=\"ms-cta-button ms-p ms-cta\">\n<a class=\"gb-text ms-btn ms-btn--primary ms-shadow\" href=\"https:\/\/www.tiqets.com\/es\/rome-attractions-c71631\/the-vatican-city-pass-p1012497\/?partner=romeinfo\" rel=\"nofollow noopener\">Comprobar disponibilidad -><\/a>\n<\/div>\n\n\n\n<h2 class=\"wp-block-heading\">Lo m\u00e1s destacado<\/h2>\n\n\n\n<ul class=\"ms-icon-list\">\n<li class=\"ms-icon-list__item\"><span class=\"gb-shape\"><svg viewBox=\"0 0 256 256\" fill=\"#000000\" height=\"32\" width=\"32\" xmlns=\"http:\/\/www.w3.org\/2000\/svg\"><path d=\"M232.49,80.49l-128,128a12,12,0,0,1-17,0l-56-56a12,12,0,1,1,17-17L96,183,215.51,63.51a12,12,0,0,1,17,17Z\"><\/path><\/svg><\/span><span class=\"gb-text\">Disfruta de una visita guiada a la ic\u00f3nica Bas\u00edlica de San Pedro, la iglesia m\u00e1s grande del mundo.<\/span><\/li>\n\n\n\n<li class=\"ms-icon-list__item\"><span class=\"gb-shape\"><svg viewBox=\"0 0 256 256\" fill=\"#000000\" height=\"32\" width=\"32\" xmlns=\"http:\/\/www.w3.org\/2000\/svg\"><path d=\"M232.49,80.49l-128,128a12,12,0,0,1-17,0l-56-56a12,12,0,1,1,17-17L96,183,215.51,63.51a12,12,0,0,1,17,17Z\"><\/path><\/svg><\/span><span class=\"gb-text\">Ahorra tiempo admirando arte de talla mundial en los Museos Vaticanos con entradas sin colas.<\/span><\/li>\n\n\n\n<li class=\"ms-icon-list__item\"><span class=\"gb-shape\"><svg viewBox=\"0 0 256 256\" fill=\"#000000\" height=\"32\" width=\"32\" xmlns=\"http:\/\/www.w3.org\/2000\/svg\"><path d=\"M232.49,80.49l-128,128a12,12,0,0,1-17,0l-56-56a12,12,0,1,1,17-17L96,183,215.51,63.51a12,12,0,0,1,17,17Z\"><\/path><\/svg><\/span><span class=\"gb-text\">Descubre los famosos frescos de Miguel \u00c1ngel en la Capilla Sixtina con una audiogu\u00eda completa.<\/span><\/li>\n<\/ul>\n\n\n\n<h2 class=\"wp-block-heading\">Qu\u00e9 est\u00e1 incluido<\/h2>\n\n\n\n<p><a href=\"https:\/\/www.tiqets.com\/es\/rome-attractions-c71631\/the-vatican-city-pass-p1012497\/?partner=romeinfo\" rel=\"nofollow noopener\">El Vatican City Pass<\/a> es una herramienta imprescindible para cualquier visita completa a la Ciudad del Vaticano. Aqu\u00ed tienes lo que puedes disfrutar con \u00e9l.<\/p>\n\n\n\n<h3 class=\"wp-block-heading\">Bas\u00edlica de San Pedro<\/h3>\n\n\n<div class=\"ms-credits\">\n<img decoding=\"async\" class=\"gb-media-8e735582\" alt=\"La Bas\u00edlica de San Pedro vista desde fuera.\" src=\"https:\/\/www.rome.info\/wp-content\/uploads\/f-st-peters-basilica-1.jpg\" title=\"St. Peter's Basilica\"\/>\n<span class='ms-credits__info' id='media901'><svg xmlns=\"http:\/\/www.w3.org\/2000\/svg\" width=\"20\" height=\"22\" fill=\"#000000\" viewBox=\"0 0 256 256\"><path d=\"M128,24A104,104,0,1,0,232,128,104.11,104.11,0,0,0,128,24Zm0,192a88,88,0,1,1,88-88A88.1,88.1,0,0,1,128,216ZM96,128a32,32,0,0,0,57.6,19.2,8,8,0,0,1,12.8,9.61,48,48,0,1,1,0-57.62,8,8,0,0,1-12.8,9.61A32,32,0,0,0,96,128Z\"><\/path><\/svg>MichalLudwiczak\/<a href=https:\/\/depositphotos.com\/59477977\/stock-photo-st-peters-basilica-in-the.html rel='nofollow' target='_blank'>Depositphotos<\/a><\/span><span class='ms-credits__btn' id='btn_media901' onclick='ms_credits_trigger(\"#media901\", this)'><svg xmlns=\"http:\/\/www.w3.org\/2000\/svg\" class=\"info_icon\" width=\"28\" height=\"28\" fill=\"#FFF\" viewBox=\"0 0 256 256\"><path d=\"M128,24A104,104,0,1,0,232,128,104.11,104.11,0,0,0,128,24Zm0,192a88,88,0,1,1,88-88A88.1,88.1,0,0,1,128,216Zm16-40a8,8,0,0,1-8,8,16,16,0,0,1-16-16V128a8,8,0,0,1,0-16,16,16,0,0,1,16,16v40A8,8,0,0,1,144,176ZM112,84a12,12,0,1,1,12,12A12,12,0,0,1,112,84Z\"><\/path><\/svg><svg xmlns=\"http:\/\/www.w3.org\/2000\/svg\" class=\"close_icon\" width=\"28\" height=\"28\" fill=\"#FFF\" viewBox=\"0 0 256 256\"><path d=\"M165.66,101.66,139.31,128l26.35,26.34a8,8,0,0,1-11.32,11.32L128,139.31l-26.34,26.35a8,8,0,0,1-11.32-11.32L116.69,128,90.34,101.66a8,8,0,0,1,11.32-11.32L128,116.69l26.34-26.35a8,8,0,0,1,11.32,11.32ZM232,128A104,104,0,1,1,128,24,104.11,104.11,0,0,1,232,128Zm-16,0a88,88,0,1,0-88,88A88.1,88.1,0,0,0,216,128Z\"><\/path><\/svg><\/span><\/div>\n\n\n<p>La <a href=\"https:\/\/www.rome.info\/es\/atracciones\/basilica-de-san-pedro\/\">Bas\u00edlica de San Pedro<\/a> es el edificio m\u00e1s sagrado de la cristiandad y uno de los mejores ejemplos de arquitectura renacentista. Adem\u00e1s de ser la iglesia m\u00e1s grande del mundo, es tambi\u00e9n una de las m\u00e1s bellas.<\/p>\n\n\n\n<p>Disfruta de una visita guiada por esta enorme bas\u00edlica con un gu\u00eda oficial del Vaticano. Disponible en ingl\u00e9s o franc\u00e9s, tu gu\u00eda te llevar\u00e1 por la historia de la bas\u00edlica y por algunos de sus tesoros art\u00edsticos, como el <em>Baldaquino<\/em> de <a href=\"https:\/\/www.rome.info\/artists\/bernini\/\">Bernini<\/a> y <a href=\"https:\/\/www.rome.info\/artists\/michelangelo\/pieta\/\">La Piet\u00e0 de Miguel \u00c1ngel<\/a>.&nbsp;<\/p>\n\n\n\n<h3 class=\"wp-block-heading\">Los Museos Vaticanos<\/h3>\n\n\n<div class=\"ms-credits\">\n<img decoding=\"async\" class=\"gb-media-a932b527\" alt=\"Edificio de la c\u00fapula y jardines de los Museos Vaticanos en Roma\" src=\"https:\/\/www.rome.info\/wp-content\/uploads\/f-rome-vatican-museum-dome-building.jpg\" title=\"Vatican Musuems Dome Building\"\/>\n<span class='ms-credits__info' id='media849'>Pixabay Licensemochilazocultural\/<a href=https:\/\/pixabay.com\/photos\/rome-vatican-museum-dome-building-2527666\/ rel='nofollow' target='_blank'>Pixabay<\/a><\/span><span class='ms-credits__btn' id='btn_media849' onclick='ms_credits_trigger(\"#media849\", this)'><svg xmlns=\"http:\/\/www.w3.org\/2000\/svg\" class=\"info_icon\" width=\"28\" height=\"28\" fill=\"#FFF\" viewBox=\"0 0 256 256\"><path d=\"M128,24A104,104,0,1,0,232,128,104.11,104.11,0,0,0,128,24Zm0,192a88,88,0,1,1,88-88A88.1,88.1,0,0,1,128,216Zm16-40a8,8,0,0,1-8,8,16,16,0,0,1-16-16V128a8,8,0,0,1,0-16,16,16,0,0,1,16,16v40A8,8,0,0,1,144,176ZM112,84a12,12,0,1,1,12,12A12,12,0,0,1,112,84Z\"><\/path><\/svg><svg xmlns=\"http:\/\/www.w3.org\/2000\/svg\" class=\"close_icon\" width=\"28\" height=\"28\" fill=\"#FFF\" viewBox=\"0 0 256 256\"><path d=\"M165.66,101.66,139.31,128l26.35,26.34a8,8,0,0,1-11.32,11.32L128,139.31l-26.34,26.35a8,8,0,0,1-11.32-11.32L116.69,128,90.34,101.66a8,8,0,0,1,11.32-11.32L128,116.69l26.34-26.35a8,8,0,0,1,11.32,11.32ZM232,128A104,104,0,1,1,128,24,104.11,104.11,0,0,1,232,128Zm-16,0a88,88,0,1,0-88,88A88.1,88.1,0,0,0,216,128Z\"><\/path><\/svg><\/span><\/div>\n\n\n<p>Los <a href=\"https:\/\/www.rome.info\/es\/atracciones\/museos-vaticanos\/\">Museos Vaticanos<\/a> albergan aproximadamente 70.000 obras de arte en 54 galer\u00edas diferentes y son uno de los museos de <a href=\"https:\/\/www.rome.info\/artists\/\">arte<\/a> m\u00e1s visitados del mundo, con millones de visitantes cada a\u00f1o. Esto puede dar lugar a colas muy largas solo para entrar al edificio.<\/p>\n\n\n\n<p>Por suerte, <a href=\"https:\/\/www.tiqets.com\/es\/rome-attractions-c71631\/the-vatican-city-pass-p1012497\/?partner=romeinfo\" rel=\"nofollow noopener\">el Vatican City Pass<\/a> ofrece entradas sin colas a todas las galer\u00edas abiertas, que puedes explorar a tu ritmo. Descubre obras maestras desde la antigua Etruria hasta la Roma renacentista, con trabajos de artistas como <a href=\"https:\/\/www.rome.info\/artists\/michelangelo\/\">Miguel \u00c1ngel<\/a>, Rafael, <a href=\"https:\/\/www.rome.info\/artists\/caravaggio\/\">Caravaggio<\/a> y Pinturicchio, entre muchos otros.<\/p>\n\n\n\n<h3 class=\"wp-block-heading\">La Capilla Sixtina<\/h3>\n\n\n\n<figure><div class=\"ms-credits\">\n<img decoding=\"async\" class=\"gb-media-5c79d7c1\" alt=\"El fresco del Juicio Final de Miguel \u00c1ngel en la pared del altar de la Capilla Sixtina, rodeado de frescos en las paredes laterales con escenas de las vidas de Mois\u00e9s y Cristo.\" src=\"https:\/\/www.rome.info\/wp-content\/uploads\/sistine-chapel-last-judgment-1747026474.jpg\" title=\"sistine-chapel-last-judgment-1747026474\"\/>\n<span class='ms-credits__info' id='media2713'><svg xmlns=\"http:\/\/www.w3.org\/2000\/svg\" width=\"20\" height=\"22\" fill=\"#000000\" viewBox=\"0 0 256 256\"><path d=\"M128,24A104,104,0,1,0,232,128,104.11,104.11,0,0,0,128,24Zm0,192a88,88,0,1,1,88-88A88.1,88.1,0,0,1,128,216ZM96,128a32,32,0,0,0,57.6,19.2,8,8,0,0,1,12.8,9.61,48,48,0,1,1,0-57.62,8,8,0,0,1-12.8,9.61A32,32,0,0,0,96,128Z\"><\/path><\/svg>ilfede\/<a href=https:\/\/depositphotos.com\/editorial\/michelangelo-fresco-in-the-the-sistine-chapel-vatican-12080565.html rel='nofollow' target='_blank'>Depositphotos<\/a><\/span><span class='ms-credits__btn' id='btn_media2713' onclick='ms_credits_trigger(\"#media2713\", this)'><svg xmlns=\"http:\/\/www.w3.org\/2000\/svg\" class=\"info_icon\" width=\"28\" height=\"28\" fill=\"#FFF\" viewBox=\"0 0 256 256\"><path d=\"M128,24A104,104,0,1,0,232,128,104.11,104.11,0,0,0,128,24Zm0,192a88,88,0,1,1,88-88A88.1,88.1,0,0,1,128,216Zm16-40a8,8,0,0,1-8,8,16,16,0,0,1-16-16V128a8,8,0,0,1,0-16,16,16,0,0,1,16,16v40A8,8,0,0,1,144,176ZM112,84a12,12,0,1,1,12,12A12,12,0,0,1,112,84Z\"><\/path><\/svg><svg xmlns=\"http:\/\/www.w3.org\/2000\/svg\" class=\"close_icon\" width=\"28\" height=\"28\" fill=\"#FFF\" viewBox=\"0 0 256 256\"><path d=\"M165.66,101.66,139.31,128l26.35,26.34a8,8,0,0,1-11.32,11.32L128,139.31l-26.34,26.35a8,8,0,0,1-11.32-11.32L116.69,128,90.34,101.66a8,8,0,0,1,11.32-11.32L128,116.69l26.34-26.35a8,8,0,0,1,11.32,11.32ZM232,128A104,104,0,1,1,128,24,104.11,104.11,0,0,1,232,128Zm-16,0a88,88,0,1,0-88,88A88.1,88.1,0,0,0,216,128Z\"><\/path><\/svg><\/span><\/div>\n\n\n<figcaption class=\"gb-text\">El famoso fresco del \u00abJuicio Final\u00bb de Miguel \u00c1ngel.<\/figcaption>\n<\/figure>\n\n\n\n<p>Tu entrada sin colas a los Museos Vaticanos tambi\u00e9n incluye el acceso a la mundialmente famosa <a href=\"https:\/\/www.rome.info\/es\/atracciones\/capilla-sixtina\/\">Capilla Sixtina<\/a>, el punto culminante de cualquier visita.<\/p>\n\n\n\n<p>Contempla las manos m\u00e1s ic\u00f3nicas del mundo en <a href=\"https:\/\/www.rome.info\/artists\/michelangelo\/creation-of-adam\/\">La Creaci\u00f3n de Ad\u00e1n de Miguel \u00c1ngel<\/a> y pi\u00e9rdete en los detalles de su famoso fresco, el <a href=\"https:\/\/www.rome.info\/artists\/michelangelo\/last-judgement\/\">Juicio Final<\/a>, pintado sobre el altar. No olvides admirar las otras paredes de la capilla, pintadas por Botticelli, Perugino y otros artistas.<\/p>\n\n\n\n<h3 class=\"wp-block-heading\">Audiogu\u00eda de Roma<\/h3>\n\n\n\n<p>Impresiona a tus amigos y familiares con tus conocimientos expertos sobre Roma gracias a la app City Audio Guide de POPGuide, incluida con <a href=\"https:\/\/www.rome.info\/es\/pases-turisticos\/\">tu pase tur\u00edstico de Roma<\/a>.<\/p>\n\n\n\n<p>Es una gu\u00eda completa con im\u00e1genes de alta calidad, mapas interactivos y comentarios de expertos locales sobre m\u00e1s de 130 puntos de inter\u00e9s en Roma. Desde los principales monumentos, como el Coliseo, hasta joyas escondidas, como la Casa di Goethe, hay algo para que todos disfruten.<\/p>\n\n\n\n<h2 class=\"wp-block-heading\">C\u00f3mo funciona<\/h2>\n\n\n\n<p>Para acceder a todo lo que ofrece <a href=\"https:\/\/www.tiqets.com\/es\/rome-attractions-c71631\/the-vatican-city-pass-p1012497\/?partner=romeinfo\" rel=\"nofollow noopener\">el Vatican City Pass<\/a>, solo tienes que reservar tus entradas online: selecciona el n\u00famero de participantes y el idioma en el que quieres la visita. Luego elige la fecha de inicio de tu pase (v\u00e1lido tres d\u00edas completos), rellena tus datos personales y paga de forma segura.<\/p>\n\n\n\n<p>Recibir\u00e1s la confirmaci\u00f3n al instante y las entradas en tu correo electr\u00f3nico. Tambi\u00e9n recibir\u00e1s un c\u00f3digo de descuento personal que te da un 10% de descuento en tu pr\u00f3xima reserva a una atracci\u00f3n cercana.<\/p>\n\n\n\n<p>Una vez completada la reserva, puedes reservar la fecha o los horarios de cada actividad. \u00a1Y listo! Solo tienes que llegar a la hora prevista, mostrar tu entrada impresa o en el m\u00f3vil y disfrutar de estas incre\u00edbles atracciones.<\/p>\n","protected":false},"excerpt":{"rendered":"<p>Entrada sin colas y tours guiados a los principales lugares del Vaticano, m\u00e1s audiogu\u00eda de la ciudad incluida.<\/p>\n","protected":false},"author":9,"featured_media":368,"parent":206,"menu_order":0,"comment_status":"closed","ping_status":"closed","template":"","meta":{"_acf_changed":false,"footnotes":"","button_url":"https:\/\/www.tiqets.com\/es\/rome-attractions-c71631\/the-vatican-city-pass-p1012497\/?partner=romeinfo","ms_product_id":"","ms_product_name":"","ms_price":"","ms_currency":"","ms_rating_value":"","ms_review_count":"","rank_math_title":"Vatican City Pass: acceso sin colas a las principales atracciones + tours guiados","rank_math_description":"El Vatican City Pass incluye acceso sin colas a los Museos Vaticanos y la Capilla Sixtina, con tours guiados opcionales a la Bas\u00edlica de San Pedro y extras como audiogu\u00eda de Roma o entrada a Castel Sant'Angelo."},"post-style":[],"producer":[36],"class_list":["post-213","page","type-page","status-publish","has-post-thumbnail"],"acf":[],"product_schema":{"ms_product_id":"","ms_product_name":"","ms_price":"","ms_currency":"","ms_rating_value":"","ms_review_count":""},"_links":{"self":[{"href":"https:\/\/www.rome.info\/es\/wp-json\/wp\/v2\/pages\/213","targetHints":{"allow":["GET"]}}],"collection":[{"href":"https:\/\/www.rome.info\/es\/wp-json\/wp\/v2\/pages"}],"about":[{"href":"https:\/\/www.rome.info\/es\/wp-json\/wp\/v2\/types\/page"}],"author":[{"embeddable":true,"href":"https:\/\/www.rome.info\/es\/wp-json\/wp\/v2\/users\/9"}],"replies":[{"embeddable":true,"href":"https:\/\/www.rome.info\/es\/wp-json\/wp\/v2\/comments?post=213"}],"version-history":[{"count":2,"href":"https:\/\/www.rome.info\/es\/wp-json\/wp\/v2\/pages\/213\/revisions"}],"predecessor-version":[{"id":488,"href":"https:\/\/www.rome.info\/es\/wp-json\/wp\/v2\/pages\/213\/revisions\/488"}],"up":[{"embeddable":true,"href":"https:\/\/www.rome.info\/es\/wp-json\/wp\/v2\/pages\/206"}],"wp:featuredmedia":[{"embeddable":true,"href":"https:\/\/www.rome.info\/es\/wp-json\/wp\/v2\/media\/368"}],"wp:attachment":[{"href":"https:\/\/www.rome.info\/es\/wp-json\/wp\/v2\/media?parent=213"}],"wp:term":[{"taxonomy":"post-style","embeddable":true,"href":"https:\/\/www.rome.info\/es\/wp-json\/wp\/v2\/post-style?post=213"},{"taxonomy":"producer","embeddable":true,"href":"https:\/\/www.rome.info\/es\/wp-json\/wp\/v2\/producer?post=213"}],"curies":[{"name":"wp","href":"https:\/\/api.w.org\/{rel}","templated":true}]}}