{"id":211,"date":"2026-04-24T06:55:22","date_gmt":"2026-04-24T06:55:22","guid":{"rendered":"https:\/\/www.rome.info\/es\/?page_id=211"},"modified":"2026-04-27T12:25:23","modified_gmt":"2026-04-27T12:25:23","slug":"roma-pass","status":"publish","type":"page","link":"https:\/\/www.rome.info\/es\/pases-turisticos\/roma-pass\/","title":{"rendered":"Roma Pass"},"content":{"rendered":"\n<p class=\"is-style-lead\">Disfruta lo mejor de Roma con este pr\u00e1ctico pase.<\/p>\n\n\n\n<p class=\"ms-mb-0\">El Roma Pass te ofrece tres ventajas: uso ilimitado del transporte p\u00fablico, entrada gratuita sin colas a uno o dos lugares destacados de tu elecci\u00f3n y precio reducido en muchas otras atracciones. Elige un pase de 48 o 72 horas para visitar lugares como el Coliseo y moverte por la ciudad sin comprar billetes sueltos.<\/p>\n\n\n\n<div class=\"ms-cta-button ms-p ms-cta\">\n<a class=\"gb-text ms-btn ms-shadow ms-btn--contrast\" rel=\"nofollow noopener\" href=\"https:\/\/www.getyourguide.com\/rome-l33\/roma-pass-official-city-card-with-transportation-t68896\/?partner_id=1URQJZP&#038;utm_medium=online_publisher\">Comprobar disponibilidad<\/a>\n<\/div>\n\n\n\n<h2 class=\"wp-block-heading\">Lo m\u00e1s destacado<\/h2>\n\n\n\n<ul class=\"ms-icon-list ms-mb-block\">\n<li class=\"ms-icon-list__item\"><span class=\"gb-shape\"><svg viewBox=\"0 0 256 256\" fill=\"#000000\" height=\"32\" width=\"32\" xmlns=\"http:\/\/www.w3.org\/2000\/svg\"><path d=\"M232.49,80.49l-128,128a12,12,0,0,1-17,0l-56-56a12,12,0,1,1,17-17L96,183,215.51,63.51a12,12,0,0,1,17,17Z\"><\/path><\/svg><\/span><span class=\"gb-text\">Visita hasta dos atracciones principales, como el Coliseo o el Foro Romano, de forma gratuita.<\/span><\/li>\n\n\n\n<li class=\"ms-icon-list__item\"><span class=\"gb-shape\"><svg viewBox=\"0 0 256 256\" fill=\"#000000\" height=\"32\" width=\"32\" xmlns=\"http:\/\/www.w3.org\/2000\/svg\"><path d=\"M232.49,80.49l-128,128a12,12,0,0,1-17,0l-56-56a12,12,0,1,1,17-17L96,183,215.51,63.51a12,12,0,0,1,17,17Z\"><\/path><\/svg><\/span><span class=\"gb-text\">Disfruta de precios reducidos en los mejores museos, atracciones y experiencias.<\/span><\/li>\n\n\n\n<li class=\"ms-icon-list__item\"><span class=\"gb-shape\"><svg viewBox=\"0 0 256 256\" fill=\"#000000\" height=\"32\" width=\"32\" xmlns=\"http:\/\/www.w3.org\/2000\/svg\"><path d=\"M232.49,80.49l-128,128a12,12,0,0,1-17,0l-56-56a12,12,0,1,1,17-17L96,183,215.51,63.51a12,12,0,0,1,17,17Z\"><\/path><\/svg><\/span><span class=\"gb-text\">Sube y baja del transporte p\u00fablico sin tener que comprar billetes.<\/span><\/li>\n<\/ul>\n\n\n\n<div class=\"ms-p-sm ms-rounded ms-card-i ms-mb-block\">\n<h2 class=\"gb-text ms-text-lg ms-card-i__title\">C\u00f3mo funciona<\/h2>\n\n\n\n<div class=\"ms-p-sm ms-rounded ms-card-i\">\n<ul class=\"wp-block-list ms-text-sm ms-mb-0\">\n<li>El pase de 72 horas incluye entrada gratuita a 2 atracciones<\/li>\n\n\n\n<li>El pase de 48 horas incluye entrada gratuita a 1<strong> <\/strong>atracci\u00f3n<\/li>\n\n\n\n<li>Tras las entradas gratuitas: obtienes precio reducido en el resto de lugares participantes durante la vigencia de tu pase<\/li>\n<\/ul>\n<\/div>\n\n\n\n<div class=\"gb-element-c48c12f6\">\n<div>\n<div class=\"ms-p-sm ms-rounded ms-card-i\">\n<h3 class=\"ms-card-i__title ms-text-base\"><span class=\"gb-shape\"><svg viewBox=\"0 0 256 256\" fill=\"#000000\" height=\"32\" width=\"32\" xmlns=\"http:\/\/www.w3.org\/2000\/svg\"><path d=\"M232,104a8,8,0,0,0,8-8V64a16,16,0,0,0-16-16H32A16,16,0,0,0,16,64V96a8,8,0,0,0,8,8,24,24,0,0,1,0,48,8,8,0,0,0-8,8v32a16,16,0,0,0,16,16H224a16,16,0,0,0,16-16V160a8,8,0,0,0-8-8,24,24,0,0,1,0-48ZM32,167.2a40,40,0,0,0,0-78.4V64H88V192H32Zm192,0V192H104V64H224V88.8a40,40,0,0,0,0,78.4Z\"><\/path><\/svg><\/span><span class=\"gb-text\">Elige tu pase<\/span><\/h3>\n\n\n\n<p class=\"gb-text ms-text-sm ms-mb-0 ms-card-i__excerpt\">Elige entre el pase de 72 horas o el de 48 horas<\/p>\n<\/div>\n<\/div>\n\n\n\n<div>\n<div class=\"ms-p-sm ms-rounded ms-card-i\">\n<h3 class=\"ms-card-i__title ms-text-base\"><span class=\"gb-shape\"><svg viewBox=\"0 0 256 256\" fill=\"#000000\" height=\"32\" width=\"32\" xmlns=\"http:\/\/www.w3.org\/2000\/svg\"><path d=\"M173.66,98.34a8,8,0,0,1,0,11.32l-56,56a8,8,0,0,1-11.32,0l-24-24a8,8,0,0,1,11.32-11.32L112,148.69l50.34-50.35A8,8,0,0,1,173.66,98.34ZM232,128A104,104,0,1,1,128,24,104.11,104.11,0,0,1,232,128Zm-16,0a88,88,0,1,0-88,88A88.1,88.1,0,0,0,216,128Z\"><\/path><\/svg><\/span><span class=\"gb-text\">Rec\u00f3gelo y act\u00edvalo<\/span><\/h3>\n\n\n\n<p class=\"gb-text ms-text-sm ms-mb-0 ms-card-i__excerpt\">Presenta tu bono e identificaci\u00f3n en cualquier <a href=\"https:\/\/www.turismoroma.it\/en\/page\/tourist-infopoints\" rel=\"nofollow noopener\">Punto de Informaci\u00f3n Tur\u00edstica<\/a> de Roma<\/p>\n<\/div>\n<\/div>\n\n\n\n<div>\n<div class=\"ms-p-sm ms-rounded ms-card-i\">\n<h3 class=\"ms-card-i__title ms-text-base\"><span class=\"gb-shape\"><svg viewBox=\"0 0 256 256\" fill=\"#000000\" height=\"32\" width=\"32\" xmlns=\"http:\/\/www.w3.org\/2000\/svg\"><path d=\"M200,75.64V40a16,16,0,0,0-16-16H72A16,16,0,0,0,56,40V76a16.07,16.07,0,0,0,6.4,12.8L114.67,128,62.4,167.2A16.07,16.07,0,0,0,56,180v36a16,16,0,0,0,16,16H184a16,16,0,0,0,16-16V180.36a16.09,16.09,0,0,0-6.35-12.77L141.27,128l52.38-39.6A16.05,16.05,0,0,0,200,75.64ZM184,216H72V180l56-42,56,42.35Zm0-140.36L128,118,72,76V40H184Z\"><\/path><\/svg><\/span><span class=\"gb-text\">Val\u00eddalo en el primer uso<\/span><\/h3>\n\n\n\n<p class=\"gb-text ms-text-sm ms-mb-0 ms-card-i__excerpt\">La validaci\u00f3n se produce en la primera atracci\u00f3n o en el transporte p\u00fablico<\/p>\n<\/div>\n<\/div>\n\n\n\n<div>\n<div class=\"ms-p-sm ms-rounded ms-card-i\">\n<h3 class=\"ms-card-i__title ms-text-base\"><span class=\"gb-shape\"><svg viewBox=\"0 0 256 256\" fill=\"#000000\" height=\"32\" width=\"32\" xmlns=\"http:\/\/www.w3.org\/2000\/svg\"><path d=\"M184,24H72A32,32,0,0,0,40,56V184a32,32,0,0,0,32,32h8L65.6,235.2a8,8,0,1,0,12.8,9.6L100,216h56l21.6,28.8a8,8,0,1,0,12.8-9.6L176,216h8a32,32,0,0,0,32-32V56A32,32,0,0,0,184,24ZM72,40H184a16,16,0,0,1,16,16v64H56V56A16,16,0,0,1,72,40ZM184,200H72a16,16,0,0,1-16-16V136H200v48A16,16,0,0,1,184,200ZM96,172a12,12,0,1,1-12-12A12,12,0,0,1,96,172Zm88,0a12,12,0,1,1-12-12A12,12,0,0,1,184,172Z\"><\/path><\/svg><\/span><span class=\"gb-text\">\u00dasalo<\/span><\/h3>\n\n\n\n<ul class=\"wp-block-list ms-text-sm\">\n<li>En el metro: pasa la tarjeta por el torniquete<\/li>\n\n\n\n<li>En autobuses o tranv\u00edas: introduce la tarjeta una vez en la m\u00e1quina amarilla para validarla y ll\u00e9vala contigo<\/li>\n<\/ul>\n<\/div>\n<\/div>\n<\/div>\n<\/div>\n\n\n\n<h2 class=\"wp-block-heading\">Qu\u00e9 est\u00e1 incluido<\/h2>\n\n\n\n<p>El <a href=\"https:\/\/www.getyourguide.com\/rome-l33\/roma-pass-official-city-card-with-transportation-t68896\/?partner_id=1URQJZP&amp;utm_medium=online_publisher\" rel=\"nofollow noopener\">Roma Pass<\/a> ofrece descuentos en tantas atracciones que ser\u00eda imposible verlas todas en un fin de semana largo. Disfrutar\u00e1s de una o dos entradas gratuitas a las atracciones de Roma que elijas y de entradas con descuento para todo lo dem\u00e1s. Tambi\u00e9n tendr\u00e1s acceso gratuito a todo el <a href=\"https:\/\/www.rome.info\/transport\/\">transporte p\u00fablico<\/a> (excepto trenes), lo que facilita llegar a tus destinos.<\/p>\n\n\n\n<p>A continuaci\u00f3n encontrar\u00e1s algunos de los descuentos que ofrece este incre\u00edble pase.<\/p>\n\n\n\n<h3 class=\"wp-block-heading\">Museos y atracciones<\/h3>\n\n\n\n<p>Tanto si prefieres examinar antig\u00fcedades como si te atrae m\u00e1s el <a href=\"https:\/\/www.rome.info\/artists\/\">arte<\/a> moderno, aqu\u00ed hay algo para todos. Con m\u00e1s de 50 lugares diferentes entre los que elegir, no te aburrir\u00e1s. Algunos de los mejores:<\/p>\n\n\n\n<ul class=\"wp-block-list\">\n<li><a href=\"https:\/\/www.rome.info\/attractions\/colosseum\/\">Coliseo<\/a>, <a href=\"https:\/\/www.rome.info\/attractions\/roman-forum\/\">Foro Romano<\/a> y <a href=\"https:\/\/www.rome.info\/attractions\/palatine-hill\/\">Monte Palatino<\/a>: un viaje a Roma no estar\u00eda completo sin visitar este tr\u00edo de atracciones del mundo antiguo.<\/li>\n<\/ul>\n\n\n\n<div class=\"ms-p ms-rounded ms-mb-last-child-0 ms-mb-children-condensed ms-alert--contrast ms-mb-block\">\n<h4 class=\"gb-text-26a71c5b\"><span class=\"gb-shape\"><svg viewBox=\"0 0 256 256\" fill=\"#000000\" height=\"32\" width=\"32\" xmlns=\"http:\/\/www.w3.org\/2000\/svg\"><path d=\"M246.15,133.18,146.83,33.86A19.85,19.85,0,0,0,132.69,28H40A12,12,0,0,0,28,40v92.69a19.85,19.85,0,0,0,5.86,14.14l99.32,99.32a20,20,0,0,0,28.28,0l84.69-84.69A20,20,0,0,0,246.15,133.18Zm-98.83,93.17L52,131V52h79l95.32,95.32ZM100,84A16,16,0,1,1,84,68,16,16,0,0,1,100,84Z\"><\/path><\/svg><\/span><span class=\"gb-text\">\u00bfPiensas visitar el Coliseo?<\/span><\/h4>\n\n\n\n<p class=\"gb-text\">El Coliseo es la atracci\u00f3n m\u00e1s popular de Roma y las entradas se agotan semanas antes. Aunque tengas el Roma Pass, tendr\u00e1s que reservar un horario concreto.<\/p>\n\n\n\n<p class=\"gb-text\"><a href=\"https:\/\/www.rome.info\/attractions\/colosseum\/tickets\/\" data-type=\"link\" data-id=\"https:\/\/www.rome.info\/attractions\/colosseum\/tickets\/\">Ver opciones de entradas al Coliseo \u2192<\/a><\/p>\n<\/div>\n\n\n\n<ul class=\"wp-block-list\">\n<li><a href=\"https:\/\/www.rome.info\/attractions\/castel-sant-angelo\/\">Castel Sant&#8217;Angelo<\/a>: visita esta incre\u00edble estructura y descubre c\u00f3mo se us\u00f3 a lo largo de la historia, desde su origen como mausoleo hasta su uso como prisi\u00f3n y mucho m\u00e1s.<\/li>\n\n\n\n<li><a href=\"https:\/\/www.rome.info\/attractions\/villa-borghese\/\">Galer\u00eda Borghese<\/a>: es una de las mejores colecciones privadas del mundo, con obras maestras de <a href=\"https:\/\/www.rome.info\/artists\/bernini\/\">Bernini<\/a>, <a href=\"https:\/\/www.rome.info\/artists\/caravaggio\/\">Caravaggio<\/a> y Tiziano, entre otros.<\/li>\n\n\n\n<li><a href=\"https:\/\/www.rome.info\/attractions\/capitoline-museums\/\">Museos Capitolinos<\/a>: la colecci\u00f3n p\u00fablica m\u00e1s antigua del mundo, con impresionantes exposiciones arqueol\u00f3gicas.<\/li>\n\n\n\n<li>MAXXI: el principal museo de Roma de arte contempor\u00e1neo, con colecciones del siglo XXI.<\/li>\n<\/ul>\n\n\n\n<figure><div class=\"ms-credits\">\n<img decoding=\"async\" class=\"gb-media-79fbcce4\" alt=\"Visitantes explorando las antiguas ruinas del Coliseo, sus c\u00e1maras subterr\u00e1neas y sus gradas escalonadas.\" src=\"https:\/\/www.rome.info\/wp-content\/uploads\/colosseum-forum-palatine-tours-1742362634.jpg\" title=\"colosseum-forum-palatine-tours\"\/>\n<span class='ms-credits__info' id='media2311'>Unsplash LicenseHank Paul\/<a href=https:\/\/unsplash.com\/photos\/group-of-people-on-landmark-on4xM3i9_FE rel='nofollow' target='_blank'>Unsplash<\/a><\/span><span class='ms-credits__btn' id='btn_media2311' onclick='ms_credits_trigger(\"#media2311\", this)'><svg xmlns=\"http:\/\/www.w3.org\/2000\/svg\" class=\"info_icon\" width=\"28\" height=\"28\" fill=\"#FFF\" viewBox=\"0 0 256 256\"><path d=\"M128,24A104,104,0,1,0,232,128,104.11,104.11,0,0,0,128,24Zm0,192a88,88,0,1,1,88-88A88.1,88.1,0,0,1,128,216Zm16-40a8,8,0,0,1-8,8,16,16,0,0,1-16-16V128a8,8,0,0,1,0-16,16,16,0,0,1,16,16v40A8,8,0,0,1,144,176ZM112,84a12,12,0,1,1,12,12A12,12,0,0,1,112,84Z\"><\/path><\/svg><svg xmlns=\"http:\/\/www.w3.org\/2000\/svg\" class=\"close_icon\" width=\"28\" height=\"28\" fill=\"#FFF\" viewBox=\"0 0 256 256\"><path d=\"M165.66,101.66,139.31,128l26.35,26.34a8,8,0,0,1-11.32,11.32L128,139.31l-26.34,26.35a8,8,0,0,1-11.32-11.32L116.69,128,90.34,101.66a8,8,0,0,1,11.32-11.32L128,116.69l26.34-26.35a8,8,0,0,1,11.32,11.32ZM232,128A104,104,0,1,1,128,24,104.11,104.11,0,0,1,232,128Zm-16,0a88,88,0,1,0-88,88A88.1,88.1,0,0,0,216,128Z\"><\/path><\/svg><\/span><\/div>\n\n\n<figcaption class=\"gb-text\">Explora el interior del Coliseo y recorre la antigua arena.<\/figcaption>\n<\/figure>\n\n\n\n<figure><div class=\"ms-credits\">\n<img decoding=\"async\" class=\"gb-media-7c3540db\" alt=\"Vista de Castel Sant'Angelo desde el puente que lleva a la entrada del castillo.\" src=\"https:\/\/www.rome.info\/wp-content\/uploads\/f-castel-sant-angelo-bridge.jpg\" title=\"Castel Sant'Angelo - Bridge View\"\/>\n<span class='ms-credits__info' id='media696'><svg xmlns=\"http:\/\/www.w3.org\/2000\/svg\" width=\"20\" height=\"22\" fill=\"#000000\" viewBox=\"0 0 256 256\"><path d=\"M128,24A104,104,0,1,0,232,128,104.11,104.11,0,0,0,128,24Zm0,192a88,88,0,1,1,88-88A88.1,88.1,0,0,1,128,216ZM96,128a32,32,0,0,0,57.6,19.2,8,8,0,0,1,12.8,9.61,48,48,0,1,1,0-57.62,8,8,0,0,1-12.8,9.61A32,32,0,0,0,96,128Z\"><\/path><\/svg>natursports\/<a href=https:\/\/depositphotos.com\/25540505\/stock-photo-castel-sant-angelo-rome.html rel='nofollow' target='_blank'>Depositphotos<\/a><\/span><span class='ms-credits__btn' id='btn_media696' onclick='ms_credits_trigger(\"#media696\", this)'><svg xmlns=\"http:\/\/www.w3.org\/2000\/svg\" class=\"info_icon\" width=\"28\" height=\"28\" fill=\"#FFF\" viewBox=\"0 0 256 256\"><path d=\"M128,24A104,104,0,1,0,232,128,104.11,104.11,0,0,0,128,24Zm0,192a88,88,0,1,1,88-88A88.1,88.1,0,0,1,128,216Zm16-40a8,8,0,0,1-8,8,16,16,0,0,1-16-16V128a8,8,0,0,1,0-16,16,16,0,0,1,16,16v40A8,8,0,0,1,144,176ZM112,84a12,12,0,1,1,12,12A12,12,0,0,1,112,84Z\"><\/path><\/svg><svg xmlns=\"http:\/\/www.w3.org\/2000\/svg\" class=\"close_icon\" width=\"28\" height=\"28\" fill=\"#FFF\" viewBox=\"0 0 256 256\"><path d=\"M165.66,101.66,139.31,128l26.35,26.34a8,8,0,0,1-11.32,11.32L128,139.31l-26.34,26.35a8,8,0,0,1-11.32-11.32L116.69,128,90.34,101.66a8,8,0,0,1,11.32-11.32L128,116.69l26.34-26.35a8,8,0,0,1,11.32,11.32ZM232,128A104,104,0,1,1,128,24,104.11,104.11,0,0,1,232,128Zm-16,0a88,88,0,1,0-88,88A88.1,88.1,0,0,0,216,128Z\"><\/path><\/svg><\/span><\/div>\n\n\n<figcaption class=\"gb-text\">Observa lo hermoso que es el puente que lleva a Castel Sant&#8217;Angelo.<\/figcaption>\n<\/figure>\n\n\n\n<figure><div class=\"ms-credits\">\n<img decoding=\"async\" class=\"gb-media-09ec857e\" alt=\"Visitantes a la entrada de la Galer\u00eda Borghese en Roma\" src=\"https:\/\/www.rome.info\/wp-content\/uploads\/f-villa-borghese-gallery-entrance.jpg\" title=\"Villa Borghese Gallery Entrance\"\/>\n<span class='ms-credits__info' id='media854'>Pixabay Licensewaldomiguez\/<a href=https:\/\/pixabay.com\/photos\/borghese-galleria-borghese-rome-1126970\/ rel='nofollow' target='_blank'>Pixabay<\/a><\/span><span class='ms-credits__btn' id='btn_media854' onclick='ms_credits_trigger(\"#media854\", this)'><svg xmlns=\"http:\/\/www.w3.org\/2000\/svg\" class=\"info_icon\" width=\"28\" height=\"28\" fill=\"#FFF\" viewBox=\"0 0 256 256\"><path d=\"M128,24A104,104,0,1,0,232,128,104.11,104.11,0,0,0,128,24Zm0,192a88,88,0,1,1,88-88A88.1,88.1,0,0,1,128,216Zm16-40a8,8,0,0,1-8,8,16,16,0,0,1-16-16V128a8,8,0,0,1,0-16,16,16,0,0,1,16,16v40A8,8,0,0,1,144,176ZM112,84a12,12,0,1,1,12,12A12,12,0,0,1,112,84Z\"><\/path><\/svg><svg xmlns=\"http:\/\/www.w3.org\/2000\/svg\" class=\"close_icon\" width=\"28\" height=\"28\" fill=\"#FFF\" viewBox=\"0 0 256 256\"><path d=\"M165.66,101.66,139.31,128l26.35,26.34a8,8,0,0,1-11.32,11.32L128,139.31l-26.34,26.35a8,8,0,0,1-11.32-11.32L116.69,128,90.34,101.66a8,8,0,0,1,11.32-11.32L128,116.69l26.34-26.35a8,8,0,0,1,11.32,11.32ZM232,128A104,104,0,1,1,128,24,104.11,104.11,0,0,1,232,128Zm-16,0a88,88,0,1,0-88,88A88.1,88.1,0,0,0,216,128Z\"><\/path><\/svg><\/span><\/div>\n\n\n<figcaption class=\"gb-text\">Contempla obras de arte de fama mundial en la Galer\u00eda Borghese.<\/figcaption>\n<\/figure>\n\n\n\n<figure><div class=\"ms-credits\">\n<img decoding=\"async\" class=\"gb-media-3d690eff\" alt=\"Vista frontal de los Museos Capitolinos en Roma\" src=\"https:\/\/www.rome.info\/wp-content\/uploads\/f-capitoline-museums.jpg\" title=\"Capitoline Museums\"\/>\n<span class='ms-credits__info' id='media701'><svg xmlns=\"http:\/\/www.w3.org\/2000\/svg\" width=\"20\" height=\"22\" fill=\"#000000\" viewBox=\"0 0 256 256\"><path d=\"M128,24A104,104,0,1,0,232,128,104.11,104.11,0,0,0,128,24Zm0,192a88,88,0,1,1,88-88A88.1,88.1,0,0,1,128,216ZM96,128a32,32,0,0,0,57.6,19.2,8,8,0,0,1,12.8,9.61,48,48,0,1,1,0-57.62,8,8,0,0,1-12.8,9.61A32,32,0,0,0,96,128Z\"><\/path><\/svg>Michael6882\/<a href=https:\/\/depositphotos.com\/206999720\/stock-photo-rome-italy-june-29th-2015.html rel='nofollow' target='_blank'>Depositphotos<\/a><\/span><span class='ms-credits__btn' id='btn_media701' onclick='ms_credits_trigger(\"#media701\", this)'><svg xmlns=\"http:\/\/www.w3.org\/2000\/svg\" class=\"info_icon\" width=\"28\" height=\"28\" fill=\"#FFF\" viewBox=\"0 0 256 256\"><path d=\"M128,24A104,104,0,1,0,232,128,104.11,104.11,0,0,0,128,24Zm0,192a88,88,0,1,1,88-88A88.1,88.1,0,0,1,128,216Zm16-40a8,8,0,0,1-8,8,16,16,0,0,1-16-16V128a8,8,0,0,1,0-16,16,16,0,0,1,16,16v40A8,8,0,0,1,144,176ZM112,84a12,12,0,1,1,12,12A12,12,0,0,1,112,84Z\"><\/path><\/svg><svg xmlns=\"http:\/\/www.w3.org\/2000\/svg\" class=\"close_icon\" width=\"28\" height=\"28\" fill=\"#FFF\" viewBox=\"0 0 256 256\"><path d=\"M165.66,101.66,139.31,128l26.35,26.34a8,8,0,0,1-11.32,11.32L128,139.31l-26.34,26.35a8,8,0,0,1-11.32-11.32L116.69,128,90.34,101.66a8,8,0,0,1,11.32-11.32L128,116.69l26.34-26.35a8,8,0,0,1,11.32,11.32ZM232,128A104,104,0,1,1,128,24,104.11,104.11,0,0,1,232,128Zm-16,0a88,88,0,1,0-88,88A88.1,88.1,0,0,0,216,128Z\"><\/path><\/svg><\/span><\/div>\n\n\n<figcaption class=\"gb-text\">Entra en los Museos Capitolinos y explora estatuas y ruinas romanas.<\/figcaption>\n<\/figure>\n\n\n\n<h3 class=\"wp-block-heading\">Tours y experiencias<\/h3>\n\n\n\n<p>\u00bfBuscas m\u00e1s bien una experiencia o un evento cultural? El pase tambi\u00e9n te cubre. Incluye entradas con descuento para <a href=\"https:\/\/www.rome.info\/entertainment\/theatre-opera\/\">producciones de teatro y \u00f3pera<\/a>, e incluso parques de atracciones (visita Cinecitt\u00e0 World si te gusta el cine y la televisi\u00f3n).&nbsp;<\/p>\n\n\n\n<p>Y si quieres mantenerte activo o aprender algo nuevo, ap\u00fantate a una clase de cocina o a uno de los tours a pie por lugares poco conocidos con los que tambi\u00e9n tienen acuerdo. Las posibilidades son ilimitadas.<\/p>\n\n\n\n<h3 class=\"wp-block-heading\">Extras para turistas<\/h3>\n\n\n\n<p>Este pase tur\u00edstico de Roma incluye tambi\u00e9n descuentos en servicios \u00fatiles para los visitantes. Ya sea que quieras guardar el equipaje de forma segura, alquilar una bici el\u00e9ctrica o un segway para recorrer la ciudad, o incluso unirte a un <a href=\"https:\/\/www.rome.info\/tours\/hop-on-hop-off\/\">autob\u00fas tur\u00edstico hop-on hop-off<\/a>, este pase tiene un poco de todo.<\/p>\n\n\n\n<p>El pase incluye el Mapa Roma, un plano con todos los puntos de inter\u00e9s que puedes visitar con el Roma Pass, incluidas las direcciones y p\u00e1ginas web de cada lugar.<\/p>\n\n\n\n<p>Todos los titulares del pase tienen acceso gratuito a los servicios de aseos de la red P. Stop.<\/p>\n\n\n\n<h3 class=\"wp-block-heading\">Experiencia RA en el Circo M\u00e1ximo<\/h3>\n\n\n\n<p>Ponte unos auriculares y ve el <a href=\"https:\/\/www.rome.info\/attractions\/circus-maximus\/\">Circo M\u00e1ximo<\/a> tal como lo vieron los romanos. Esta experiencia inmersiva y multisensorial es la primera vez que se usa la realidad aumentada en un \u00e1rea exterior de tal envergadura.<\/p>\n\n\n\n<p>La experiencia dura 40 minutos y te muestra c\u00f3mo era el Circo M\u00e1ximo en ocho momentos diferentes de su historia. Incluso podr\u00e1s ver una carrera de cuadrigas romana en acci\u00f3n.<\/p>\n\n\n\n<h2 class=\"wp-block-heading\">C\u00f3mo funciona<\/h2>\n\n\n\n<p>Hay dos modalidades de <a href=\"https:\/\/www.getyourguide.com\/rome-l33\/roma-pass-official-city-card-with-transportation-t68896\/?partner_id=1URQJZP&amp;utm_medium=online_publisher\" rel=\"nofollow noopener\">Roma Pass<\/a> que puedes comprar: uno dura 72 horas y el otro, 48. La \u00fanica diferencia es que el de 72 horas incluye dos atracciones o experiencias gratuitas, mientras que el otro solo incluye una.<\/p>\n\n\n\n<p>Puedes comprar hasta cuatro Roma Pass online por transacci\u00f3n. Solo tienes que rellenar tus datos, elegir fecha y hora de recogida, y recibir\u00e1s un bono en tu correo electr\u00f3nico.<\/p>\n\n\n\n<p>Luego puedes recoger tu pase mostrando el bono en el m\u00f3vil y un documento de identidad con foto en cualquiera de los Puntos de Informaci\u00f3n Tur\u00edstica repartidos por Roma.<\/p>\n\n\n\n<p>Tu tarjeta se validar\u00e1 cuando la uses para acceder a tu primera atracci\u00f3n gratuita. Tambi\u00e9n debes validarla la primera vez que uses el transporte p\u00fablico. Despu\u00e9s tendr\u00e1s 72 o 48 horas para disfrutar de todo lo que siempre has so\u00f1ado vivir en Roma.<\/p>\n\n\n\n<h4 class=\"wp-block-heading\">Informaci\u00f3n adicional:<\/h4>\n\n\n\n<ul class=\"wp-block-list\">\n<li>Se recomienda encarecidamente reservar online las atracciones m\u00e1s populares con antelaci\u00f3n, ya que el Roma Pass no garantiza que haya plazas disponibles.<\/li>\n\n\n\n<li>Los pases tambi\u00e9n est\u00e1n disponibles directamente en los Puntos de Informaci\u00f3n Tur\u00edstica o en algunas taquillas del metro de ATAC.<\/li>\n\n\n\n<li>Las tarjetas compradas online se pueden recoger como m\u00ednimo 24 horas despu\u00e9s de la fecha de compra, el tiempo necesario para procesar el pago.<\/li>\n\n\n\n<li>Este pase no admite devoluciones, aunque no se haya utilizado.<\/li>\n\n\n\n<li>La tarjeta es sin contacto, no hace falta introducirla en el lector. Solo tienes que acercarla.<\/li>\n<\/ul>\n\n\n\n<div class=\"ms-query-section ms-mb-block\">\n<div class=\"ms-query-section-header\">\n<h2 class=\"gb-text ms-query-section__title\">M\u00e1s pases para explorar Roma<\/h2>\n\n\n\n<a class=\"ms-btn ms-btn--ghost-primary ms-btn--small gb-text-431c44fc\" href=\"https:\/\/www.rome.info\/city-passes\/\"><span class=\"gb-text\">Ver todo<\/span><span class=\"gb-shape\"><svg viewBox=\"0 0 256 256\" fill=\"#000000\" height=\"32\" width=\"32\" xmlns=\"http:\/\/www.w3.org\/2000\/svg\"><path d=\"M224.49,136.49l-72,72a12,12,0,0,1-17-17L187,140H40a12,12,0,0,1,0-24H187L135.51,64.48a12,12,0,0,1,17-17l72,72A12,12,0,0,1,224.49,136.49Z\"><\/path><\/svg><\/span><\/a>\n<\/div>\n\n\n\n<p class=\"gb-text ms-query-section__description\">Otros pases populares que incluyen entrada a las principales atracciones y transporte p\u00fablico.<\/p>\n\n\n\n<div><\/div>\n<\/div>\n","protected":false},"excerpt":{"rendered":"<p>Entrada gratuita a 1 o 2 atracciones principales, transporte p\u00fablico ilimitado 72 h y acceso sin colas.<\/p>\n","protected":false},"author":9,"featured_media":366,"parent":206,"menu_order":0,"comment_status":"closed","ping_status":"closed","template":"","meta":{"_acf_changed":false,"footnotes":"","button_url":"https:\/\/www.getyourguide.com\/rome-l33\/roma-pass-official-city-card-with-transportation-t68896\/?partner_id=1URQJZP&utm_medium=online_publisher","ms_product_id":"","ms_product_name":"","ms_price":"","ms_currency":"","ms_rating_value":"","ms_review_count":"","rank_math_title":"Roma Pass: la forma m\u00e1s sencilla de ver lo mejor de Roma","rank_math_description":"Ahorra tiempo y dinero con la Roma Pass. Incluye entrada a 1 o 2 monumentos destacados, transporte p\u00fablico ilimitado y descuentos en m\u00e1s de 50 atracciones de Roma."},"post-style":[],"producer":[36],"class_list":["post-211","page","type-page","status-publish","has-post-thumbnail"],"acf":[],"product_schema":{"ms_product_id":"","ms_product_name":"","ms_price":"","ms_currency":"","ms_rating_value":"","ms_review_count":""},"_links":{"self":[{"href":"https:\/\/www.rome.info\/es\/wp-json\/wp\/v2\/pages\/211","targetHints":{"allow":["GET"]}}],"collection":[{"href":"https:\/\/www.rome.info\/es\/wp-json\/wp\/v2\/pages"}],"about":[{"href":"https:\/\/www.rome.info\/es\/wp-json\/wp\/v2\/types\/page"}],"author":[{"embeddable":true,"href":"https:\/\/www.rome.info\/es\/wp-json\/wp\/v2\/users\/9"}],"replies":[{"embeddable":true,"href":"https:\/\/www.rome.info\/es\/wp-json\/wp\/v2\/comments?post=211"}],"version-history":[{"count":3,"href":"https:\/\/www.rome.info\/es\/wp-json\/wp\/v2\/pages\/211\/revisions"}],"predecessor-version":[{"id":584,"href":"https:\/\/www.rome.info\/es\/wp-json\/wp\/v2\/pages\/211\/revisions\/584"}],"up":[{"embeddable":true,"href":"https:\/\/www.rome.info\/es\/wp-json\/wp\/v2\/pages\/206"}],"wp:featuredmedia":[{"embeddable":true,"href":"https:\/\/www.rome.info\/es\/wp-json\/wp\/v2\/media\/366"}],"wp:attachment":[{"href":"https:\/\/www.rome.info\/es\/wp-json\/wp\/v2\/media?parent=211"}],"wp:term":[{"taxonomy":"post-style","embeddable":true,"href":"https:\/\/www.rome.info\/es\/wp-json\/wp\/v2\/post-style?post=211"},{"taxonomy":"producer","embeddable":true,"href":"https:\/\/www.rome.info\/es\/wp-json\/wp\/v2\/producer?post=211"}],"curies":[{"name":"wp","href":"https:\/\/api.w.org\/{rel}","templated":true}]}}