{"id":209,"date":"2026-04-24T06:55:19","date_gmt":"2026-04-24T06:55:19","guid":{"rendered":"https:\/\/www.rome.info\/es\/?page_id=209"},"modified":"2026-04-24T09:48:27","modified_gmt":"2026-04-24T09:48:27","slug":"aeropuerto","status":"publish","type":"page","link":"https:\/\/www.rome.info\/es\/aeropuerto\/","title":{"rendered":"Aeropuertos en Roma"},"content":{"rendered":"\n<p class=\"is-style-lead\">Roma cuenta con dos aeropuertos: el Aeropuerto Internacional Leonardo da Vinci (FCO) y el Aeropuerto Giovanni Battista Pastine, tambi\u00e9n conocido como Ciampino (CIA). Entre los dos atienden a m\u00e1s de 40 millones de pasajeros al a\u00f1o.&nbsp;<\/p>\n\n\n\n<p>A continuaci\u00f3n encontrar\u00e1s una descripci\u00f3n general de los dos aeropuertos de Roma que deber\u00eda ayudarte a entender las diferencias entre ambos y elegir a cu\u00e1l llegar en tu <a href=\"https:\/\/www.rome.info\/plan\/\">visita a Roma<\/a>. Visita nuestras p\u00e1ginas dedicadas al <a href=\"https:\/\/www.rome.info\/es\/aeropuerto\/fiumicino\/\">aeropuerto de Fiumicino<\/a> y al <a href=\"https:\/\/www.rome.info\/es\/aeropuerto\/ciampino\/\">aeropuerto de Ciampino<\/a> para gu\u00edas m\u00e1s detalladas.<\/p>\n\n\n\n<h2 class=\"wp-block-heading\">Aeropuerto de Fiumicino (FCO)<\/h2>\n\n\n<figure>\n                    <div class=\"ms-credits\"><img decoding=\"async\" class=\"gb-image gb-image-7a441ad1\" src=\"https:\/\/www.rome.info\/wp-content\/uploads\/f-fiumicino-airport-sign.jpg\"><span class='ms-credits__info' id='media949'><svg xmlns=\"http:\/\/www.w3.org\/2000\/svg\" width=\"20\" height=\"22\" fill=\"#000000\" viewBox=\"0 0 256 256\"><path d=\"M128,24A104,104,0,1,0,232,128,104.11,104.11,0,0,0,128,24Zm0,192a88,88,0,1,1,88-88A88.1,88.1,0,0,1,128,216ZM96,128a32,32,0,0,0,57.6,19.2,8,8,0,0,1,12.8,9.61,48,48,0,1,1,0-57.62,8,8,0,0,1-12.8,9.61A32,32,0,0,0,96,128Z\"><\/path><\/svg><a href=https:\/\/depositphotos.com\/472745350\/stock-photo-commercial-plane-landing-reflecting-in.html rel='nofollow' target='_blank'>Depositphotos<\/a><\/span><span class='ms-credits__btn' id='btn_media949' onclick='ms_credits_trigger(\"#media949\", this)'><svg xmlns=\"http:\/\/www.w3.org\/2000\/svg\" class=\"info_icon\" width=\"28\" height=\"28\" fill=\"#FFF\" viewBox=\"0 0 256 256\"><path d=\"M128,24A104,104,0,1,0,232,128,104.11,104.11,0,0,0,128,24Zm0,192a88,88,0,1,1,88-88A88.1,88.1,0,0,1,128,216Zm16-40a8,8,0,0,1-8,8,16,16,0,0,1-16-16V128a8,8,0,0,1,0-16,16,16,0,0,1,16,16v40A8,8,0,0,1,144,176ZM112,84a12,12,0,1,1,12,12A12,12,0,0,1,112,84Z\"><\/path><\/svg><svg xmlns=\"http:\/\/www.w3.org\/2000\/svg\" class=\"close_icon\" width=\"28\" height=\"28\" fill=\"#FFF\" viewBox=\"0 0 256 256\"><path d=\"M165.66,101.66,139.31,128l26.35,26.34a8,8,0,0,1-11.32,11.32L128,139.31l-26.34,26.35a8,8,0,0,1-11.32-11.32L116.69,128,90.34,101.66a8,8,0,0,1,11.32-11.32L128,116.69l26.34-26.35a8,8,0,0,1,11.32,11.32ZM232,128A104,104,0,1,1,128,24,104.11,104.11,0,0,1,232,128Zm-16,0a88,88,0,1,0-88,88A88.1,88.1,0,0,0,216,128Z\"><\/path><\/svg><\/span><\/div><\/figure>\n\n\n<p>El Aeropuerto Internacional Leonardo da Vinci, tambi\u00e9n conocido como Fiumicino, es el aeropuerto principal de Roma. Cuenta con todos los servicios e instalaciones que se esperan de un gran aeropuerto internacional, lo que hace que tu paso por \u00e9l sea lo m\u00e1s fluido y c\u00f3modo posible.<\/p>\n\n\n\n<p>Abierto las 24 horas, sin embargo, te recomendamos llegar durante el d\u00eda, ya que los servicios y las <a href=\"https:\/\/www.rome.info\/es\/transporte\/\">opciones de transporte<\/a> son m\u00e1s limitados durante la noche.<\/p>\n\n\n\n<p>El aeropuerto consta de cuatro terminales, aunque solo dos est\u00e1n en funcionamiento en este momento: las Terminales 1 y 3. Aqu\u00ed operan tanto vuelos nacionales como internacionales.<\/p>\n\n\n\n<p>Las instalaciones y servicios del aeropuerto incluyen cajeros autom\u00e1ticos y mostradores de cambio de divisas en ambas terminales, as\u00ed como \u00fatiles puntos de informaci\u00f3n repartidos por todo el recinto.<\/p>\n\n\n\n<p>En la Terminal 3 hay una farmacia, y la asistencia de primeros auxilios las 24 horas est\u00e1 disponible para todos los pasajeros si es necesario. La consigna de equipaje se encuentra en las Llegadas de la Terminal 3. El aeropuerto tambi\u00e9n est\u00e1 equipado con WiFi gratuito e ilimitado en todas las \u00e1reas.<\/p>\n\n\n\n<p>En las zonas de embarque, el aeropuerto ofrece una buena selecci\u00f3n de oportunidades para compras de \u00faltima hora: marcas de moda italiana y tiendas gourmet, art\u00edculos de cuero y todo lo que te hayas perdido mientras te concentrabas en el arte y la cultura de Roma.<\/p>\n\n\n\n<p>Tambi\u00e9n hay muchos restaurantes disponibles, incluido el gourmet Eataly, pero tambi\u00e9n opciones de comida r\u00e1pida abiertas las 24 horas.<\/p>\n\n\n\n<p>Para las escalas, hay tres opciones cercanas disponibles: el Hotel HelloSky, ubicado dentro del aeropuerto; el m\u00e1s exclusivo Hilton Hotel, accesible a pie; o el Hotel Hilton Garden Inn, al que se puede llegar en autob\u00fas lanzadera. El aeropuerto tambi\u00e9n cuenta con una variedad de confortables salas de espera, muchas de las cuales ahora se pueden acceder pagando una tarifa el mismo d\u00eda.<\/p>\n\n\n\n<h2 class=\"wp-block-heading\">Aeropuerto de Ciampino (CIA)<\/h2>\n\n\n<figure>\n                    <div class=\"ms-credits\"><img decoding=\"async\" class=\"gb-image gb-image-5613de67\" src=\"https:\/\/www.rome.info\/wp-content\/uploads\/f-ciampino-airport.jpg\"><span class='ms-credits__info' id='media951'><svg xmlns=\"http:\/\/www.w3.org\/2000\/svg\" width=\"20\" height=\"22\" fill=\"#000000\" viewBox=\"0 0 256 256\"><path d=\"M128,24A104,104,0,1,0,232,128,104.11,104.11,0,0,0,128,24Zm0,192a88,88,0,1,1,88-88A88.1,88.1,0,0,1,128,216ZM96,128a32,32,0,0,0,57.6,19.2,8,8,0,0,1,12.8,9.61,48,48,0,1,1,0-57.62,8,8,0,0,1-12.8,9.61A32,32,0,0,0,96,128Z\"><\/path><\/svg><a href=https:\/\/depositphotos.com\/359151104\/stock-photo-rome-italy-september-2017-ciampino.html rel='nofollow' target='_blank'>Depositphotos<\/a><\/span><span class='ms-credits__btn' id='btn_media951' onclick='ms_credits_trigger(\"#media951\", this)'><svg xmlns=\"http:\/\/www.w3.org\/2000\/svg\" class=\"info_icon\" width=\"28\" height=\"28\" fill=\"#FFF\" viewBox=\"0 0 256 256\"><path d=\"M128,24A104,104,0,1,0,232,128,104.11,104.11,0,0,0,128,24Zm0,192a88,88,0,1,1,88-88A88.1,88.1,0,0,1,128,216Zm16-40a8,8,0,0,1-8,8,16,16,0,0,1-16-16V128a8,8,0,0,1,0-16,16,16,0,0,1,16,16v40A8,8,0,0,1,144,176ZM112,84a12,12,0,1,1,12,12A12,12,0,0,1,112,84Z\"><\/path><\/svg><svg xmlns=\"http:\/\/www.w3.org\/2000\/svg\" class=\"close_icon\" width=\"28\" height=\"28\" fill=\"#FFF\" viewBox=\"0 0 256 256\"><path d=\"M165.66,101.66,139.31,128l26.35,26.34a8,8,0,0,1-11.32,11.32L128,139.31l-26.34,26.35a8,8,0,0,1-11.32-11.32L116.69,128,90.34,101.66a8,8,0,0,1,11.32-11.32L128,116.69l26.34-26.35a8,8,0,0,1,11.32,11.32ZM232,128A104,104,0,1,1,128,24,104.11,104.11,0,0,1,232,128Zm-16,0a88,88,0,1,0-88,88A88.1,88.1,0,0,0,216,128Z\"><\/path><\/svg><\/span><\/div><\/figure>\n\n\n<p>El aeropuerto de Ciampino es el aeropuerto secundario de Roma. Es mucho m\u00e1s peque\u00f1o que el FCO y, por tanto, tiene una selecci\u00f3n m\u00e1s limitada de servicios e instalaciones. Sin embargo, lo que le falta en comodidad y opciones lo compensa en simplicidad y proximidad al centro de la ciudad.&nbsp;<\/p>\n\n\n\n<p>Ciampino puede ser m\u00e1s limitado, pero sigue contando con todos los servicios esenciales, como cajeros autom\u00e1ticos, cambio de divisas, puntos de informaci\u00f3n tur\u00edstica y asistencia m\u00e9dica las 24 horas. El aeropuerto de Ciampino ofrece el mismo servicio de WiFi gratuito que Fiumicino.<\/p>\n\n\n\n<p>Las opciones de compras son limitadas, pero hay una tienda de art\u00edculos libres de impuestos, dos WH Smiths y una farmacia sin receta. No esperes nada gourmet en las opciones de comida; son principalmente bocadillos, cafeter\u00edas y comida r\u00e1pida, pero definitivamente no pasar\u00e1s hambre antes del vuelo.<\/p>\n\n\n\n<p>Ciampino solo tiene una terminal, y cierra todos los d\u00edas de 00:00 a 4:30, por lo que las estancias nocturnas no son posibles. Para las escalas, hay una selecci\u00f3n de hoteles cercanos, aunque solo algunos tienen lanzaderas al aeropuerto, y tendr\u00e1s que organizarlas de antemano y pagarlas.&nbsp;<\/p>\n\n\n\n<h2 class=\"wp-block-heading\">\u00bfA qu\u00e9 aeropuerto deber\u00eda volar?<\/h2>\n\n\n<figure>\n                    <div class=\"ms-credits\"><img decoding=\"async\" class=\"gb-image gb-image-fdfdffe8\" src=\"https:\/\/www.rome.info\/wp-content\/uploads\/f-arrivals-departures.jpg\"><span class='ms-credits__info' id='media952'><svg xmlns=\"http:\/\/www.w3.org\/2000\/svg\" width=\"20\" height=\"22\" fill=\"#000000\" viewBox=\"0 0 256 256\"><path d=\"M128,24A104,104,0,1,0,232,128,104.11,104.11,0,0,0,128,24Zm0,192a88,88,0,1,1,88-88A88.1,88.1,0,0,1,128,216ZM96,128a32,32,0,0,0,57.6,19.2,8,8,0,0,1,12.8,9.61,48,48,0,1,1,0-57.62,8,8,0,0,1-12.8,9.61A32,32,0,0,0,96,128Z\"><\/path><\/svg><a href=https:\/\/depositphotos.com\/13126672\/stock-photo-airport.html rel='nofollow' target='_blank'>Depositphotos<\/a><\/span><span class='ms-credits__btn' id='btn_media952' onclick='ms_credits_trigger(\"#media952\", this)'><svg xmlns=\"http:\/\/www.w3.org\/2000\/svg\" class=\"info_icon\" width=\"28\" height=\"28\" fill=\"#FFF\" viewBox=\"0 0 256 256\"><path d=\"M128,24A104,104,0,1,0,232,128,104.11,104.11,0,0,0,128,24Zm0,192a88,88,0,1,1,88-88A88.1,88.1,0,0,1,128,216Zm16-40a8,8,0,0,1-8,8,16,16,0,0,1-16-16V128a8,8,0,0,1,0-16,16,16,0,0,1,16,16v40A8,8,0,0,1,144,176ZM112,84a12,12,0,1,1,12,12A12,12,0,0,1,112,84Z\"><\/path><\/svg><svg xmlns=\"http:\/\/www.w3.org\/2000\/svg\" class=\"close_icon\" width=\"28\" height=\"28\" fill=\"#FFF\" viewBox=\"0 0 256 256\"><path d=\"M165.66,101.66,139.31,128l26.35,26.34a8,8,0,0,1-11.32,11.32L128,139.31l-26.34,26.35a8,8,0,0,1-11.32-11.32L116.69,128,90.34,101.66a8,8,0,0,1,11.32-11.32L128,116.69l26.34-26.35a8,8,0,0,1,11.32,11.32ZM232,128A104,104,0,1,1,128,24,104.11,104.11,0,0,1,232,128Zm-16,0a88,88,0,1,0-88,88A88.1,88.1,0,0,0,216,128Z\"><\/path><\/svg><\/span><\/div><\/figure>\n\n\n<p>Solo dos aerol\u00edneas de bajo coste, Wizzair y Ryanair, operan desde Ciampino, pero vuelan a m\u00e1s de 50 pa\u00edses. Lo m\u00e1s probable es que, si coges un vuelo de bajo coste desde dentro de Europa, vueles a Ciampino.<\/p>\n\n\n\n<p>Fiumicino vuela a todos los destinos internacionales y no pertenecientes al espacio Schengen, as\u00ed como a destinos nacionales y Schengen. Algunas aerol\u00edneas de bajo coste tambi\u00e9n operan desde all\u00ed, as\u00ed que si no te sientes c\u00f3modo volando a Ciampino, siempre tienes la opci\u00f3n.<\/p>\n\n\n\n<h2 class=\"wp-block-heading\">Transporte<\/h2>\n\n\n\n<p>Fiumicino est\u00e1 a aproximadamente 30 km de Roma y Ciampino a la mitad, aunque ambos aeropuertos ofrecen conexiones con el centro de la ciudad. Fiumicino puede estar m\u00e1s lejos, pero tiene muchas m\u00e1s opciones para llegar al centro, aunque si coges un taxi, pagar\u00e1s mucho menos desde Ciampino.&nbsp;<\/p>\n\n\n\n<p>Consulta nuestra <a href=\"https:\/\/www.rome.info\/es\/aeropuerto\/traslado\/\">p\u00e1gina de traslados desde el aeropuerto<\/a> para m\u00e1s informaci\u00f3n sobre este tema.<\/p>\n","protected":false},"excerpt":{"rendered":"","protected":false},"author":9,"featured_media":364,"parent":0,"menu_order":0,"comment_status":"closed","ping_status":"closed","template":"","meta":{"_acf_changed":false,"footnotes":"","button_url":"https:\/\/www.tiqets.com\/es\/rome-attractions-c71631\/?partner=romeinfo","ms_product_id":"","ms_product_name":"","ms_price":"","ms_currency":"","ms_rating_value":"","ms_review_count":"","rank_math_title":"Aeropuertos de Roma: compara Fiumicino (FCO) y Ciampino (CIA)","rank_math_description":"\u00bfQu\u00e9 aeropuerto de Roma se adapta mejor a tus planes? Descubre las diferencias clave en ubicaci\u00f3n, servicios y traslados. Consejos r\u00e1pidos para elegir el que m\u00e1s te conviene."},"post-style":[],"producer":[36],"class_list":["post-209","page","type-page","status-publish","has-post-thumbnail"],"acf":[],"product_schema":{"ms_product_id":"","ms_product_name":"","ms_price":"","ms_currency":"","ms_rating_value":"","ms_review_count":""},"_links":{"self":[{"href":"https:\/\/www.rome.info\/es\/wp-json\/wp\/v2\/pages\/209","targetHints":{"allow":["GET"]}}],"collection":[{"href":"https:\/\/www.rome.info\/es\/wp-json\/wp\/v2\/pages"}],"about":[{"href":"https:\/\/www.rome.info\/es\/wp-json\/wp\/v2\/types\/page"}],"author":[{"embeddable":true,"href":"https:\/\/www.rome.info\/es\/wp-json\/wp\/v2\/users\/9"}],"replies":[{"embeddable":true,"href":"https:\/\/www.rome.info\/es\/wp-json\/wp\/v2\/comments?post=209"}],"version-history":[{"count":1,"href":"https:\/\/www.rome.info\/es\/wp-json\/wp\/v2\/pages\/209\/revisions"}],"predecessor-version":[{"id":262,"href":"https:\/\/www.rome.info\/es\/wp-json\/wp\/v2\/pages\/209\/revisions\/262"}],"wp:featuredmedia":[{"embeddable":true,"href":"https:\/\/www.rome.info\/es\/wp-json\/wp\/v2\/media\/364"}],"wp:attachment":[{"href":"https:\/\/www.rome.info\/es\/wp-json\/wp\/v2\/media?parent=209"}],"wp:term":[{"taxonomy":"post-style","embeddable":true,"href":"https:\/\/www.rome.info\/es\/wp-json\/wp\/v2\/post-style?post=209"},{"taxonomy":"producer","embeddable":true,"href":"https:\/\/www.rome.info\/es\/wp-json\/wp\/v2\/producer?post=209"}],"curies":[{"name":"wp","href":"https:\/\/api.w.org\/{rel}","templated":true}]}}