{"id":206,"date":"2026-04-24T06:55:14","date_gmt":"2026-04-24T06:55:14","guid":{"rendered":"https:\/\/www.rome.info\/es\/?page_id=206"},"modified":"2026-04-24T10:19:22","modified_gmt":"2026-04-24T10:19:22","slug":"pases-turisticos","status":"publish","type":"page","link":"https:\/\/www.rome.info\/es\/pases-turisticos\/","title":{"rendered":"Tarjetas y pases tur\u00edsticos de Roma"},"content":{"rendered":"\n<p class=\"is-style-lead\">Roma recibe millones de visitantes cada a\u00f1o. Como es de esperar, las <a href=\"https:\/\/www.rome.info\/es\/atracciones\/\">atracciones tur\u00edsticas de la ciudad<\/a> suelen estar muy concurridas y tienen colas enormes, sobre todo en temporada alta.<\/p>\n\n\n\n<div class=\"ms-rounded ms-mb-last-child-0 ms-mb-block ms-tfs--contrast ms-p ms-tfs\">\n<h3 class=\"gb-text\">\u00bfNo sabes qu\u00e9 pase elegir?<\/h3>\n\n\n\n<p class=\"gb-text\">Compara los 6 pases tur\u00edsticos de Roma entre s\u00ed: atracciones incluidas y cu\u00e1l te ahorra m\u00e1s dinero.<\/p>\n\n\n\n<p class=\"gb-text\"><a href=\"https:\/\/www.rome.info\/es\/pases-turisticos\/comparativa\/\" data-type=\"link\" data-id=\"https:\/\/www.rome.info\/es\/pases-turisticos\/comparativa\/\">Ver la gu\u00eda de comparaci\u00f3n completa \u2192<\/a><\/p>\n<\/div>\n\n\n\n<h2 class=\"gb-text ms-text-context ms-text-lg\">Pases tur\u00edsticos<\/h2>\n\n\n\n<hr class=\"wp-block-separator has-alpha-channel-opacity\"\/>\n\n\n\n<div class=\"ms-mb-block\"><div class=\"ms-card-looper\">\n<div class=\"gb-loop-item post-210 page type-page status-publish has-post-thumbnail\">\n<div class=\"ms-card-h ms-card\">\n<aside class=\"gb-element-59385eea\">\n<img decoding=\"async\" alt=\"\" data-media-id=\"365\" class=\"ms-rounded ms-card-h__image ms-card__image\" src=\"https:\/\/www.rome.info\/wp-content\/uploads\/rome-tourist-card-1754904695-768x432.jpg\"\/>\n<\/aside>\n\n\n\n<header class=\"ms-p-sm\">\n<h2 class=\"gb-text ms-text-lg ms-card-h__title ms-container-link ms-link-unstyled\"><a href=\"https:\/\/www.rome.info\/es\/pases-turisticos\/rome-tourist-card\/\">Rome Tourist Card<\/a><\/h2>\n\n\n\n<p class=\"gb-text ms-text-sm ms-mb-0 ms-card-h__excerpt\">Salta las colas en el Coliseo, los Museos Vaticanos, el Pante\u00f3n, la Bas\u00edlica de San Pedro y m\u00e1s, con audiogu\u00eda de la ciudad incluida.<\/p>\n<\/header>\n<\/div>\n<\/div>\n\n<div class=\"gb-loop-item post-211 page type-page status-publish has-post-thumbnail\">\n<div class=\"ms-card-h ms-card\">\n<aside class=\"gb-element-59385eea\">\n<img decoding=\"async\" alt=\"\" data-media-id=\"366\" class=\"ms-rounded ms-card-h__image ms-card__image\" src=\"https:\/\/www.rome.info\/wp-content\/uploads\/roma-pass-1754904693-768x432.jpg\"\/>\n<\/aside>\n\n\n\n<header class=\"ms-p-sm\">\n<h2 class=\"gb-text ms-text-lg ms-card-h__title ms-container-link ms-link-unstyled\"><a href=\"https:\/\/www.rome.info\/es\/pases-turisticos\/roma-pass\/\">Roma Pass<\/a><\/h2>\n\n\n\n<p class=\"gb-text ms-text-sm ms-mb-0 ms-card-h__excerpt\">Entrada gratuita a 1 o 2 atracciones principales, transporte p\u00fablico ilimitado 72 h y acceso sin colas.<\/p>\n<\/header>\n<\/div>\n<\/div>\n\n<div class=\"gb-loop-item post-212 page type-page status-publish has-post-thumbnail\">\n<div class=\"ms-card-h ms-card\">\n<aside class=\"gb-element-59385eea\">\n<img decoding=\"async\" alt=\"\" data-media-id=\"367\" class=\"ms-rounded ms-card-h__image ms-card__image\" src=\"https:\/\/www.rome.info\/wp-content\/uploads\/go-city-rome-explorer-pass-1769200840-768x432.jpg\"\/>\n<\/aside>\n\n\n\n<header class=\"ms-p-sm\">\n<h2 class=\"gb-text ms-text-lg ms-card-h__title ms-container-link ms-link-unstyled\"><a href=\"https:\/\/www.rome.info\/es\/pases-turisticos\/rome-explorer-pass\/\">Go City: Rome Explorer Pass<\/a><\/h2>\n\n\n\n<p class=\"gb-text ms-text-sm ms-mb-0 ms-card-h__excerpt\">Elige de 2 a 7 atracciones entre m\u00e1s de 40 opciones: Coliseo, Museos Vaticanos y m\u00e1s, v\u00e1lido 30 d\u00edas desde la activaci\u00f3n.<\/p>\n<\/header>\n<\/div>\n<\/div>\n\n<div class=\"gb-loop-item post-213 page type-page status-publish has-post-thumbnail\">\n<div class=\"ms-card-h ms-card\">\n<aside class=\"gb-element-59385eea\">\n<img decoding=\"async\" alt=\"\" data-media-id=\"368\" class=\"ms-rounded ms-card-h__image ms-card__image\" src=\"https:\/\/www.rome.info\/wp-content\/uploads\/vatican-city-pass-1747300138-768x432.jpg\"\/>\n<\/aside>\n\n\n\n<header class=\"ms-p-sm\">\n<h2 class=\"gb-text ms-text-lg ms-card-h__title ms-container-link ms-link-unstyled\"><a href=\"https:\/\/www.rome.info\/es\/pases-turisticos\/vatican-city-pass\/\">Vatican City Pass<\/a><\/h2>\n\n\n\n<p class=\"gb-text ms-text-sm ms-mb-0 ms-card-h__excerpt\">Entrada sin colas y tours guiados a los principales lugares del Vaticano, m\u00e1s audiogu\u00eda de la ciudad incluida.<\/p>\n<\/header>\n<\/div>\n<\/div>\n\n<div class=\"gb-loop-item post-214 page type-page status-publish has-post-thumbnail\">\n<div class=\"ms-card-h ms-card\">\n<aside class=\"gb-element-59385eea\">\n<img decoding=\"async\" alt=\"\" data-media-id=\"369\" class=\"ms-rounded ms-card-h__image ms-card__image\" src=\"https:\/\/www.rome.info\/wp-content\/uploads\/turbopass-rome-1-1769540133-768x432.jpg\"\/>\n<\/aside>\n\n\n\n<header class=\"ms-p-sm\">\n<h2 class=\"gb-text ms-text-lg ms-card-h__title ms-container-link ms-link-unstyled\"><a href=\"https:\/\/www.rome.info\/es\/pases-turisticos\/turbopass\/\">Turbopass Roma<\/a><\/h2>\n\n\n\n<p class=\"gb-text ms-text-sm ms-mb-0 ms-card-h__excerpt\">Acceso a m\u00e1s de 20 atracciones incluido el Pante\u00f3n y Castel Sant&#8217;Angelo, m\u00e1s 48 horas de autob\u00fas hop-on hop-off y tours guiados.<\/p>\n<\/header>\n<\/div>\n<\/div>\n\n<div class=\"gb-loop-item post-216 page type-page status-publish has-post-thumbnail\">\n<div class=\"ms-card-h ms-card\">\n<aside class=\"gb-element-59385eea\">\n<img decoding=\"async\" alt=\"\" data-media-id=\"371\" class=\"ms-rounded ms-card-h__image ms-card__image\" src=\"https:\/\/www.rome.info\/wp-content\/uploads\/omnia-card-1754973489-768x432.jpg\"\/>\n<\/aside>\n\n\n\n<header class=\"ms-p-sm\">\n<h2 class=\"gb-text ms-text-lg ms-card-h__title ms-container-link ms-link-unstyled\"><a href=\"https:\/\/www.rome.info\/es\/pases-turisticos\/omnia-card\/\">Omnia Card<\/a><\/h2>\n\n\n\n<p class=\"gb-text ms-text-sm ms-mb-0 ms-card-h__excerpt\">Acceso r\u00e1pido al Vaticano, autobuses hop-on hop-off y mucho m\u00e1s: elige 24h o 72h con ventajas adicionales.<\/p>\n<\/header>\n<\/div>\n<\/div>\n<\/div><\/div>\n\n\n\n<p class=\"is-style-lead\">Sin embargo, es posible comprar entradas sin colas que no solo te ahorran tiempo, sino que tambi\u00e9n incluyen visitas gratuitas a museos y otros descuentos importantes. Con una tarjeta de descuento de Roma, puedes tener todas tus entradas listas antes de llegar.<\/p>\n\n\n\n<div class=\"ms-rounded ms-mb-last-child-0 ms-mb-block ms-tfs--contrast ms-p ms-tfs\">\n<h3 class=\"gb-text\">\u00bfBuscas entradas individuales para atracciones?<\/h3>\n\n\n\n<p class=\"gb-text\">Consulta nuestra gu\u00eda completa de atracciones de Roma con el Coliseo, los Museos Vaticanos, la Galer\u00eda Borghese y m\u00e1s.<\/p>\n\n\n\n<p class=\"gb-text\"><a href=\"https:\/\/www.rome.info\/es\/atracciones\/\" data-type=\"link\" data-id=\"https:\/\/www.rome.info\/es\/pases-turisticos\/comparativa\/\">Ver todas las entradas de Roma \u2192<\/a><\/p>\n<\/div>\n","protected":false},"excerpt":{"rendered":"","protected":false},"author":9,"featured_media":0,"parent":0,"menu_order":0,"comment_status":"closed","ping_status":"closed","template":"","meta":{"_acf_changed":false,"footnotes":"","button_url":"https:\/\/www.tiqets.com\/es\/rome-city-cards-l201350\/?partner=romeinfo","ms_product_id":"","ms_product_name":"","ms_price":"","ms_currency":"","ms_rating_value":"","ms_review_count":"","rank_math_title":"Tarjetas tur\u00edsticas de Roma: las 6 mejores en %currentyear%","rank_math_description":"Descubre las mejores tarjetas tur\u00edsticas de Roma en %currentyear%: Rome Tourist Card, Vatican City Pass, Roma Pass, Omnia Card, Go City Rome Explorer Pass y Rome Turbopass. Compara opciones para visitar las principales atracciones y ahorrar tiempo."},"post-style":[],"producer":[],"class_list":["post-206","page","type-page","status-publish","has-post-thumbnail"],"acf":[],"product_schema":{"ms_product_id":"","ms_product_name":"","ms_price":"","ms_currency":"","ms_rating_value":"","ms_review_count":""},"_links":{"self":[{"href":"https:\/\/www.rome.info\/es\/wp-json\/wp\/v2\/pages\/206","targetHints":{"allow":["GET"]}}],"collection":[{"href":"https:\/\/www.rome.info\/es\/wp-json\/wp\/v2\/pages"}],"about":[{"href":"https:\/\/www.rome.info\/es\/wp-json\/wp\/v2\/types\/page"}],"author":[{"embeddable":true,"href":"https:\/\/www.rome.info\/es\/wp-json\/wp\/v2\/users\/9"}],"replies":[{"embeddable":true,"href":"https:\/\/www.rome.info\/es\/wp-json\/wp\/v2\/comments?post=206"}],"version-history":[{"count":4,"href":"https:\/\/www.rome.info\/es\/wp-json\/wp\/v2\/pages\/206\/revisions"}],"predecessor-version":[{"id":482,"href":"https:\/\/www.rome.info\/es\/wp-json\/wp\/v2\/pages\/206\/revisions\/482"}],"wp:attachment":[{"href":"https:\/\/www.rome.info\/es\/wp-json\/wp\/v2\/media?parent=206"}],"wp:term":[{"taxonomy":"post-style","embeddable":true,"href":"https:\/\/www.rome.info\/es\/wp-json\/wp\/v2\/post-style?post=206"},{"taxonomy":"producer","embeddable":true,"href":"https:\/\/www.rome.info\/es\/wp-json\/wp\/v2\/producer?post=206"}],"curies":[{"name":"wp","href":"https:\/\/api.w.org\/{rel}","templated":true}]}}